{"id":9143,"date":"2024-05-31T15:07:18","date_gmt":"2024-05-31T14:07:18","guid":{"rendered":"https:\/\/mitibags.com\/?post_type=product&#038;p=9143"},"modified":"2024-06-13T21:47:20","modified_gmt":"2024-06-13T20:47:20","slug":"circle-porta-moedas-rosa-em-pele","status":"publish","type":"product","link":"https:\/\/mitibags.com\/pt-pt\/product\/carteiras-em-pele\/porta-moedas\/circle-porta-moedas-rosa-em-pele\/","title":{"rendered":"Circle Porta-moedas Rosa em Pele Genu\u00edna"},"content":{"rendered":"<h2>Circle Porta-moedas Rosa em Pele Genu\u00edna<\/h2>\n<p>&nbsp;<\/p>\n<p>Fabricado em It\u00e1lia com a melhor <strong>pele genu\u00edna texturad<\/strong>a, o Circle Porta-moedas Rosa em Pele Genu\u00edna \u00e9 o acess\u00f3rio perfeito para guardar as suas moedas em seguran\u00e7a.<\/p>\n<p>Com <strong>12 cm de di\u00e2metro <\/strong> e ferragens douradas, onde se incluem o fecho zip, utilizado para fechar a mala, assim como a argola que permite prender o Circle Porta-moedas Rosa em Pele Genu\u00edna \u00e0 sua mala e us\u00e1-lo como acess\u00f3rio, facilitando o acesso ao mesmo.<\/p>\n<p>Se adora um <strong>porta-moedas personalizado<\/strong>, n\u00e3o perca a oportunidade de tornar o seu Circle Porta-moedas Rosa em Pele Genu\u00edna \u00fanico, personalizando-o com as suas iniciais ou um dos emojis dispon\u00edveis. Clique no bot\u00e3o personalizar, d\u00ea asas \u00e0 sua criatividade e torne o seu novo acess\u00f3rio para malas \u00fanico.<\/p>\n<p>Procura a mala perfeita para o seu novo porta-moedas? Veja <a href=\"https:\/\/mitibags.com\/bags\/\">aqui<\/a> todos os modelos que temos dispon\u00edveis.<\/p>\n<p>&nbsp;<\/p>\n<p><strong>Tamanho: <\/strong> di\u00e2metro de 12 cm<\/p>\n<p><strong>Material Exterior: <\/strong> Pele Genu\u00edna com Textura Martelada<\/p>\n<p><strong>Material<\/strong> <strong>Interior<\/strong> Pele Genu\u00edna<\/p>\n<p><strong>Cor<\/strong>: Rosa<\/p>\n<p><strong>Cor das Ferragens:<\/strong> Dourado<\/p>\n","protected":false},"excerpt":{"rendered":"<p>Fabricado em It\u00e1lia com utilizando a melhor <strong>pele genu\u00edna texturada<\/strong> e com <strong>12 cm<\/strong> de di\u00e2metro, o nosso Circle Porta-moedas Rosa em Pele Genu\u00edna fecha com um fecho de correr dourado, a mesma cor do resto das ferragens, inclusiv\u00e9 da argola dourada que permite utiliz\u00e1-lo preso \u00e0 sua mala como um acess\u00f3rio. Se procura dar um toque pessoal ao seu porta moedas personalizando-o com as suas iniciais, clique no bot\u00e3o personalizar e escolha como pretende fazer a personaliza\u00e7\u00e3o do seu novo porta-moedas.<\/p>\n","protected":false},"featured_media":9203,"comment_status":"open","ping_status":"closed","template":"","meta":[],"product_brand":[],"product_cat":[90,92],"product_tag":[639,640,248],"class_list":{"0":"post-9143","1":"product","2":"type-product","3":"status-publish","4":"has-post-thumbnail","6":"product_cat-carteiras-em-pele","7":"product_cat-porta-moedas","8":"product_tag-circle-porta-moedas-azulao-em-pele-genuina","9":"product_tag-circle-porta-moedas-azulao-em-pele-genuina-pt-pt","10":"product_tag-porta-moedas","11":"tm-has-options","13":"first","14":"instock","15":"taxable","16":"shipping-taxable","17":"purchasable","18":"product-type-simple"},"_links":{"self":[{"href":"https:\/\/mitibags.com\/pt-pt\/wp-json\/wp\/v2\/product\/9143","targetHints":{"allow":["GET"]}}],"collection":[{"href":"https:\/\/mitibags.com\/pt-pt\/wp-json\/wp\/v2\/product"}],"about":[{"href":"https:\/\/mitibags.com\/pt-pt\/wp-json\/wp\/v2\/types\/product"}],"replies":[{"embeddable":true,"href":"https:\/\/mitibags.com\/pt-pt\/wp-json\/wp\/v2\/comments?post=9143"}],"version-history":[{"count":0,"href":"https:\/\/mitibags.com\/pt-pt\/wp-json\/wp\/v2\/product\/9143\/revisions"}],"wp:featuredmedia":[{"embeddable":true,"href":"https:\/\/mitibags.com\/pt-pt\/wp-json\/wp\/v2\/media\/9203"}],"wp:attachment":[{"href":"https:\/\/mitibags.com\/pt-pt\/wp-json\/wp\/v2\/media?parent=9143"}],"wp:term":[{"taxonomy":"product_brand","embeddable":true,"href":"https:\/\/mitibags.com\/pt-pt\/wp-json\/wp\/v2\/product_brand?post=9143"},{"taxonomy":"product_cat","embeddable":true,"href":"https:\/\/mitibags.com\/pt-pt\/wp-json\/wp\/v2\/product_cat?post=9143"},{"taxonomy":"product_tag","embeddable":true,"href":"https:\/\/mitibags.com\/pt-pt\/wp-json\/wp\/v2\/product_tag?post=9143"}],"curies":[{"name":"wp","href":"https:\/\/api.w.org\/{rel}","templated":true}]}}