{"id":9028,"date":"2024-05-31T00:03:39","date_gmt":"2024-05-30T23:03:39","guid":{"rendered":"https:\/\/mitibags.com\/?post_type=product&#038;p=9028"},"modified":"2024-06-13T21:49:47","modified_gmt":"2024-06-13T20:49:47","slug":"jess-mini-porta-moedas-fuschia-em-pele","status":"publish","type":"product","link":"https:\/\/mitibags.com\/pt-pt\/product\/carteiras-em-pele\/carteiras-em-pele-pt-pt\/jess-mini-porta-moedas-fuschia-em-pele\/","title":{"rendered":"Jess Mini Porta-Moedas Fuschia em Pele"},"content":{"rendered":"<h2>Jess Mini Porta-Moedas Fuschia em Pele<\/h2>\n<p>&nbsp;<\/p>\n<p>Com um <strong>tamanho de 10 cm de largura e 9 cm de altura<\/strong>, este porta moedas fuschia em pele \u00e9 produzido em It\u00e1lia com a melhor <strong>pele genu\u00edna <\/strong> com textura martelada.<\/p>\n<p>A abertura \u00e9 feita atrav\u00e9s de um bot\u00e3o que se encontra por dentro da aba, e no interior pode encontrar 8 espa\u00e7os para cart\u00f5es de tamanho standard e, por baixo de um dos lados, tamb\u00e9m escondido com um bot\u00e3o, encontra-se outro bolso, perfeito para colocar as suas moedas em seguran\u00e7a.<\/p>\n<p>Se adora um p<strong>orta-moedas personalizado<\/strong> temos boas not\u00edcias Com o nosso servi\u00e7o de personaliza\u00e7\u00e3o, pode personalizar a Jess Mini Porta-Moedas Fuschia em Pele com as iniciais do seu nome ou com um dos emojis que temos dispon\u00edveis. Para o fazer clique no bot\u00e3o personalizar e torne a sua carteira preta em pele unicamente sua e feita para si.<\/p>\n<p>Procura uma carteira com um tamanho maior? Veja<a href=\"https:\/\/mitibags.com\/womens-wallets\/\">aqui<\/a> todos os modelos de carteiras que temos dispon\u00edveis.<\/p>\n<p>&nbsp;<\/p>\n<p><strong>Tamanho: <\/strong>10x9x1 cm<\/p>\n<p><strong>Material Exterior: <\/strong> Pele Genu\u00edna com Textura Martelada<\/p>\n<p><strong>Material<\/strong> <strong>interior:<\/strong> Pele genu\u00edna textura martelada<\/p>\n<p><strong>Cor:<\/strong> Fuschia<\/p>\n<p><strong>Cor das Ferragens:<\/strong> Dourado<\/p>\n","protected":false},"excerpt":{"rendered":"<p>Fabricada em <strong>pele genu\u00edna com textura martelada no exterior e interior<\/strong> e com um tamanho de <strong>10 cm de largura e 8 cm de altura<\/strong>, na nossa Jess Mini Porta-Moedas Fuschia em Pele Genu\u00edna pode encontrar <strong>5 espa\u00e7os para cart\u00f5es<\/strong> assim como uma pequena bolsa para moedas. A abertura \u00e9 feito atrav\u00e9s de um bot\u00e3o que se encontra na aba e o acesso ao bolso oculto para moedas tamb\u00e9m \u00e9 feito com um fecho de bot\u00e3o. Se procura dar um toque pessoal ao seu porta moedas personalizando-o com as suas iniciais, clique no bot\u00e3o personalizar e escolha como pretende fazer a personaliza\u00e7\u00e3o do seu novo porta-moedas fuschia.<\/p>\n","protected":false},"featured_media":8973,"comment_status":"open","ping_status":"closed","template":"","meta":[],"product_brand":[],"product_cat":[93,90],"product_tag":[127,649,650],"class_list":{"0":"post-9028","1":"product","2":"type-product","3":"status-publish","4":"has-post-thumbnail","6":"product_cat-carteiras-em-pele-pt-pt","7":"product_cat-carteiras-em-pele","8":"product_tag-carteiras","9":"product_tag-jess-mini-porta-moedas-fuschia-em-pele","10":"product_tag-mini-porta-moedas-fuschia-em-pele","11":"tm-has-options","13":"first","14":"instock","15":"taxable","16":"shipping-taxable","17":"purchasable","18":"product-type-simple"},"_links":{"self":[{"href":"https:\/\/mitibags.com\/pt-pt\/wp-json\/wp\/v2\/product\/9028","targetHints":{"allow":["GET"]}}],"collection":[{"href":"https:\/\/mitibags.com\/pt-pt\/wp-json\/wp\/v2\/product"}],"about":[{"href":"https:\/\/mitibags.com\/pt-pt\/wp-json\/wp\/v2\/types\/product"}],"replies":[{"embeddable":true,"href":"https:\/\/mitibags.com\/pt-pt\/wp-json\/wp\/v2\/comments?post=9028"}],"version-history":[{"count":0,"href":"https:\/\/mitibags.com\/pt-pt\/wp-json\/wp\/v2\/product\/9028\/revisions"}],"wp:featuredmedia":[{"embeddable":true,"href":"https:\/\/mitibags.com\/pt-pt\/wp-json\/wp\/v2\/media\/8973"}],"wp:attachment":[{"href":"https:\/\/mitibags.com\/pt-pt\/wp-json\/wp\/v2\/media?parent=9028"}],"wp:term":[{"taxonomy":"product_brand","embeddable":true,"href":"https:\/\/mitibags.com\/pt-pt\/wp-json\/wp\/v2\/product_brand?post=9028"},{"taxonomy":"product_cat","embeddable":true,"href":"https:\/\/mitibags.com\/pt-pt\/wp-json\/wp\/v2\/product_cat?post=9028"},{"taxonomy":"product_tag","embeddable":true,"href":"https:\/\/mitibags.com\/pt-pt\/wp-json\/wp\/v2\/product_tag?post=9028"}],"curies":[{"name":"wp","href":"https:\/\/api.w.org\/{rel}","templated":true}]}}