{"id":8878,"date":"2024-05-30T22:01:12","date_gmt":"2024-05-30T21:01:12","guid":{"rendered":"https:\/\/mitibags.com\/?post_type=product&#038;p=8878"},"modified":"2024-06-13T21:52:52","modified_gmt":"2024-06-13T20:52:52","slug":"double-carteira-camel-em-pele","status":"publish","type":"product","link":"https:\/\/mitibags.com\/pt-pt\/product\/carteiras-em-pele\/carteiras-em-pele-pt-pt\/double-carteira-camel-em-pele\/","title":{"rendered":"Double Carteira Camel em Pele"},"content":{"rendered":"<h2>Double Carteira Camel em Pele<\/h2>\n<p>&nbsp;<\/p>\n<p>A nossa Double Carteira Camel em Pele, produzida em It\u00e1lia com a melhor <strong>pele genu\u00edna <\/strong><\/p>\n<p>tem o tamanho de <strong>19cm de largura x 10 cm de altura<\/strong> e o fecho \u00e9 feito atrav\u00e9s de <strong>dois fechos zip<\/strong> que d\u00e3o acesso a dois lados diferentes da sua carteira. O interior, tamb\u00e9m em pele genu\u00edna, encontra-se dividido em dois compartimentos, sendo um dos lados dividido em 3 partes, 8 espa\u00e7os para cart\u00f5es e um bolso no meio com fecho zip, perfeito para guardar as suas moedas em seguran\u00e7a. Al\u00e9m dos espa\u00e7os para cart\u00f5es, existem ainda 2 bolsos maiores, no caso sem fecho zip, pra guardar outro tipo de documentos ou notas. No outro lado pode encontrar mais 6 espa\u00e7os para cart\u00f5es e outros 2 bolsos maiores.<\/p>\n<p>Se adora uma <strong>carteira personalizada<\/strong>, temos boas not\u00edcias: a Double Carteira Camel em Pele pode ser personalizada com as iniciais do seu nome ou com um dos emojis que temos dispon\u00edveis. Clique no bot\u00e3o personalizar, d\u00ea asas \u00e0 sua criatividade e torne a sua carteira \u00fanica e feita especialmente para si.<\/p>\n<p>Procuras uma carteira de pele mas com um tamanho mais pequeno? Veja <a href=\"https:\/\/mitibags.com\/carteiras\/\">aqui<\/a> tudo o que prepar\u00e1mos para si, temos a certeza que ir\u00e1 encontrar exatamente o que procura.<\/p>\n<p>&nbsp;<\/p>\n<p><strong>Tamanho: <\/strong>19x10x3 cm<\/p>\n<p><strong>Material exterior:<\/strong>Pele genu\u00edna texturada<\/p>\n<p><strong>Material<\/strong> <strong>Interior<\/strong> Pele Genu\u00edna<\/p>\n<p><strong>Cor:<\/strong> Camel<\/p>\n<p><strong>Cor das ferragens: <\/strong>Prateado<\/p>\n","protected":false},"excerpt":{"rendered":"<p>Produzida com uma bonita <strong>pele martelada<\/strong> <strong>no exterior<\/strong> e com um tamanho de <strong>19 cm de comprimento e 10 cm de altura,<\/strong> a nossa Double Carteira Camel em Pele encontra-se dividida em 2 compartimentos com fecho que d\u00e3o acesso a 2 partes diferentes da carteira &#8211; uma com 3 divis\u00f5es, a do meio com fecho e as outras 2 com 8 espa\u00e7os para cart\u00f5es, e a outra divis\u00e3o com mais 6 espa\u00e7os para cart\u00f5es e dois bolsos maiores dinheiro ou documentos. Se procura dar um toque pessoal ao seu porta moedas personalizando-o com as suas iniciais, clique no bot\u00e3o personalizar e escolha como pretende fazer a personaliza\u00e7\u00e3o do seu novo porta-moedas.<\/p>\n","protected":false},"featured_media":8864,"comment_status":"open","ping_status":"closed","template":"","meta":[],"product_brand":[],"product_cat":[90,93],"product_tag":[127,661,662],"class_list":{"0":"post-8878","1":"product","2":"type-product","3":"status-publish","4":"has-post-thumbnail","6":"product_cat-carteiras-em-pele","7":"product_cat-carteiras-em-pele-pt-pt","8":"product_tag-carteiras","9":"product_tag-double-carteira-camel-em-pele","10":"product_tag-double-carteira-camel-em-pele-pt-pt","11":"tm-has-options","13":"first","14":"instock","15":"taxable","16":"shipping-taxable","17":"purchasable","18":"product-type-simple"},"_links":{"self":[{"href":"https:\/\/mitibags.com\/pt-pt\/wp-json\/wp\/v2\/product\/8878","targetHints":{"allow":["GET"]}}],"collection":[{"href":"https:\/\/mitibags.com\/pt-pt\/wp-json\/wp\/v2\/product"}],"about":[{"href":"https:\/\/mitibags.com\/pt-pt\/wp-json\/wp\/v2\/types\/product"}],"replies":[{"embeddable":true,"href":"https:\/\/mitibags.com\/pt-pt\/wp-json\/wp\/v2\/comments?post=8878"}],"version-history":[{"count":0,"href":"https:\/\/mitibags.com\/pt-pt\/wp-json\/wp\/v2\/product\/8878\/revisions"}],"wp:featuredmedia":[{"embeddable":true,"href":"https:\/\/mitibags.com\/pt-pt\/wp-json\/wp\/v2\/media\/8864"}],"wp:attachment":[{"href":"https:\/\/mitibags.com\/pt-pt\/wp-json\/wp\/v2\/media?parent=8878"}],"wp:term":[{"taxonomy":"product_brand","embeddable":true,"href":"https:\/\/mitibags.com\/pt-pt\/wp-json\/wp\/v2\/product_brand?post=8878"},{"taxonomy":"product_cat","embeddable":true,"href":"https:\/\/mitibags.com\/pt-pt\/wp-json\/wp\/v2\/product_cat?post=8878"},{"taxonomy":"product_tag","embeddable":true,"href":"https:\/\/mitibags.com\/pt-pt\/wp-json\/wp\/v2\/product_tag?post=8878"}],"curies":[{"name":"wp","href":"https:\/\/api.w.org\/{rel}","templated":true}]}}