{"id":8870,"date":"2024-05-30T21:36:57","date_gmt":"2024-05-30T20:36:57","guid":{"rendered":"https:\/\/mitibags.com\/?post_type=product&#038;p=8870"},"modified":"2024-06-13T21:53:07","modified_gmt":"2024-06-13T20:53:07","slug":"croco-carteira-nude-em-pele","status":"publish","type":"product","link":"https:\/\/mitibags.com\/pt-pt\/product\/carteiras-em-pele\/carteiras-em-pele-pt-pt\/croco-carteira-nude-em-pele\/","title":{"rendered":"Croco Carteira Nude em Pele"},"content":{"rendered":"<h2>Croco Carteira Nude em Pele<\/h2>\n<p>&nbsp;<\/p>\n<p>A nossa Croco Carteira Nude em Pele foi desenhada e produzida em It\u00e1lia utilizando a melhor pele genu\u00edna que neste caso apresenta uma textura croco.<\/p>\n<p>Com um tamanho de <strong>19 cm de comprimento e 10 cm de altura<\/strong>, fecha com um fecho de correr dourado. O interior, tamb\u00e9m ele em pele, encontra-se dividido em 3 compartimentos, o do meio com um fecho zip, perfeito para moedas, e os outros dois com 8 espa\u00e7os para cart\u00f5es e um espa\u00e7o maior perfeito para notas ou outro tipo de documentos que precise trazer consigo.<\/p>\n<p>Se adora uma <strong>carteira personalizada<\/strong>, temos boas not\u00edcias: a Croco Carteira Nude em Pele pode ser personalizada com as iniciais do seu nome ou com um dos emojis que temos dispon\u00edveis. Para o fazer clique no bot\u00e3o personalizar e torne a sua carteira em pele unicamente sua e feita para se adaptar a si.<\/p>\n<p>Se procura um porta-moedas diferente convidamo-la a visitar os modelos que temos dispon\u00edveis <a href=\"https:\/\/mitibags.com\/pt-pt\/porta-moedas\/\">aqui<\/a>.<\/p>\n<p>&nbsp;<\/p>\n<p><strong>Tamanho: <\/strong>19x10x2 cm<\/p>\n<p><strong>Material exterior: <\/strong>Pele Genu\u00edna com Textura Croco<\/p>\n<p><strong>Material<\/strong> <strong>Interior<\/strong> Pele Genu\u00edna<\/p>\n<p><strong>Cor:<\/strong> Nude<\/p>\n<p><strong>Cor das Ferragens:<\/strong> Dourado<\/p>\n","protected":false},"excerpt":{"rendered":"<p>Produzido em <strong> pele genu\u00edna<\/strong> e com um <strong>tamanho de 19 cm de comprimento e 10 cm de altura<\/strong> a nossa Croco Carteira Nude em Pele tem um interior com 3 compartimentos, o do meio com fecho zip, w os outros dois com 8 divis\u00f3rias perfeitas para cart\u00f5es e duas maiores para notas ou outro tipo de documentos. A abertura \u00e9 feita com um fecho zip dourado. Se procura dar um toque pessoal ao seu porta moedas personalizando-o com as suas iniciais, clique no bot\u00e3o personalizar e escolha como pretende fazer a personaliza\u00e7\u00e3o do seu novo porta-moedas.<\/p>\n","protected":false},"featured_media":8769,"comment_status":"open","ping_status":"closed","template":"","meta":[],"product_brand":[],"product_cat":[90,93],"product_tag":[665,127,666],"class_list":{"0":"post-8870","1":"product","2":"type-product","3":"status-publish","4":"has-post-thumbnail","6":"product_cat-carteiras-em-pele","7":"product_cat-carteiras-em-pele-pt-pt","8":"product_tag-carteira-nude-em-pele","9":"product_tag-carteiras","10":"product_tag-croco-carteira-nude-em-pele","11":"tm-has-options","13":"first","14":"instock","15":"taxable","16":"shipping-taxable","17":"purchasable","18":"product-type-simple"},"_links":{"self":[{"href":"https:\/\/mitibags.com\/pt-pt\/wp-json\/wp\/v2\/product\/8870","targetHints":{"allow":["GET"]}}],"collection":[{"href":"https:\/\/mitibags.com\/pt-pt\/wp-json\/wp\/v2\/product"}],"about":[{"href":"https:\/\/mitibags.com\/pt-pt\/wp-json\/wp\/v2\/types\/product"}],"replies":[{"embeddable":true,"href":"https:\/\/mitibags.com\/pt-pt\/wp-json\/wp\/v2\/comments?post=8870"}],"version-history":[{"count":0,"href":"https:\/\/mitibags.com\/pt-pt\/wp-json\/wp\/v2\/product\/8870\/revisions"}],"wp:featuredmedia":[{"embeddable":true,"href":"https:\/\/mitibags.com\/pt-pt\/wp-json\/wp\/v2\/media\/8769"}],"wp:attachment":[{"href":"https:\/\/mitibags.com\/pt-pt\/wp-json\/wp\/v2\/media?parent=8870"}],"wp:term":[{"taxonomy":"product_brand","embeddable":true,"href":"https:\/\/mitibags.com\/pt-pt\/wp-json\/wp\/v2\/product_brand?post=8870"},{"taxonomy":"product_cat","embeddable":true,"href":"https:\/\/mitibags.com\/pt-pt\/wp-json\/wp\/v2\/product_cat?post=8870"},{"taxonomy":"product_tag","embeddable":true,"href":"https:\/\/mitibags.com\/pt-pt\/wp-json\/wp\/v2\/product_tag?post=8870"}],"curies":[{"name":"wp","href":"https:\/\/api.w.org\/{rel}","templated":true}]}}