{"id":8852,"date":"2024-05-30T20:24:31","date_gmt":"2024-05-30T19:24:31","guid":{"rendered":"https:\/\/mitibags.com\/?post_type=product&#038;p=8852"},"modified":"2024-06-13T21:55:13","modified_gmt":"2024-06-13T20:55:13","slug":"killie-mini-porta-cartoes-camel-em-pele","status":"publish","type":"product","link":"https:\/\/mitibags.com\/pt-pt\/product\/carteiras-em-pele\/carteiras-em-pele-pt-pt\/killie-mini-porta-cartoes-camel-em-pele\/","title":{"rendered":"Killie Mini Porta-Cart\u00f5es Camel em Pele"},"content":{"rendered":"<h2>Killie Mini Porta-Cart\u00f5es Camel em Pele<\/h2>\n<p>&nbsp;<\/p>\n<p>Com <strong>10 cm de largura e 8 cm de altura<\/strong>, a Killie Mini Porta-Cart\u00f5es Camel em Pele \u00e9 produzida em It\u00e1lia com a melhor <strong> pele genu\u00edna<\/strong> com textura martelada.<\/p>\n<p>A abertura \u00e9 feita com um fecho zip de cor dourada e o interior, feito em Sarja de Algod\u00e3o tamb\u00e9m de cor preta, tem 14 divis\u00f3rias com o tamanho perfeito para cart\u00f5es de tamanho standard.<\/p>\n<p>Por fora, al\u00e9m do fecho zip, encontra-se tamb\u00e9m um pequeno mosquet\u00e3o dourado, perfeito para prender o seu porta-cart\u00f5es \u00e0 sua mala e t\u00ea-lo sempre \u00e0 m\u00e3o.<\/p>\n<p>Se adora um p<strong>orta-moedas personalizado<\/strong> temos boas not\u00edcias Adicione as suas iniciais em prateado ou dourado, ou um dos emojis dispon\u00edveis e personalize hoje o seu porta-cart\u00f5es camel em pele. Para o fazer clique no bot\u00e3o personalizar e torne o seu porta-cart\u00f5es em pele unicamente seu e feito especialmente para si.<\/p>\n<p>Procura uma carteira com um tamanho maior? Veja <a href=\"https:\/\/mitibags.com\/womens-wallets\/\">aqui<\/a> todos os modelos de carteiras que temos dispon\u00edveis.<\/p>\n<p>&nbsp;<\/p>\n<p><strong>Tamanho: <\/strong>10x8x2 cm<\/p>\n<p><strong>Material Exterior: <\/strong> Pele Genu\u00edna com Textura Martelada<\/p>\n<p><strong>Material <\/strong> <strong> Interior: <\/strong>Sarja de Algod\u00e3o<\/p>\n<p><strong>Cor:<\/strong> Camel<\/p>\n<p><strong>Cor das Ferragens:<\/strong> Dourado<\/p>\n","protected":false},"excerpt":{"rendered":"<p>Fabricada em <strong>pele genu\u00edna<\/strong> <strong>martelada no exterior<\/strong>, e com <strong>10 cm de largura e 8 cm de altura<\/strong>, Killie Mini Porta Cart\u00f5es Camel tem no interior <strong>14 divis\u00f3rias<\/strong> com o tamanho perfeito para cart\u00f5es de tamanho standard. A abertura da carteira \u00e9 feita atrav\u00e9s de um <strong>fecho zip de cor dourada.<\/strong> Se pretende dar um toque pessoal e \u00fanico ao seu porta-cart\u00f5es tornando-o unicamente seu, clique no bot\u00e3o personalizar e adicione as iniciais do seu nome ou emoji ao seu novo porta-cart\u00f5es tornando-o \u00fanico e feito especialmente para si.<\/p>\n","protected":false},"featured_media":8839,"comment_status":"open","ping_status":"closed","template":"","meta":[],"product_brand":[],"product_cat":[90,93,91],"product_tag":[127,667,655],"class_list":{"0":"post-8852","1":"product","2":"type-product","3":"status-publish","4":"has-post-thumbnail","6":"product_cat-carteiras-em-pele","7":"product_cat-carteiras-em-pele-pt-pt","8":"product_cat-porta-cartoes","9":"product_tag-carteiras","10":"product_tag-killie-mini-porta-cartoes-camel-em-pele","11":"product_tag-mini-porta-moedas-camel-em-pele","12":"tm-has-options","14":"first","15":"instock","16":"taxable","17":"shipping-taxable","18":"purchasable","19":"product-type-simple"},"_links":{"self":[{"href":"https:\/\/mitibags.com\/pt-pt\/wp-json\/wp\/v2\/product\/8852","targetHints":{"allow":["GET"]}}],"collection":[{"href":"https:\/\/mitibags.com\/pt-pt\/wp-json\/wp\/v2\/product"}],"about":[{"href":"https:\/\/mitibags.com\/pt-pt\/wp-json\/wp\/v2\/types\/product"}],"replies":[{"embeddable":true,"href":"https:\/\/mitibags.com\/pt-pt\/wp-json\/wp\/v2\/comments?post=8852"}],"version-history":[{"count":0,"href":"https:\/\/mitibags.com\/pt-pt\/wp-json\/wp\/v2\/product\/8852\/revisions"}],"wp:featuredmedia":[{"embeddable":true,"href":"https:\/\/mitibags.com\/pt-pt\/wp-json\/wp\/v2\/media\/8839"}],"wp:attachment":[{"href":"https:\/\/mitibags.com\/pt-pt\/wp-json\/wp\/v2\/media?parent=8852"}],"wp:term":[{"taxonomy":"product_brand","embeddable":true,"href":"https:\/\/mitibags.com\/pt-pt\/wp-json\/wp\/v2\/product_brand?post=8852"},{"taxonomy":"product_cat","embeddable":true,"href":"https:\/\/mitibags.com\/pt-pt\/wp-json\/wp\/v2\/product_cat?post=8852"},{"taxonomy":"product_tag","embeddable":true,"href":"https:\/\/mitibags.com\/pt-pt\/wp-json\/wp\/v2\/product_tag?post=8852"}],"curies":[{"name":"wp","href":"https:\/\/api.w.org\/{rel}","templated":true}]}}