{"id":8220,"date":"2024-05-26T21:50:46","date_gmt":"2024-05-26T20:50:46","guid":{"rendered":"https:\/\/mitibags.com\/?post_type=product&#038;p=8220"},"modified":"2024-06-13T22:28:17","modified_gmt":"2024-06-13T21:28:17","slug":"balance-mala-de-ombro-em-pele-camel","status":"publish","type":"product","link":"https:\/\/mitibags.com\/pt-pt\/product\/malas-em-pele\/malas-de-ombro\/balance-mala-de-ombro-em-pele-camel\/","title":{"rendered":"Balance Mala de Ombro em Pele Camel"},"content":{"rendered":"<h2>Balance Mala de Ombro em Pele Camel<\/h2>\n<p>&nbsp;<\/p>\n<p>O design curvo e corpo r\u00edgido da Balance Mala de Ombro em Pele Camel, combinado com a sua <strong>al\u00e7a de ombro larga<\/strong> faz dela a mala perfeita para quem procura uma mala de ombro com um estilo elegante.<\/p>\n<p>Fabricada com a melhor <strong>pele italiana genu\u00edna<\/strong> n\u00e3o s\u00f3 no exterior mas tamb\u00e9m no interior.<\/p>\n<p>A Balance Mala de Ombro em Pele Camel, com o tamanho de <strong>31 cm de comprimento e 14 cm de altura<\/strong>, o seu fecho \u00e9 feito n\u00e3o apenas com o \u00edman, que se encontra escondido por baixo da aba, mas \u00e9 refor\u00e7ado pelo fecho zip do interior, dando-lhe a m\u00e1xima seguran\u00e7a.<\/p>\n<p>No interior, pode ainda encontrar um pequeno bolso, tamb\u00e9m com fecho zip, facilitando a organiza\u00e7\u00e3o do interior da sua mala, assim como o acesso aos objetos que precisa de encontrar rapidamente dentro da sua mala, como por exemplo as chaves ou o seu telem\u00f3vel.<\/p>\n<p>A Balance Mala de Ombro em Pele Camel inclui ainda uma al\u00e7a de pele extra para poder us\u00e1-la tamb\u00e9m como mala tiracolo, tornando-a mais vers\u00e1til e f\u00e1cil de mudar de um estilo mais elegante para um estilo mais descontra\u00eddo.<\/p>\n<p>Se procura um estilo diferente de correia, com mais cor, veja <a href=\"https:\/\/mitibags.com\/bags-straps\/\">aqui<\/a> os outros estilos que temos dispon\u00edveis.<\/p>\n<p>Por fim, os <strong>detalhes dourados<\/strong> das ferragens real\u00e7am a eleg\u00e2ncia e o estilo fashion da Balance Mala de Ombro em Pele Camel.<\/p>\n<p>Se procura dar um toque \u00fanico \u00e0 sua mala, tornando-a mala exclusivamente sua, personalize-a com as iniciais do seu nome ou um emoji que seja especial para si. Escolha a cor da personaliza\u00e7\u00e3o e torne a sua mala ainda mais perfeita e feita especialmente para si.<\/p>\n<p>&nbsp;<\/p>\n<p><strong>Tamanho: <\/strong>31x10x14 cm<\/p>\n<p><strong>Material Exterior: <\/strong>Pele Genu\u00edna<\/p>\n<p><strong>Material<\/strong> <strong>Interior<\/strong> Pele Genu\u00edna<\/p>\n<p><strong>Cor:<\/strong> Camel<\/p>\n<p><strong>Cor das Ferragens:<\/strong> Dourado<\/p>\n","protected":false},"excerpt":{"rendered":"<p>O design curvo e corpo r\u00edgido da Balance Mala de Ombro em Pele Preta , combinado com a sua <strong>al\u00e7a de ombro larga<\/strong> faz dela a mala perfeita para quem procura uma mala de ombro com um estilo elegante. Com um tamanho de <strong>31 cm de comprimento e 14 cm de altura, ferragens douradas<\/strong>e uma <strong>al\u00e7a em pele extra para poder us\u00e1-la a tiracolo,<\/strong> esta mala tem a beleza e a versatilidade perfeitas para o dia-a-dia ou para os dias mais descontra\u00eddos como o fim-de-semana. <strong>Personalize-a<\/strong> com as iniciais do seu nome e torne-a exclusivamente sua.<\/p>\n","protected":false},"featured_media":8207,"comment_status":"open","ping_status":"closed","template":"","meta":[],"product_brand":[],"product_cat":[84,83],"product_tag":[338,734],"class_list":{"0":"post-8220","1":"product","2":"type-product","3":"status-publish","4":"has-post-thumbnail","6":"product_cat-malas-de-ombro","7":"product_cat-malas-tiracolo","8":"product_tag-mala-de-ombro","9":"product_tag-mala-de-ombro-em-pele-camel","10":"tm-has-options","12":"first","13":"instock","14":"taxable","15":"shipping-taxable","16":"purchasable","17":"product-type-simple"},"_links":{"self":[{"href":"https:\/\/mitibags.com\/pt-pt\/wp-json\/wp\/v2\/product\/8220","targetHints":{"allow":["GET"]}}],"collection":[{"href":"https:\/\/mitibags.com\/pt-pt\/wp-json\/wp\/v2\/product"}],"about":[{"href":"https:\/\/mitibags.com\/pt-pt\/wp-json\/wp\/v2\/types\/product"}],"replies":[{"embeddable":true,"href":"https:\/\/mitibags.com\/pt-pt\/wp-json\/wp\/v2\/comments?post=8220"}],"version-history":[{"count":0,"href":"https:\/\/mitibags.com\/pt-pt\/wp-json\/wp\/v2\/product\/8220\/revisions"}],"wp:featuredmedia":[{"embeddable":true,"href":"https:\/\/mitibags.com\/pt-pt\/wp-json\/wp\/v2\/media\/8207"}],"wp:attachment":[{"href":"https:\/\/mitibags.com\/pt-pt\/wp-json\/wp\/v2\/media?parent=8220"}],"wp:term":[{"taxonomy":"product_brand","embeddable":true,"href":"https:\/\/mitibags.com\/pt-pt\/wp-json\/wp\/v2\/product_brand?post=8220"},{"taxonomy":"product_cat","embeddable":true,"href":"https:\/\/mitibags.com\/pt-pt\/wp-json\/wp\/v2\/product_cat?post=8220"},{"taxonomy":"product_tag","embeddable":true,"href":"https:\/\/mitibags.com\/pt-pt\/wp-json\/wp\/v2\/product_tag?post=8220"}],"curies":[{"name":"wp","href":"https:\/\/api.w.org\/{rel}","templated":true}]}}