{"id":8186,"date":"2024-05-26T21:29:17","date_gmt":"2024-05-26T20:29:17","guid":{"rendered":"https:\/\/mitibags.com\/?post_type=product&#038;p=8186"},"modified":"2025-11-30T18:08:08","modified_gmt":"2025-11-30T17:08:08","slug":"stud-mala-tote-em-pele-roxa","status":"publish","type":"product","link":"https:\/\/mitibags.com\/pt-pt\/product\/malas-em-pele\/malas-tote\/stud-mala-tote-em-pele-roxa\/","title":{"rendered":"Stud Mala Tote em Pele Roxa"},"content":{"rendered":"<h2>Stud Mala Tote em Pele Roxa<\/h2>\n<p>&nbsp;<\/p>\n<p>Se procura uma mala de pele <strong>estilo tote bag<\/strong> para o seu dia-a-dia mas que tenha um twist e um toque fashion, a Stud Mala Tote em Pele Roxa pode ser o modelo ideal para si.<\/p>\n<p>Feita em It\u00e1lia com a <strong>melhor pele genu\u00edna<\/strong>, o <strong>interior vermelho <\/strong>desta mala, em contraste com a cor roxa do exterior, torna esta mala perfeita e vai abrilhantar o seu look.<\/p>\n<p>A mala fecha com um iman que se encontra no meio da mala e no interior encontra ainda uma bolsa vermelha com fecho zip e em algod\u00e3o e que vai manter todos os seus pertences em seguran\u00e7a. Esta mala pode ser facilmente colocada e retirada.<\/p>\n<p>O tamanho de <strong>38 cm de comprimento e 28 cm de altura<\/strong>, tornanm-na perfeita para levar consigo tudo o que precisa, inclu\u00edndo um computador port\u00e1til de 15. A mala est\u00e1 decorada com pequenas tachas prateadas em cada um dos lados. <\/p>\n<p>Torne a Stud Mala Tote em Pele Bordeaux ainda mais perfeita adicionando as iniciais do seu nome. Para o fazer clique no bot\u00e3o personalize e adapte a sua mala a si.<\/p>\n<p>Um acess\u00f3rio pode tamb\u00e9m real\u00e7ar a beleza da sua mala. Veja <a href=\"https:\/\/mitibags.com\/acessorios-malas\/\">aqui<\/a> todos os estilos que temos dispon\u00edveis e aprimore a beleza da sua mala.<\/p>\n<p>&nbsp;<\/p>\n<p><strong>Tamanho: <\/strong>38x13x28 cm<\/p>\n<p><strong>Material Exterior: <\/strong>Pele Genu\u00edna<\/p>\n<p><strong>Material<\/strong> <strong>Interior:<\/strong> Pele Genu\u00edna Vermelha e Bolsa em Sarja de Algod\u00e3o<\/p>\n<p><strong>Cor:<\/strong> Roxo<\/p>\n<p><strong>Cor das ferragens: <\/strong>Prateado<\/p>\n<p>&nbsp;<\/p>\n<p>Siga-nos no <a href=\"https:\/\/www.instagram.com\/mitibags\/\" target=\"_blank\" rel=\"noopener\">Instagram<\/a> e <a href=\"https:\/\/www.facebook.com\/MitiBags\/\" target=\"_blank\" rel=\"noopener\">Facebook <\/a> e fa\u00e7a parte da nossa comunidade.<\/p>\n","protected":false},"excerpt":{"rendered":"<p>Se procura uma mala de pele <strong>estilo tote bag<\/strong> para o seu dia-a-dia mas que tenha um twist e um toque fashion, a Stud Mala Tote em Pele Roxa pode ser o modelo ideal para si.<\/p>\n<p>Produzida em It\u00e1lia com a melhor <strong>pele genu\u00edna<\/strong>, o <strong> interior vermelho<\/strong> desta mala, em contraste com o exterior roxo, tem um aspeto perfeito e vai faz\u00ea-la destacar-se.<\/p>\n<p>O tamanho de <strong>38 cm de comprimento e 28 cm de altura<\/strong>, tornanm-na perfeita para levar consigo tudo o que precisa, inclu\u00edndo um computador port\u00e1til de 15. A mala est\u00e1 decorada com pequenas tachas prateadas em cada um dos lados. <\/p>\n","protected":false},"featured_media":8143,"comment_status":"open","ping_status":"closed","template":"","meta":[],"product_brand":[],"product_cat":[85],"product_tag":[338,311,294,738],"class_list":{"0":"post-8186","1":"product","2":"type-product","3":"status-publish","4":"has-post-thumbnail","6":"product_cat-malas-tote","7":"product_tag-mala-de-ombro","8":"product_tag-mala-de-pele","9":"product_tag-mala-tote-em-pele","10":"product_tag-mala-tote-em-pele-roxa","11":"tm-has-options","13":"first","14":"instock","15":"taxable","16":"shipping-taxable","17":"purchasable","18":"product-type-simple"},"_links":{"self":[{"href":"https:\/\/mitibags.com\/pt-pt\/wp-json\/wp\/v2\/product\/8186","targetHints":{"allow":["GET"]}}],"collection":[{"href":"https:\/\/mitibags.com\/pt-pt\/wp-json\/wp\/v2\/product"}],"about":[{"href":"https:\/\/mitibags.com\/pt-pt\/wp-json\/wp\/v2\/types\/product"}],"replies":[{"embeddable":true,"href":"https:\/\/mitibags.com\/pt-pt\/wp-json\/wp\/v2\/comments?post=8186"}],"version-history":[{"count":0,"href":"https:\/\/mitibags.com\/pt-pt\/wp-json\/wp\/v2\/product\/8186\/revisions"}],"wp:featuredmedia":[{"embeddable":true,"href":"https:\/\/mitibags.com\/pt-pt\/wp-json\/wp\/v2\/media\/8143"}],"wp:attachment":[{"href":"https:\/\/mitibags.com\/pt-pt\/wp-json\/wp\/v2\/media?parent=8186"}],"wp:term":[{"taxonomy":"product_brand","embeddable":true,"href":"https:\/\/mitibags.com\/pt-pt\/wp-json\/wp\/v2\/product_brand?post=8186"},{"taxonomy":"product_cat","embeddable":true,"href":"https:\/\/mitibags.com\/pt-pt\/wp-json\/wp\/v2\/product_cat?post=8186"},{"taxonomy":"product_tag","embeddable":true,"href":"https:\/\/mitibags.com\/pt-pt\/wp-json\/wp\/v2\/product_tag?post=8186"}],"curies":[{"name":"wp","href":"https:\/\/api.w.org\/{rel}","templated":true}]}}