{"id":8174,"date":"2024-05-26T21:16:50","date_gmt":"2024-05-26T20:16:50","guid":{"rendered":"https:\/\/mitibags.com\/?post_type=product&#038;p=8174"},"modified":"2024-06-13T22:30:26","modified_gmt":"2024-06-13T21:30:26","slug":"stud-mala-tote-em-pele-preta","status":"publish","type":"product","link":"https:\/\/mitibags.com\/pt-pt\/product\/malas-em-pele\/malas-tote\/stud-mala-tote-em-pele-preta\/","title":{"rendered":"Stud Mala Tote em Pele Preta"},"content":{"rendered":"<h2>Stud Mala Tote em Pele Preta<\/h2>\n<p>&nbsp;<\/p>\n<p>Se procura uma <strong>mala de pele estilo tote bag<\/strong> para o seu dia-a-dia mas que tenha um twist e um toque fashion, a Stud Mala Tote em Pele Preta pode ser o modelo ideal para si.<\/p>\n<p>Produzida em It\u00e1lia com a melhor <strong>pele genu\u00edna<\/strong>, o <strong>interior vermelho<\/strong> desta mala, em contraste com o exterior preto, tem um aspeto perfeito e vai faz\u00ea-la destacar-se.<\/p>\n<p>O fecho desta mala \u00e9 feito com um \u00edman que se encontra por dentro da mala, na parte interior, e, para proteger os seus objetos e torn\u00e1-los seguros, pode ainda contar uma bolsa com fecho zip, de sarja de algod\u00e3o,que pode ser facilmente presa ou removida da sua mala atrav\u00e9s das duas molas que se encontram nos lados da mala.<\/p>\n<p>O tamanho de <strong>38 cm de comprimento e 28 cm de altura <\/strong>torna-a perfeita para transportar tudo o que precisa, incluindo o seu computador port\u00e1til, se necess\u00e1rio. Em cada um dos lados externos da mala encontram-se pequenas tachas, que real\u00e7am o estilo fashion deste modelo.<\/p>\n<p>Para tornar a Stud Mala Tote em Pele Preta ainda mais perfeita e \u00fanica personalize-a com as iniciais do seu nome ou um dos emojis que temos dispon\u00edveis. Para o fazer clique no bot\u00e3o personalize e adapte a sua mala a si.<\/p>\n<p>Um acess\u00f3rio pode tamb\u00e9m real\u00e7ar a beleza da sua mala. Veja <a href=\"https:\/\/mitibags.com\/acessorios-malas\/\">aqui<\/a> todos os modelos que temos dispon\u00edveis<\/p>\n<p>&nbsp;<\/p>\n<p><strong>Tamanho: <\/strong>38x13x28 cm<\/p>\n<p><strong>Material Exterior: <\/strong>Pele Genu\u00edna<\/p>\n<p><strong>Material<\/strong> <strong>Interior:<\/strong> Pele Genu\u00edna Vermelha e Bolsa em Sarja de Algod\u00e3o<\/p>\n<p><strong>Cor:<\/strong> Preto<\/p>\n<p><strong>Cor das ferragens: <\/strong>Prateado<\/p>\n<p>&nbsp;<\/p>\n","protected":false},"excerpt":{"rendered":"<p>Se procura uma <strong>mala de pele estilo tote bag<\/strong> para o seu dia-a-dia mas que tenha um twist e um toque fashion, a Stud Mala Tote em Pele Preta pode ser o modelo ideal para si.<\/p>\n<p>Produzida em It\u00e1lia com a melhor <strong>pele genu\u00edna<\/strong>, o <strong>interior vermelho<\/strong> desta mala, em contraste com o exterior preto, tem um aspeto perfeito e vai faz\u00ea-la destacar-se.<\/p>\n<p>O tamanho de <strong>38 cm de comprimento e 28 cm de altura <\/strong>torna-a perfeita para transportar tudo o que precisa, incluindo o seu computador port\u00e1til, se necess\u00e1rio. Em cada um dos lados externos da mala encontram-se pequenas tachas, que real\u00e7am o estilo fashion deste modelo.<\/p>\n","protected":false},"featured_media":8101,"comment_status":"open","ping_status":"closed","template":"","meta":[],"product_brand":[],"product_cat":[85],"product_tag":[338,311,294,735],"class_list":{"0":"post-8174","1":"product","2":"type-product","3":"status-publish","4":"has-post-thumbnail","6":"product_cat-malas-tote","7":"product_tag-mala-de-ombro","8":"product_tag-mala-de-pele","9":"product_tag-mala-tote-em-pele","10":"product_tag-mala-tote-em-pele-preta","11":"tm-has-options","13":"first","14":"instock","15":"taxable","16":"shipping-taxable","17":"purchasable","18":"product-type-simple"},"_links":{"self":[{"href":"https:\/\/mitibags.com\/pt-pt\/wp-json\/wp\/v2\/product\/8174","targetHints":{"allow":["GET"]}}],"collection":[{"href":"https:\/\/mitibags.com\/pt-pt\/wp-json\/wp\/v2\/product"}],"about":[{"href":"https:\/\/mitibags.com\/pt-pt\/wp-json\/wp\/v2\/types\/product"}],"replies":[{"embeddable":true,"href":"https:\/\/mitibags.com\/pt-pt\/wp-json\/wp\/v2\/comments?post=8174"}],"version-history":[{"count":0,"href":"https:\/\/mitibags.com\/pt-pt\/wp-json\/wp\/v2\/product\/8174\/revisions"}],"wp:featuredmedia":[{"embeddable":true,"href":"https:\/\/mitibags.com\/pt-pt\/wp-json\/wp\/v2\/media\/8101"}],"wp:attachment":[{"href":"https:\/\/mitibags.com\/pt-pt\/wp-json\/wp\/v2\/media?parent=8174"}],"wp:term":[{"taxonomy":"product_brand","embeddable":true,"href":"https:\/\/mitibags.com\/pt-pt\/wp-json\/wp\/v2\/product_brand?post=8174"},{"taxonomy":"product_cat","embeddable":true,"href":"https:\/\/mitibags.com\/pt-pt\/wp-json\/wp\/v2\/product_cat?post=8174"},{"taxonomy":"product_tag","embeddable":true,"href":"https:\/\/mitibags.com\/pt-pt\/wp-json\/wp\/v2\/product_tag?post=8174"}],"curies":[{"name":"wp","href":"https:\/\/api.w.org\/{rel}","templated":true}]}}