{"id":8058,"date":"2024-05-23T22:44:37","date_gmt":"2024-05-23T21:44:37","guid":{"rendered":"https:\/\/mitibags.com\/?post_type=product&#038;p=8058"},"modified":"2024-06-13T22:38:13","modified_gmt":"2024-06-13T21:38:13","slug":"sophia-mala-de-mao-em-pele-bege","status":"publish","type":"product","link":"https:\/\/mitibags.com\/pt-pt\/product\/malas-em-pele\/malas-de-mao\/sophia-mala-de-mao-em-pele-bege\/","title":{"rendered":"Sophia Mala de M\u00e3o em Pele Bege"},"content":{"rendered":"<h2>Sophia Mala de M\u00e3o em Pele Bege<\/h2>\n<p>&nbsp;<\/p>\n<p>Procura uma mala fashion para o dia-a-dia? A Sophia Mala de M\u00e3o em Pele Bege pode ser o modelo que procura.<\/p>\n<p>Com um tamanho de <strong>32 cm de comprimento e 22,50 cm de altura<\/strong><strong>, <\/strong> a Sophia \u00e9 uma mala estruturada fabricada com a nossa <strong>luxuosa pele italiana macia<\/strong> de <strong>cor bege<\/strong>, o que faz dela a mala de m\u00e3o bege ideal para enriquecer o seu closet.<\/p>\n<p>No interior, tamb\u00e9m em pele, podes encontrar um bolso com fecho zip para manter a sua mala organizada e os seus objetos f\u00e1ceis de encontrar.<\/p>\n<p>As ferragens de cor dourada real\u00e7am o lado luxuoso da sua mala. A abertura e fecho da mala \u00e9 feita rodando a pe\u00e7a frontal dourada, tornando esta mala t\u00e3o fashion quanto poss\u00edvel.<\/p>\n<p>Em cada um dos lados da sua Sophia Mala de M\u00e3o em Pele Preta, existem dois orif\u00edcios para que possa facilmente colocar e retirar a <strong>al\u00e7a de pele extra ajust\u00e1vel<\/strong> que a acompanha, facilitando a sua transforma\u00e7\u00e3o de bolsa de m\u00e3o em bolsa de tiracolo ou a tiracolo para o teu pr\u00f3prio conforto.<\/p>\n<p>Acrescente um len\u00e7o e real\u00e7e a beleza e eleg\u00e2ncia da Sophia Mala de M\u00e3o em Pele Bege Veja <a href=\"https:\/\/mitibags.com\/lencos-malas\/\">aqui <\/a> todos os modelos que temos dispon\u00edveis<\/p>\n<p>&nbsp;<\/p>\n<p><strong>Tamanho: <\/strong>32&#215;12,50&#215;21,50 cm<\/p>\n<p><strong>Material exterior: <\/strong>Pele Italiana Soft Touch<\/p>\n<p><strong>Material<\/strong> <strong>Interior:<\/strong> Pele Genu\u00edna<\/p>\n<p><strong>Cor:<\/strong> Bege<\/p>\n<p><strong>Cor das Ferragens:<\/strong> Dourado<\/p>\n","protected":false},"excerpt":{"rendered":"<p>Procura uma mala fashion para o dia-a-dia? A Sophia Mala de M\u00e3o em Pele Bege pode ser o modelo que procura. Fabricada com a melhor <strong>Pele Italiana com Textura Saffiano<\/strong> de toque suave, com um tamanho de <strong>32 cm de comprimento e 22,50 cm de altura<\/strong> e com uma al\u00e7a de couro extra, \u00e9 a mala perfeita para todos os que procuram uma mala com design mais fashion.<\/p>\n","protected":false},"featured_media":7562,"comment_status":"open","ping_status":"closed","template":"","meta":[],"product_brand":[],"product_cat":[61],"product_tag":[342,740],"class_list":{"0":"post-8058","1":"product","2":"type-product","3":"status-publish","4":"has-post-thumbnail","6":"product_cat-malas-de-mao","7":"product_tag-beige-leather-handbag-pt-pt","8":"product_tag-sophia-mala-de-mao-em-pele-bege","9":"tm-has-options","11":"first","12":"instock","13":"taxable","14":"shipping-taxable","15":"purchasable","16":"product-type-simple"},"_links":{"self":[{"href":"https:\/\/mitibags.com\/pt-pt\/wp-json\/wp\/v2\/product\/8058","targetHints":{"allow":["GET"]}}],"collection":[{"href":"https:\/\/mitibags.com\/pt-pt\/wp-json\/wp\/v2\/product"}],"about":[{"href":"https:\/\/mitibags.com\/pt-pt\/wp-json\/wp\/v2\/types\/product"}],"replies":[{"embeddable":true,"href":"https:\/\/mitibags.com\/pt-pt\/wp-json\/wp\/v2\/comments?post=8058"}],"version-history":[{"count":0,"href":"https:\/\/mitibags.com\/pt-pt\/wp-json\/wp\/v2\/product\/8058\/revisions"}],"wp:featuredmedia":[{"embeddable":true,"href":"https:\/\/mitibags.com\/pt-pt\/wp-json\/wp\/v2\/media\/7562"}],"wp:attachment":[{"href":"https:\/\/mitibags.com\/pt-pt\/wp-json\/wp\/v2\/media?parent=8058"}],"wp:term":[{"taxonomy":"product_brand","embeddable":true,"href":"https:\/\/mitibags.com\/pt-pt\/wp-json\/wp\/v2\/product_brand?post=8058"},{"taxonomy":"product_cat","embeddable":true,"href":"https:\/\/mitibags.com\/pt-pt\/wp-json\/wp\/v2\/product_cat?post=8058"},{"taxonomy":"product_tag","embeddable":true,"href":"https:\/\/mitibags.com\/pt-pt\/wp-json\/wp\/v2\/product_tag?post=8058"}],"curies":[{"name":"wp","href":"https:\/\/api.w.org\/{rel}","templated":true}]}}