{"id":7986,"date":"2024-05-23T17:51:49","date_gmt":"2024-05-23T16:51:49","guid":{"rendered":"https:\/\/mitibags.com\/?post_type=product&#038;p=7986"},"modified":"2024-06-13T22:50:59","modified_gmt":"2024-06-13T21:50:59","slug":"charlotte-mala-de-ombro-em-pele-camel","status":"publish","type":"product","link":"https:\/\/mitibags.com\/pt-pt\/product\/malas-em-pele\/malas-de-ombro\/charlotte-mala-de-ombro-em-pele-camel\/","title":{"rendered":"Charlotte Mala de Ombro em Pele Camel"},"content":{"rendered":"<h2>Charlotte Mala de Ombro em Pele Camel<\/h2>\n<p>&nbsp;<\/p>\n<p>A nossa Charlotte Mala de Ombro em Pele Preta, com <strong>30 cm de altura x 35 cm<\/strong> <strong>de comprimento<\/strong>, produzida com uma maravilhosa <strong> pele genu\u00edna, selvagem,<\/strong> de cor camel tem um toque suave e um padr\u00e3o g\u00e9nero acolchoado de quadrados grandes.<\/p>\n<p>Com um interior, em sarja de algod\u00e3o, dividido em <strong>tr\u00eas compartimentos,<\/strong> incluindo um bolso central com fecho zip, a Charlotte Mala de Ombro em Pele Camel \u00e9 espa\u00e7osa o suficiente para levar tudo o que precisa para o seu dia-a-dia &#8211; desde a carteira, \u00f3culos de sol, chaves, at\u00e9 mesmo o port\u00e1til e e bloco de notas que anda sempre consigo. Para al\u00e9m do bolso central com fecho de zip, nos outros dois compartimentos pode encontrar de um lado outro pequeno bolso tamb\u00e9m com fecho zip e do outro lado outros dois bolsos mais pequenos, sem fecho zip. Todos estes compartimentos fazem da Charlotte Mala de Ombro em Pele Camel a mala perfeita para si que adora uma mala organizada, onde tudo \u00e9 f\u00e1cil de encontrar e de manter organizado.<\/p>\n<p>Relativamente \u00e0s al\u00e7as, a Charlotte Mala de Ombro em Pele Camel tem <strong>2 al\u00e7as extens\u00edveis,<\/strong> n\u00e3o remov\u00edveis, que s\u00e3o feitas com a combina\u00e7\u00e3o de dois materiais, <strong>corrente dourada<\/strong> na parte inferior e, para maior conforto, pele camel, do mesmo material que o resto da mala, na parte do ombro. O tom da corrente dourada utilizada nas al\u00e7as \u00e9 o mesmo que \u00e9 utilizado no resto dos pormenores das ferragens da mala.<\/p>\n<p>Sabemos que a seguran\u00e7a da sua mala \u00e9 importante para si e o fecho zip, integrado neste modelo, permite manter todos os seus objetos no interior da mala em seguran\u00e7a.<\/p>\n<p>Se adora uma personaliza\u00e7\u00e3o pode adicionar as suas iniciais \u00e0 sua Charlotte Mala de Ombro em Pele Camel tornando-a unicamente sua. Para o fazer clique no botao personalizar e d\u00ea hoje o toque de luxo \u00e0 sua mala personalizando-a com as suas iniciais.<\/p>\n<p>Se pretende um toque de glamour na sua mala, que tal acrescentar um len\u00e7o colorido? Veja <a href=\"https:\/\/mitibags.com\/lencos-malas\/\">aqui <\/a> todos os modelos que temos dispon\u00edveis<\/p>\n<p><strong>Tamanho: <\/strong>35x12x30 cm<\/p>\n<p><strong>Material Exterior:<\/strong> Pele Genu\u00edna Selvagem<\/p>\n<p><strong>Material<\/strong> <strong> Interior:<\/strong> Sarja de Algod\u00e3o<\/p>\n<p><strong>Cor:<\/strong> Camel<\/p>\n<p><strong>Cor das Ferragens:<\/strong> Dourado<\/p>\n","protected":false},"excerpt":{"rendered":"<p>A nossa Charlotte Mala de Ombro em Pele Camel, com <strong> 30 cm de altura x 35 cm de comprimento<\/strong>, produzida em It\u00e1lia com <strong> Pele Genu\u00edna Selvagem <\/strong> da melhor qualidade, apresenta-se com um padr\u00e3o acolchoado. Com 3 compartimentos internos e 2<strong> al\u00e7as extens\u00edveis feitas de uma combina\u00e7\u00e3o de pele e corrente dourada,<\/strong> esta mala \u00e9 a companheira perfeita para a sua vida profissional, proporcionando-lhe espa\u00e7o para transportar tudo o que precisa, mas sem deixar de lado o conforto e design.<\/p>\n","protected":false},"featured_media":7732,"comment_status":"open","ping_status":"closed","template":"","meta":[],"product_brand":[],"product_cat":[84,79,85],"product_tag":[287,281,753],"class_list":{"0":"post-7986","1":"product","2":"type-product","3":"status-publish","4":"has-post-thumbnail","6":"product_cat-malas-de-ombro","7":"product_cat-malas-em-pele","8":"product_cat-malas-tote","9":"product_tag-bolsa-de-couro-a-tiracolo","10":"product_tag-mala-de-ombro-em-pele","11":"product_tag-mala-de-ombro-em-pele-camel-pt-pt","12":"tm-has-options","14":"first","15":"instock","16":"taxable","17":"shipping-taxable","18":"purchasable","19":"product-type-simple"},"_links":{"self":[{"href":"https:\/\/mitibags.com\/pt-pt\/wp-json\/wp\/v2\/product\/7986","targetHints":{"allow":["GET"]}}],"collection":[{"href":"https:\/\/mitibags.com\/pt-pt\/wp-json\/wp\/v2\/product"}],"about":[{"href":"https:\/\/mitibags.com\/pt-pt\/wp-json\/wp\/v2\/types\/product"}],"replies":[{"embeddable":true,"href":"https:\/\/mitibags.com\/pt-pt\/wp-json\/wp\/v2\/comments?post=7986"}],"version-history":[{"count":0,"href":"https:\/\/mitibags.com\/pt-pt\/wp-json\/wp\/v2\/product\/7986\/revisions"}],"wp:featuredmedia":[{"embeddable":true,"href":"https:\/\/mitibags.com\/pt-pt\/wp-json\/wp\/v2\/media\/7732"}],"wp:attachment":[{"href":"https:\/\/mitibags.com\/pt-pt\/wp-json\/wp\/v2\/media?parent=7986"}],"wp:term":[{"taxonomy":"product_brand","embeddable":true,"href":"https:\/\/mitibags.com\/pt-pt\/wp-json\/wp\/v2\/product_brand?post=7986"},{"taxonomy":"product_cat","embeddable":true,"href":"https:\/\/mitibags.com\/pt-pt\/wp-json\/wp\/v2\/product_cat?post=7986"},{"taxonomy":"product_tag","embeddable":true,"href":"https:\/\/mitibags.com\/pt-pt\/wp-json\/wp\/v2\/product_tag?post=7986"}],"curies":[{"name":"wp","href":"https:\/\/api.w.org\/{rel}","templated":true}]}}