{"id":7951,"date":"2024-05-23T16:21:31","date_gmt":"2024-05-23T15:21:31","guid":{"rendered":"https:\/\/mitibags.com\/?post_type=product&#038;p=7951"},"modified":"2024-06-13T23:00:58","modified_gmt":"2024-06-13T22:00:58","slug":"amy-mala-tiracolo-em-pele-laranja","status":"publish","type":"product","link":"https:\/\/mitibags.com\/pt-pt\/product\/malas-em-pele\/malas-tiracolo\/amy-mala-tiracolo-em-pele-laranja\/","title":{"rendered":"Amy Mala Tiracolo em Pele Laranja"},"content":{"rendered":"<h2>Amy Mala Tiracolo em Pele Laranja<\/h2>\n<p>&nbsp;<\/p>\n<p>Procura uma mala tiracolo preta com um toque fashion? Amy Mala Tiracolo em Pele Laranja pode ser uma boa escolha para si. <strong>Produzida em It\u00e1lia<\/strong> utilizando a melhor pele martelada, este modelo combina um lado pr\u00e1tico com um estilo elegante que ir\u00e1 trazer um toque fashion ao seu look mais relaxado.<\/p>\n<p>O tamanho de <strong>18 cm de altura e 26 cm de comprimento <\/strong>\u00e9 perfeito para colocar os seus objetos do dia a dia, como carteira, \u00f3culos de sol, chaves, telem\u00f3vel e claro, batom, o ideal para os dias relaxantes em que precisa apenas do essencial. A nossa Amy Mala Tiracolo em Pele Laranja tem uma al\u00e7a com um estilo tipo cinto, permitindo-lhe ajustar facilmente o tamanho da al\u00e7a ao seu gosto pessoal ou necessidade.<\/p>\n<p>O fecho dourado <strong>que se encontra na frente da mala<\/strong>e est\u00e1 junto com uma aba, \u00e9 o que permite fechar e abrir a sua mala facilmente. Contudo, procurando refor\u00e7ar a seguran\u00e7a da sua mala, no interior existe ainda um fecho zip, tendo que abrir ambos para aceder ao interior da mala tiracolo preta.<\/p>\n<p>No que se refere ao interior, a Amy Mala Tiracolo em Pele Laranja tem um interior em sarja de algod\u00e3o no qual pode tamb\u00e9m encontrar num lado um bolso extra, que fecha atrav\u00e9s de um fecho zip, e no outro lado mais dois pequenos bolsos sem fecho zip que ajudam a organizar a sua nova mala de ombro.<\/p>\n<p>Se adora uma personaliza\u00e7ao pode adicionar as suas iniciais \u00e0 Amy Mala Tiracolo em Pele Preta tornando-a unicamente sua. Para o fazer clique no botao personalizar e d\u00ea hoje o toque de luxo \u00e0 sua mala personalizando-a com as suas iniciais.<\/p>\n<p>Veja ainda a nossa sec\u00e7\u00e3o de len\u00e7os e d\u00ea um toque de cor e glamour \u00e0 sua mala. Clique <a href=\"https:\/\/mitibags.com\/lencos-malas\/\">aqui<\/a> e veja os modelos que temos dispon\u00edveis para si.<\/p>\n<p>&nbsp;<\/p>\n<p><strong>Tamanho: <\/strong>26x18x8 cm<\/p>\n<p><strong>Material Exterior: <\/strong> Pele Genu\u00edna com textura martelada<\/p>\n<p><strong>Material <\/strong> <strong> Interior: <\/strong>Sarja de Algod\u00e3o<\/p>\n<p><strong>Cor:<\/strong> Laranja<\/p>\n<p><strong>Cor das Ferragens:<\/strong> Dourado<\/p>\n","protected":false},"excerpt":{"rendered":"<p>Amy Mala Tiracolo em Pele Laranja com <strong>26 cm de comprimento e 18 cm de altura<\/strong>, \u00e9 produzida em It\u00e1lia com a melhor pele genu\u00edna de textura martelada, sendo o interior feito com em sarja de algod\u00e3o. O fecho dourado na frente, juntamente com o fecho de correr, permite fechar a sua mala garantindo-lhe uma maior seguran\u00e7a. Se adora uma personaliza\u00e7ao pode adicionar as suas iniciais \u00e0 Amy Mala Tiracolo em Pele Laranja tornando-a unicamente sua.<\/p>\n","protected":false},"featured_media":7493,"comment_status":"open","ping_status":"closed","template":"","meta":[],"product_brand":[],"product_cat":[83],"product_tag":[749],"class_list":{"0":"post-7951","1":"product","2":"type-product","3":"status-publish","4":"has-post-thumbnail","6":"product_cat-malas-tiracolo","7":"product_tag-amy-mala-tiracolo-em-pele-laranja","8":"tm-has-options","10":"first","11":"instock","12":"taxable","13":"shipping-taxable","14":"purchasable","15":"product-type-simple"},"_links":{"self":[{"href":"https:\/\/mitibags.com\/pt-pt\/wp-json\/wp\/v2\/product\/7951","targetHints":{"allow":["GET"]}}],"collection":[{"href":"https:\/\/mitibags.com\/pt-pt\/wp-json\/wp\/v2\/product"}],"about":[{"href":"https:\/\/mitibags.com\/pt-pt\/wp-json\/wp\/v2\/types\/product"}],"replies":[{"embeddable":true,"href":"https:\/\/mitibags.com\/pt-pt\/wp-json\/wp\/v2\/comments?post=7951"}],"version-history":[{"count":0,"href":"https:\/\/mitibags.com\/pt-pt\/wp-json\/wp\/v2\/product\/7951\/revisions"}],"wp:featuredmedia":[{"embeddable":true,"href":"https:\/\/mitibags.com\/pt-pt\/wp-json\/wp\/v2\/media\/7493"}],"wp:attachment":[{"href":"https:\/\/mitibags.com\/pt-pt\/wp-json\/wp\/v2\/media?parent=7951"}],"wp:term":[{"taxonomy":"product_brand","embeddable":true,"href":"https:\/\/mitibags.com\/pt-pt\/wp-json\/wp\/v2\/product_brand?post=7951"},{"taxonomy":"product_cat","embeddable":true,"href":"https:\/\/mitibags.com\/pt-pt\/wp-json\/wp\/v2\/product_cat?post=7951"},{"taxonomy":"product_tag","embeddable":true,"href":"https:\/\/mitibags.com\/pt-pt\/wp-json\/wp\/v2\/product_tag?post=7951"}],"curies":[{"name":"wp","href":"https:\/\/api.w.org\/{rel}","templated":true}]}}