{"id":7469,"date":"2024-05-22T17:56:28","date_gmt":"2024-05-22T16:56:28","guid":{"rendered":"https:\/\/mitibags.com\/?post_type=product&#038;p=7469"},"modified":"2024-06-13T23:12:50","modified_gmt":"2024-06-13T22:12:50","slug":"jessie-mala-bucket-rosa-em-pele","status":"publish","type":"product","link":"https:\/\/mitibags.com\/pt-pt\/product\/malas-em-pele\/malas-bucket\/jessie-mala-bucket-rosa-em-pele\/","title":{"rendered":"Jessie Mala Bucket Rosa em pele"},"content":{"rendered":"<h2>Jessie Mala Bucket Rosa em pele<\/h2>\n<p>&nbsp;<\/p>\n<p>A magn\u00edfica Jessie Mala Bucket Rosa em pele tem um estilo minimalista, mas dar\u00e1 concerteza um toque elegante ao seu visual.<\/p>\n<p>Feita com a mais bela pele genu\u00edna Italiana com textura marteladapor fora, mas em pele tamb\u00e9m no interior, a Jessie Mala Bucket Rosa em pele fecha com um fecho magn\u00e9tico que se encontra no interior da mala. Este interior encontra-se dividido em 3 compartimentos, sendo o do meio um bolso com fecho zip.<\/p>\n<p>O tamanho <strong>20 comprimento x 24 altura <\/strong>desta vers\u00e3o mais pequena distingue-se da maior pela cor da ferragem, dourada em vez da cor prateada usada no tamanho maior, mas tamb\u00e9m pela al\u00e7a extra de corrente dourada que permite us\u00e1-la como mala de m\u00e3o.<\/p>\n<p>Al\u00e9m da al\u00e7a dourada, que pode ser facilmente colocada e retirada da mala, a Jessie Mala Bucket Rosa em pele tem tamb\u00e9m uma al\u00e7a extra em pele, perfeita para os momentos em que precisa de conforto.<\/p>\n<p>Se adora uma mala personalizada, clique no bot\u00e3o &#8220;Personalizar&#8221; e acrescente as iniciais do seu nome \u00e0 sua mala bucket e torne-a exclusivamente sua.<\/p>\n<p>Acrescente um toque de cor \u00e0 sua mala com um dos nossos len\u00e7os. Veja <a href=\"https:\/\/mitibags.com\/lencos-malas\/\">aqui<\/a> todos os estilos que temos dispon\u00edveis e aprimore a beleza da sua mala.<\/p>\n<p><strong>Tamanho:<\/strong>20x15x24 cm<\/p>\n<p><strong>Material Exterior:<\/strong> Pele Genu\u00edna com textura martelada<\/p>\n<p><strong>Material<\/strong> <strong>Interior<\/strong> Pele Genu\u00edna<\/p>\n<p><strong>Cor:<\/strong> Rosa<\/p>\n<p><strong>Cor das Ferragens:<\/strong> Dourado<\/p>\n","protected":false},"excerpt":{"rendered":"<p>Jessie Mala Bucket Rosa em Pele, um dos estilos mais elegantes, luxuosos e glamorosos da nossa cole\u00e7\u00e3o. Fabricada em <strong>pele genu\u00edna italiana com uma textura deslumbrante<\/strong>, esta mala tem um tamanho de <strong>20 comprimento x 24 altura<\/strong>, perfeita para a correria do dia-a-dia. Personalize a sua mala com as suas iniciais e torne-a unicamente sua.<\/p>\n","protected":false},"featured_media":7413,"comment_status":"open","ping_status":"closed","template":"","meta":[],"product_brand":[],"product_cat":[81],"product_tag":[763,764,765],"class_list":{"0":"post-7469","1":"product","2":"type-product","3":"status-publish","4":"has-post-thumbnail","6":"product_cat-malas-bucket","7":"product_tag-jessie-mala-bucket-rosa-em-pele","8":"product_tag-mala-bucket-em-pele","9":"product_tag-mala-bucket-rosa-em-pele","10":"tm-has-options","12":"first","13":"outofstock","14":"taxable","15":"shipping-taxable","16":"purchasable","17":"product-type-simple"},"_links":{"self":[{"href":"https:\/\/mitibags.com\/pt-pt\/wp-json\/wp\/v2\/product\/7469","targetHints":{"allow":["GET"]}}],"collection":[{"href":"https:\/\/mitibags.com\/pt-pt\/wp-json\/wp\/v2\/product"}],"about":[{"href":"https:\/\/mitibags.com\/pt-pt\/wp-json\/wp\/v2\/types\/product"}],"replies":[{"embeddable":true,"href":"https:\/\/mitibags.com\/pt-pt\/wp-json\/wp\/v2\/comments?post=7469"}],"version-history":[{"count":0,"href":"https:\/\/mitibags.com\/pt-pt\/wp-json\/wp\/v2\/product\/7469\/revisions"}],"wp:featuredmedia":[{"embeddable":true,"href":"https:\/\/mitibags.com\/pt-pt\/wp-json\/wp\/v2\/media\/7413"}],"wp:attachment":[{"href":"https:\/\/mitibags.com\/pt-pt\/wp-json\/wp\/v2\/media?parent=7469"}],"wp:term":[{"taxonomy":"product_brand","embeddable":true,"href":"https:\/\/mitibags.com\/pt-pt\/wp-json\/wp\/v2\/product_brand?post=7469"},{"taxonomy":"product_cat","embeddable":true,"href":"https:\/\/mitibags.com\/pt-pt\/wp-json\/wp\/v2\/product_cat?post=7469"},{"taxonomy":"product_tag","embeddable":true,"href":"https:\/\/mitibags.com\/pt-pt\/wp-json\/wp\/v2\/product_tag?post=7469"}],"curies":[{"name":"wp","href":"https:\/\/api.w.org\/{rel}","templated":true}]}}