{"id":7462,"date":"2024-05-22T17:38:49","date_gmt":"2024-05-22T16:38:49","guid":{"rendered":"https:\/\/mitibags.com\/?post_type=product&#038;p=7462"},"modified":"2024-06-13T23:13:55","modified_gmt":"2024-06-13T22:13:55","slug":"audrey-mochila-em-pele-preta","status":"publish","type":"product","link":"https:\/\/mitibags.com\/pt-pt\/product\/malas-em-pele\/mochilas\/audrey-mochila-em-pele-preta\/","title":{"rendered":"Audrey Mochila em Pele Preta"},"content":{"rendered":"<h2>Audrey Mochila em Pele Preta<\/h2>\n<p>&nbsp;<\/p>\n<p>Produzida com a melhor <strong>Pele Italiana de textura martelada<\/strong>, esta \u00e9 uma mochila vers\u00e1til, perfeita para aquele fim de semana especial ou para as suas pr\u00f3ximas f\u00e9rias.<\/p>\n<p>Hoje em dia, as mochilas vieram para ficar no closet de qualquer mulher, tendo-se tornado na melhor op\u00e7\u00e3o para as ocasi\u00f5es em que precisa de liberdade para poder continuar a desfrutar da vida. Com <strong>29 cm de comprimento e 27,50 de altura<\/strong>, a Audrey Mochila em Pele Preta tem o tamanho perfeito para transportar tudo o que precisa. Com <strong>3 compartimentos com fecho zip<\/strong> e um pequeno bolso tamb\u00e9m com fecho zip no interior do compartimento maior, esta mochila vai ajud\u00e1-la a levar tudo o que precisa de forma organizada e confort\u00e1vel.<\/p>\n<p>Entendemos que a versatilidade \u00e9 importante para si, e a nossa Audrey Mochila em Pele Preta foi desenhada tendo em conta essa necessidade.<\/p>\n<p>As <strong>duas al\u00e7as, ajust\u00e1veis e facilmente remov\u00edveis,<\/strong> que acompanham a mochila facilitam n\u00e3o s\u00f3 a adapta\u00e7\u00e3o ao seu tamanho mas tamb\u00e9m, utilizando as 2 argolas que se encontram em cada um dos lados <strong>ferragens douradas<\/strong> e as tr\u00eas argolas que est\u00e3o na parte de tr\u00e1s, pode facilmente transformar a sua Audrey Mochila em Pele Preta em mala de ombro ou tiracolo. Na parte superior, encontra ainda uma pega, tornando-a f\u00e1cil de transportar.<\/p>\n<p>A Audrey Mochila em Pele Preta pode ser <strong> personalizada <\/strong> com as suas iniciais, tornando-a unicamente sua. Para o fazer clique no botao personalizar e d\u00ea hoje o toque de luxo \u00e0 sua mala personalizando-a com as suas iniciais.<\/p>\n<p>Acrescente um toque especial com um nos nossos acess\u00f3rios. Veja <a href=\"https:\/\/mitibags.com\/acessorios-malas\/\">aqui<\/a> todos os estilos que temos dispon\u00edveis e aprimore a beleza da sua mala.<\/p>\n<p>&nbsp;<\/p>\n<p><strong>Tamanho: <\/strong>29x11x27,50 cm<\/p>\n<p><strong>Material Exterior:<\/strong> Pele Genu\u00edna com textura martelada<\/p>\n<p><strong>Material <\/strong> <strong> Interior: <\/strong>Sarja de Algod\u00e3o<\/p>\n<p><strong>Cor:<\/strong> Preto<\/p>\n<p><strong>Cor das Ferragens:<\/strong> Dourado<\/p>\n","protected":false},"excerpt":{"rendered":"<p>A Audrey Mochila em Pele Preta, produzida com a melhor <strong>Pele Genu\u00edna Italiana, <\/strong> \u00e9 uma mochila vers\u00e1til, perfeita para aquele fim de semana especial ou para as suas pr\u00f3ximas f\u00e9rias. Com <strong>29 cm de comprimento e 27,50 de altura,<\/strong> 3 compartimentos com fecho de correr e <strong>duas al\u00e7as ajust\u00e1veis e remov\u00edveis, que<\/strong>facilitam a convers\u00e3o da Audrey Mochila em Pele Preta numa mala de ombro ou tiracolo, se procura versatilidade e conforto esta pode ser a mochila ideal para si.<\/p>\n","protected":false},"featured_media":7283,"comment_status":"open","ping_status":"closed","template":"","meta":[],"product_brand":[],"product_cat":[80],"product_tag":[315,314,316],"class_list":{"0":"post-7462","1":"product","2":"type-product","3":"status-publish","4":"has-post-thumbnail","6":"product_cat-mochilas","7":"product_tag-audrey-mochila-em-pele-camel","8":"product_tag-mochila-camel-em-pele","9":"product_tag-mochila-de-pele","10":"tm-has-options","12":"first","13":"outofstock","14":"taxable","15":"shipping-taxable","16":"purchasable","17":"product-type-simple"},"_links":{"self":[{"href":"https:\/\/mitibags.com\/pt-pt\/wp-json\/wp\/v2\/product\/7462","targetHints":{"allow":["GET"]}}],"collection":[{"href":"https:\/\/mitibags.com\/pt-pt\/wp-json\/wp\/v2\/product"}],"about":[{"href":"https:\/\/mitibags.com\/pt-pt\/wp-json\/wp\/v2\/types\/product"}],"replies":[{"embeddable":true,"href":"https:\/\/mitibags.com\/pt-pt\/wp-json\/wp\/v2\/comments?post=7462"}],"version-history":[{"count":0,"href":"https:\/\/mitibags.com\/pt-pt\/wp-json\/wp\/v2\/product\/7462\/revisions"}],"wp:featuredmedia":[{"embeddable":true,"href":"https:\/\/mitibags.com\/pt-pt\/wp-json\/wp\/v2\/media\/7283"}],"wp:attachment":[{"href":"https:\/\/mitibags.com\/pt-pt\/wp-json\/wp\/v2\/media?parent=7462"}],"wp:term":[{"taxonomy":"product_brand","embeddable":true,"href":"https:\/\/mitibags.com\/pt-pt\/wp-json\/wp\/v2\/product_brand?post=7462"},{"taxonomy":"product_cat","embeddable":true,"href":"https:\/\/mitibags.com\/pt-pt\/wp-json\/wp\/v2\/product_cat?post=7462"},{"taxonomy":"product_tag","embeddable":true,"href":"https:\/\/mitibags.com\/pt-pt\/wp-json\/wp\/v2\/product_tag?post=7462"}],"curies":[{"name":"wp","href":"https:\/\/api.w.org\/{rel}","templated":true}]}}