{"id":7211,"date":"2024-05-19T18:14:11","date_gmt":"2024-05-19T17:14:11","guid":{"rendered":"https:\/\/mitibags.com\/?post_type=product&#038;p=7211"},"modified":"2024-06-13T23:17:35","modified_gmt":"2024-06-13T22:17:35","slug":"audrey-bege-mala-de-ombro-em-pele","status":"publish","type":"product","link":"https:\/\/mitibags.com\/pt-pt\/product\/malas-em-pele\/malas-de-ombro\/audrey-bege-mala-de-ombro-em-pele\/","title":{"rendered":"Audrey Bege Mala de Ombro em Pele"},"content":{"rendered":"<h2>Audrey Bege Mala de Ombro em Pele<\/h2>\n<p>&nbsp;<\/p>\n<p>Apresentamos a nossa Audrey Bege Mala de Ombro em <strong>Pele genu\u00edna<\/strong>. Produzida em It\u00e1lia pelas m\u00e3os dos nossos artes\u00e3os experientes, se procura uma mala fashion que a fa\u00e7a brilhar este pode ser o modelo que procura.<\/p>\n<p>Com um design glamoroso e elegante e <strong>32 cm de altura e 39 cm de comprimento<\/strong>,a Audrey Bege Mala de Ombro em Pele \u00e9 a escolha perfeita para quem procura uma mala onde possa levar desde os essenciais at\u00e9 mesmo um livro mas sem perder o estilo.<\/p>\n<p>O fecho dourado que se encontra na frente da mala e est\u00e1 junto com uma aba, \u00e9 o que permite fechar e abrir a sua mala facilmente. Contudo, procurando refor\u00e7ar a seguran\u00e7a da sua mala, no interior existe ainda um fecho zip, tendo que abrir ambos para aceder ao interior da sua mala, mantendo assim as suas coisas o mais seguras poss\u00edvel.<\/p>\n<p>No interior, em sarja de algod\u00e3o, pode encontrar num dos lados um bolso com fecho zip e no lado oposto outros dois bolsos, mais pequenos. Estes bolsos interiores tornam mais f\u00e1cil organizar a sua mala e ter as suas coisas \u00e0 m\u00e3o e f\u00e1ceis de encontrar.<\/p>\n<p>Se pretende dar um toque de cor \u00e0 sua mala acrescente um len\u00e7o. Veja <a href=\"https:\/\/mitibags.com\/lencos-malas\/\">aqui<\/a> a cole\u00e7\u00e3o de len\u00e7os que preparamos para si.<\/p>\n<p>Adora uma mala personalizada? Clique no bot\u00e3o personalizar, adicione as suas iniciais e torne a Audrey Bege Mala de Ombro em Pele unicamente sua e feita especialmente para si.<\/p>\n<p>&nbsp;<\/p>\n<p><strong>Tamanho: <\/strong>39x5x32 cm<\/p>\n<p><strong>Material Exterior: <\/strong> Pele Genu\u00edna com textura martelada<\/p>\n<p><strong>Material<\/strong> <strong>Interior<\/strong> Pele Genu\u00edna<\/p>\n<p><strong>Cor:<\/strong> Bege<\/p>\n<p><strong>Cor das Ferragens:<\/strong> Dourado<\/p>\n","protected":false},"excerpt":{"rendered":"<p>Apresentamos a nossa Audrey Bege Mala de Ombro em <strong>Pele genu\u00edna<\/strong>. Produzida em It\u00e1lia pelas m\u00e3os dos nossos experientes artes\u00e3os, se procura uma mala fashion que a fa\u00e7a brilhar este pode ser o modelo que procura. Com um design glamoroso e elegante e <strong>32 cm de altura e 39 cm de comprimento<\/strong>, a Audrey Bege Mala de Ombro em Pele \u00e9 a escolha perfeita para quem procura uma mala onde possa levar desde os essenciais at\u00e9 mesmo um livro mas sem perder o estilo.<\/p>\n","protected":false},"featured_media":7176,"comment_status":"open","ping_status":"closed","template":"","meta":[],"product_brand":[],"product_cat":[84],"product_tag":[776,287,775],"class_list":{"0":"post-7211","1":"product","2":"type-product","3":"status-publish","4":"has-post-thumbnail","6":"product_cat-malas-de-ombro","7":"product_tag-audrey-bege-mala-de-ombro-em-pele","8":"product_tag-bolsa-de-couro-a-tiracolo","9":"product_tag-mala-de-ombro-bege-em-pele","10":"tm-has-options","12":"first","13":"instock","14":"taxable","15":"shipping-taxable","16":"purchasable","17":"product-type-simple"},"_links":{"self":[{"href":"https:\/\/mitibags.com\/pt-pt\/wp-json\/wp\/v2\/product\/7211","targetHints":{"allow":["GET"]}}],"collection":[{"href":"https:\/\/mitibags.com\/pt-pt\/wp-json\/wp\/v2\/product"}],"about":[{"href":"https:\/\/mitibags.com\/pt-pt\/wp-json\/wp\/v2\/types\/product"}],"replies":[{"embeddable":true,"href":"https:\/\/mitibags.com\/pt-pt\/wp-json\/wp\/v2\/comments?post=7211"}],"version-history":[{"count":0,"href":"https:\/\/mitibags.com\/pt-pt\/wp-json\/wp\/v2\/product\/7211\/revisions"}],"wp:featuredmedia":[{"embeddable":true,"href":"https:\/\/mitibags.com\/pt-pt\/wp-json\/wp\/v2\/media\/7176"}],"wp:attachment":[{"href":"https:\/\/mitibags.com\/pt-pt\/wp-json\/wp\/v2\/media?parent=7211"}],"wp:term":[{"taxonomy":"product_brand","embeddable":true,"href":"https:\/\/mitibags.com\/pt-pt\/wp-json\/wp\/v2\/product_brand?post=7211"},{"taxonomy":"product_cat","embeddable":true,"href":"https:\/\/mitibags.com\/pt-pt\/wp-json\/wp\/v2\/product_cat?post=7211"},{"taxonomy":"product_tag","embeddable":true,"href":"https:\/\/mitibags.com\/pt-pt\/wp-json\/wp\/v2\/product_tag?post=7211"}],"curies":[{"name":"wp","href":"https:\/\/api.w.org\/{rel}","templated":true}]}}