{"id":7105,"date":"2024-05-19T14:51:20","date_gmt":"2024-05-19T13:51:20","guid":{"rendered":"https:\/\/mitibags.com\/?post_type=product&#038;p=7105"},"modified":"2024-06-13T23:23:41","modified_gmt":"2024-06-13T22:23:41","slug":"sahara-mala-shopper-bege-em-pele","status":"publish","type":"product","link":"https:\/\/mitibags.com\/pt-pt\/product\/malas-em-pele\/malas-de-ombro\/sahara-mala-shopper-bege-em-pele\/","title":{"rendered":"Sahara Mala Shopper Bege em Pele"},"content":{"rendered":"<h2>Sahara Mala Shopper Bege em Pele<\/h2>\n<p>&nbsp;<\/p>\n<p>A nossa Sahara Mala Shopper Bege em Pele com <strong>48 cm de altura por 48 cm de comprimento <\/strong> e \u00e9 feita com a nossa maravilhosa <strong>pele genu\u00edna martelada<\/strong> de cor bege e tem um tamanho grande perfeito para poder levar consigo tudo o que precisa.<\/p>\n<p>O <strong> fecho<\/strong> \u00e9 feito atrav\u00e9s de um \u00edman, situado no interior e, para aumentar a seguran\u00e7a da sua mala, tem ainda uma pequena <strong>bolsa com fecho zip no interior<\/strong> da Sahara Mala Shopper Bege em Pele , perfeita para manter as suas coisas mais seguras e f\u00e1ceis de encontrar. Esta bolsa pequena, em conjunto com a al\u00e7a extra que acompanha a Sahara Mala Shopper Bege em Pele, torna poss\u00edvel usar essa bolsa como uma pequena mala tiracolo, assim, ao comprar a Sahara Mala Shopper Bege em Pele compra n\u00e3o apenas uma mas duas malas.<\/p>\n<p>A Mala Shopper n\u00e3o tem ferragens, contudo, a bolsa mais pequena assim como a al\u00e7a t\u00eam <strong>ferragens prateadas.<\/strong><\/p>\n<p>Se adora uma <strong>personaliza\u00e7\u00e3o<\/strong> pode adicionar as suas iniciais \u00e0 Sahara Mala Shopper Bege em Pele tornando-a unicamente sua. Para o fazer clique no bot\u00e3o personalizar e d\u00ea hoje o toque de luxo \u00e0 sua mala personalizando-a com as suas iniciais.<\/p>\n<p>Acrescente um toque de cor \u00e0 sua mala adicionando um dos nossos len\u00e7os. Veja <a href=\"https:\/\/mitibags.com\/lencos-malas\/\">aqui<\/a> todos os estilos que temos dispon\u00edveis e aprimore a beleza da sua mala.<\/p>\n<p>&nbsp;<\/p>\n<p><strong>Tamanho: <\/strong>48x48x20 cm<\/p>\n<p><strong>Material Exterior: <\/strong> Pele Genu\u00edna com textura martelada<\/p>\n<p><strong>Material<\/strong> <strong>Interior<\/strong> Pele Genu\u00edna<\/p>\n<p><strong>Cor:<\/strong> Bege<\/p>\n<p><strong>Cor das Ferragens:<\/strong> Dourado<\/p>\n","protected":false},"excerpt":{"rendered":"<p>A nossa Sahara Mala Shopper Bege em Pele com <strong>48 cm de altura por 48 cm de comprimento<\/strong> \u00e9 feita com a nossa maravilhosa <strong>pele genu\u00edna martelada<\/strong> e tem um tamanho grande perfeito para poder levar consigo tudo o que precisa. No interior, encontra uma pequena bolsa que, juntamente com a al\u00e7a extra que acompanha a mala, permite usar esta bolsa como uma mala tiracolo. Se adora uma personaliza\u00e7\u00e3o pode adicionar as suas iniciais \u00e0 Sahara Mala Shopper Bege em Pele tornando-a unicamente sua.<\/p>\n","protected":false},"featured_media":7070,"comment_status":"open","ping_status":"closed","template":"","meta":[],"product_brand":[],"product_cat":[84],"product_tag":[787,292,788],"class_list":{"0":"post-7105","1":"product","2":"type-product","3":"status-publish","4":"has-post-thumbnail","6":"product_cat-malas-de-ombro","7":"product_tag-mala-shopper-bege-em-pele-pt-pt","8":"product_tag-mala-shopper-em-pele","9":"product_tag-sahara-mala-shopper-bege-em-pele","10":"tm-has-options","12":"first","13":"instock","14":"taxable","15":"shipping-taxable","16":"purchasable","17":"product-type-simple"},"_links":{"self":[{"href":"https:\/\/mitibags.com\/pt-pt\/wp-json\/wp\/v2\/product\/7105","targetHints":{"allow":["GET"]}}],"collection":[{"href":"https:\/\/mitibags.com\/pt-pt\/wp-json\/wp\/v2\/product"}],"about":[{"href":"https:\/\/mitibags.com\/pt-pt\/wp-json\/wp\/v2\/types\/product"}],"replies":[{"embeddable":true,"href":"https:\/\/mitibags.com\/pt-pt\/wp-json\/wp\/v2\/comments?post=7105"}],"version-history":[{"count":0,"href":"https:\/\/mitibags.com\/pt-pt\/wp-json\/wp\/v2\/product\/7105\/revisions"}],"wp:featuredmedia":[{"embeddable":true,"href":"https:\/\/mitibags.com\/pt-pt\/wp-json\/wp\/v2\/media\/7070"}],"wp:attachment":[{"href":"https:\/\/mitibags.com\/pt-pt\/wp-json\/wp\/v2\/media?parent=7105"}],"wp:term":[{"taxonomy":"product_brand","embeddable":true,"href":"https:\/\/mitibags.com\/pt-pt\/wp-json\/wp\/v2\/product_brand?post=7105"},{"taxonomy":"product_cat","embeddable":true,"href":"https:\/\/mitibags.com\/pt-pt\/wp-json\/wp\/v2\/product_cat?post=7105"},{"taxonomy":"product_tag","embeddable":true,"href":"https:\/\/mitibags.com\/pt-pt\/wp-json\/wp\/v2\/product_tag?post=7105"}],"curies":[{"name":"wp","href":"https:\/\/api.w.org\/{rel}","templated":true}]}}