{"id":6852,"date":"2024-05-18T19:23:47","date_gmt":"2024-05-18T18:23:47","guid":{"rendered":"https:\/\/mitibags.com\/?post_type=product&#038;p=6852"},"modified":"2024-06-13T23:35:56","modified_gmt":"2024-06-13T22:35:56","slug":"emma-mala-de-mao-em-pele-bege","status":"publish","type":"product","link":"https:\/\/mitibags.com\/pt-pt\/product\/malas-em-pele\/malas-de-mao\/emma-mala-de-mao-em-pele-bege\/","title":{"rendered":"Emma Mala de M\u00e3o em Pele Bege"},"content":{"rendered":"<h2>Emma Mala de M\u00e3o em Pele Bege<\/h2>\n<p>&nbsp;<\/p>\n<p>Procura a mala perfeita para a sua rotina de trabalho e dia-a-dia? A Emma Mala de M\u00e3o em Pele Bege \u00e9 a mala perfeita para a rotina de trabalho e ser\u00e1 a sua melhor parceira no caminho para o sucesso!<\/p>\n<p>Produzida em It\u00e1lia, com <strong>Pele Italiana excelente qualidade<\/strong>, tanto no interior como no exterior, Emma Mala de M\u00e3o em Pele Bege tem o tamanho perfeito de <strong>32 cm de comprimento x 27 cm de altura<\/strong>, para encaixar perfeitamente tudo aquilo que precisa para o seu trabalho.<\/p>\n<p>Para uma excelente organiza\u00e7\u00e3o, o interior est\u00e1 dividido em <strong>3 compartimentos<\/strong>, sendo o do meio um bolso com fecho zip e os outros dois fecham com dois \u00edmanes que se encontram no interior da mala. Esta divis\u00e3o \u00e9 perfeita para poder organizar todos os seus documentos, levar os seus objetos essenciais e ainda, levar o seu port\u00e1til ou tablet. O formato quadrado permite ainda que possa guardar todos os documentos do seu trabalho sem os ter que dobrar, mantendo-os em perfeito estado.<\/p>\n<p>Num dos lados que fecham com \u00edman, a Emma Mala de M\u00e3o em Pele Bege tem ainda um <strong>pequeno bolso tamb\u00e9m com fecho zip <\/strong>e, no lado oposto, outros <strong> dois bolsos mais pequenos<\/strong>, sem zip, fazendo dela n\u00e3o apenas uma <strong>mala statement<\/strong> mas tamb\u00e9m uma solu\u00e7\u00e3o pr\u00e1tica para o seu estilo de vida corrido.<\/p>\n<p>Em cada um dos lados da Emma Mala de M\u00e3o em Pele Bege encontram-se duas argolas douradas onde pode prender a <strong>al\u00e7a de pele ajust\u00e1vel <\/strong> que vem com a mala. Se procura outro estilo de al\u00e7a, como uma al\u00e7a estilo guitar strap, veja <a href=\"https:\/\/mitibags.com\/bags-straps\/\">aqui<\/a> os v\u00e1rios modelos que temos dispon\u00edveis e escolha a que for perfeita para si.<\/p>\n<p>A Emma Mala de M\u00e3o em Pele Bege \u00e9 uma op\u00e7\u00e3o elegante, mas tamb\u00e9m pr\u00e1tica, se procura uma mala que se adapte \u00e0s suas necessidades de trabalho, mas que tamb\u00e9m realce a eleg\u00e2ncia do seu look. Para a tornar ainda mais perfeita e \u00fanica, que tal personalizar a sua nova mala de m\u00e3o em pele preta com as iniciais do seu nome? Para o fazer clique no bot\u00e3o personalizar e d\u00ea hoje o toque de luxo \u00e0 sua mala personalizando-a com as suas iniciais.<\/p>\n<p>&nbsp;<\/p>\n<p><strong>Tamanho: <\/strong>32x14x27 cm<\/p>\n<p><strong>Material exterior: <\/strong>Pele Genu\u00edna com textura martelada<\/p>\n<p><strong>Material<\/strong> <strong>Interior<\/strong> Pele Genu\u00edna<\/p>\n<p><strong>Cor:<\/strong> Bege<\/p>\n<p><strong>Cor das Ferragens:<\/strong> Dourado<\/p>\n","protected":false},"excerpt":{"rendered":"<p>A Emma Mala de M\u00e3o em Pele Bege \u00e9 a mala perfeita para a rotina de trabalho e ser\u00e1 a sua melhor parceira no caminho para o sucesso! Com <strong>32 cm de comprimento x 27 cm de altura <\/strong>e 3 compartimentos, pode transportar n\u00e3o s\u00f3 os seus artigos essenciais, mas tamb\u00e9m o seu port\u00e1til, tablet e at\u00e9 mesmo documentos de trabalho. A al\u00e7a de pele ajust\u00e1vel confere \u00e0 Emma Mala de M\u00e3o em Pele Preta versatilidade, podendo ser usada n\u00e3o s\u00f3 como mala de m\u00e3o, mas tamb\u00e9m como mala a tiracolo.<\/p>\n","protected":false},"featured_media":6807,"comment_status":"open","ping_status":"closed","template":"","meta":[],"product_brand":[],"product_cat":[61],"product_tag":[342,798,303],"class_list":{"0":"post-6852","1":"product","2":"type-product","3":"status-publish","4":"has-post-thumbnail","6":"product_cat-malas-de-mao","7":"product_tag-beige-leather-handbag-pt-pt","8":"product_tag-emma-mala-de-mao-em-pele-bege","9":"product_tag-mala-de-pele-para-trabalho","10":"tm-has-options","12":"first","13":"instock","14":"taxable","15":"shipping-taxable","16":"purchasable","17":"product-type-simple"},"_links":{"self":[{"href":"https:\/\/mitibags.com\/pt-pt\/wp-json\/wp\/v2\/product\/6852","targetHints":{"allow":["GET"]}}],"collection":[{"href":"https:\/\/mitibags.com\/pt-pt\/wp-json\/wp\/v2\/product"}],"about":[{"href":"https:\/\/mitibags.com\/pt-pt\/wp-json\/wp\/v2\/types\/product"}],"replies":[{"embeddable":true,"href":"https:\/\/mitibags.com\/pt-pt\/wp-json\/wp\/v2\/comments?post=6852"}],"version-history":[{"count":0,"href":"https:\/\/mitibags.com\/pt-pt\/wp-json\/wp\/v2\/product\/6852\/revisions"}],"wp:featuredmedia":[{"embeddable":true,"href":"https:\/\/mitibags.com\/pt-pt\/wp-json\/wp\/v2\/media\/6807"}],"wp:attachment":[{"href":"https:\/\/mitibags.com\/pt-pt\/wp-json\/wp\/v2\/media?parent=6852"}],"wp:term":[{"taxonomy":"product_brand","embeddable":true,"href":"https:\/\/mitibags.com\/pt-pt\/wp-json\/wp\/v2\/product_brand?post=6852"},{"taxonomy":"product_cat","embeddable":true,"href":"https:\/\/mitibags.com\/pt-pt\/wp-json\/wp\/v2\/product_cat?post=6852"},{"taxonomy":"product_tag","embeddable":true,"href":"https:\/\/mitibags.com\/pt-pt\/wp-json\/wp\/v2\/product_tag?post=6852"}],"curies":[{"name":"wp","href":"https:\/\/api.w.org\/{rel}","templated":true}]}}