{"id":6800,"date":"2024-05-18T17:54:35","date_gmt":"2024-05-18T16:54:35","guid":{"rendered":"https:\/\/mitibags.com\/?post_type=product&#038;p=6800"},"modified":"2024-06-13T23:36:43","modified_gmt":"2024-06-13T22:36:43","slug":"double-mala-bege-em-pele","status":"publish","type":"product","link":"https:\/\/mitibags.com\/pt-pt\/product\/malas-em-pele\/malas-de-ombro\/double-mala-bege-em-pele\/","title":{"rendered":"Double Mala Bege em Pele"},"content":{"rendered":"<h2>Double Mala Bege em Pele<\/h2>\n<p>&nbsp;<\/p>\n<p>Produzida em It\u00e1lia com a melhor <strong>pele genu\u00edna com textura martelada<\/strong> e com um interior em <strong>sarja de algod\u00e3o<\/strong>, Double Mala Bege em Pele<strong> pode ser usada de 3 formas diferentes,<\/strong> tornando-se numa mala vers\u00e1til e bonita que se adapta f\u00e1cil e rapidamente de look de dia para um look de noite, perfeita para quando tem aquele jantar ou sa\u00edda com as amigas logo a seguir ao trabalho e n\u00e3o tem tempo para trocar de mala.<\/p>\n<p>Com duas al\u00e7as amov\u00edveis, uma mais pequena, em pele, perfeita para usar a sua mala ao ombro, e outra mais comprida, que combina pele (na zona do ombro) e corrente dourada, da mesma cor do resto das ferragens, perfeita para poder usar a sua mala a tiracolo de forma confort\u00e1vel.<\/p>\n<p>Mas o design da Double Mala Bege em Pele vai al\u00e9m das duas al\u00e7as. Os dois cord\u00f5es de pele, que se encontram nas laterais da mala, podem ser puxados, mudando facilmente a forma da tua bolsa de um formato envelope para um estilo mais bucket. Mas, a versatilidade deste modelo n\u00e3o fica por aqui. Se remover as al\u00e7as e dobrar o topo pode us\u00e1-la num estilo clutch, perfeita para um look mais glamoroso.<\/p>\n<p>O tamanho de <strong>31 de comprimento e 30 de altura<\/strong> \u00e9 perfeito para transportar tudo o que precisa e, no interior da mala, encontra tamb\u00e9m um pequeno bolso com fecho zip e dois outros bolsos pequenos, perfeitos para manter tudo organizado e f\u00e1cil de encontrar dentro da sua mala.<\/p>\n<p>Se adora uma personaliza\u00e7\u00e3o pode adicionar as suas iniciais \u00e0 Double Mala Bege em Pele tornando-a unicamente sua. Para o fazer clique no bot\u00e3o personalizar e d\u00ea hoje o toque de luxo \u00e0 sua mala personalizando-a com as suas iniciais.<\/p>\n<p>Se adora uma personaliza\u00e7\u00e3o pode adicionar as suas iniciais \u00e0 Double Mala Bege em Pele tornando-a unicamente sua. Veja <a href=\"https:\/\/mitibags.com\/acessorios-malas\/\">aqui<\/a> a sec\u00e7\u00e3o de acess\u00f3rios que prepar\u00e1mos para si.<\/p>\n<p>&nbsp;<\/p>\n<p><strong>Tamanho: <\/strong>31&#215;18,50&#215;30 cm<\/p>\n<p><strong>Material Exterior:<\/strong> Pele Genu\u00edna com Textura Martelada<\/p>\n<p><strong>Material<\/strong> <strong>Interior:<\/strong> Sarja de Algod\u00e3o<\/p>\n<p><strong>Cor:<\/strong> Bege<\/p>\n<p><strong>Cor das Ferragens:<\/strong> Dourado<\/p>\n","protected":false},"excerpt":{"rendered":"<p>Produzida em It\u00e1lia com a melhor <strong>pele genu\u00edna com textura martelada<\/strong> e com um interior em <strong>sarja de algod\u00e3o <\/strong>a Double Mala Bege em Pele<strong> pode ser usada de 3 formas diferentes,<\/strong> tornando-se numa mala vers\u00e1til e bonita que se adapta f\u00e1cil e rapidamente de look de dia para um look de noite, perfeita para quando tem aquele jantar ou sa\u00edda com as amigas logo a seguir ao trabalho e n\u00e3o tem tempo para trocar de mala.<\/p>\n","protected":false},"featured_media":6753,"comment_status":"open","ping_status":"closed","template":"","meta":[],"product_brand":[],"product_cat":[84,83],"product_tag":[322],"class_list":{"0":"post-6800","1":"product","2":"type-product","3":"status-publish","4":"has-post-thumbnail","6":"product_cat-malas-de-ombro","7":"product_cat-malas-tiracolo","8":"product_tag-mala-em-pele-multiway","9":"tm-has-options","11":"first","12":"instock","13":"taxable","14":"shipping-taxable","15":"purchasable","16":"product-type-simple"},"_links":{"self":[{"href":"https:\/\/mitibags.com\/pt-pt\/wp-json\/wp\/v2\/product\/6800","targetHints":{"allow":["GET"]}}],"collection":[{"href":"https:\/\/mitibags.com\/pt-pt\/wp-json\/wp\/v2\/product"}],"about":[{"href":"https:\/\/mitibags.com\/pt-pt\/wp-json\/wp\/v2\/types\/product"}],"replies":[{"embeddable":true,"href":"https:\/\/mitibags.com\/pt-pt\/wp-json\/wp\/v2\/comments?post=6800"}],"version-history":[{"count":0,"href":"https:\/\/mitibags.com\/pt-pt\/wp-json\/wp\/v2\/product\/6800\/revisions"}],"wp:featuredmedia":[{"embeddable":true,"href":"https:\/\/mitibags.com\/pt-pt\/wp-json\/wp\/v2\/media\/6753"}],"wp:attachment":[{"href":"https:\/\/mitibags.com\/pt-pt\/wp-json\/wp\/v2\/media?parent=6800"}],"wp:term":[{"taxonomy":"product_brand","embeddable":true,"href":"https:\/\/mitibags.com\/pt-pt\/wp-json\/wp\/v2\/product_brand?post=6800"},{"taxonomy":"product_cat","embeddable":true,"href":"https:\/\/mitibags.com\/pt-pt\/wp-json\/wp\/v2\/product_cat?post=6800"},{"taxonomy":"product_tag","embeddable":true,"href":"https:\/\/mitibags.com\/pt-pt\/wp-json\/wp\/v2\/product_tag?post=6800"}],"curies":[{"name":"wp","href":"https:\/\/api.w.org\/{rel}","templated":true}]}}