{"id":6612,"date":"2024-05-16T22:59:07","date_gmt":"2024-05-16T21:59:07","guid":{"rendered":"https:\/\/mitibags.com\/?post_type=product&#038;p=6612"},"modified":"2024-06-14T17:10:42","modified_gmt":"2024-06-14T16:10:42","slug":"classy-m-mala-de-ombro-bege-em-pele","status":"publish","type":"product","link":"https:\/\/mitibags.com\/pt-pt\/product\/malas-em-pele\/malas-de-ombro\/classy-m-mala-de-ombro-bege-em-pele\/","title":{"rendered":"Classy M Mala de Ombro Bege em Pele"},"content":{"rendered":"<h2>Classy M Mala de Ombro Bege em Pele<\/h2>\n<p>&nbsp;<\/p>\n<p>A Classy M Mala de Ombro Bege em Pele, com o seu estilo elegante, distingue-se da nossa classic por uma ligeira diferen\u00e7a no padr\u00e3o.<\/p>\n<p>Com os mesmos <strong>27 cm de comprimento e 17 cm de altura, <\/strong>este modelo utiliza um padr\u00e3o diferente, ainda com formato de losangos\/diamantes, mas com um tamanho maior.<\/p>\n<p>Os detalhes das ferragens douradas enaltecem a beleza da vers\u00e3o bege da nossa Classy M Mala de Ombro, beleza que \u00e9 tamb\u00e9m refor\u00e7ada pela qualidade da <strong>pele genu\u00edna <\/strong> que far\u00e1 a sua mala durar por muito tempo.<\/p>\n<p>O interior, feito em sarja de algod\u00e3o, est\u00e1 dividido em <strong>3 compartimentos,<\/strong> sendo o do meio com um fecho de correr para facilitar o acesso ao essencial. No interior, encontra tamb\u00e9m um pequeno bolso com fecho zip e um bolso extra em pele desenhado para guardar o telem\u00f3vel, tornando assim f\u00e1cil encontrar todos os seus objetos e manter a sua mala organizada.<\/p>\n<p>Relativamente <strong>\u00e0s al\u00e7as, <\/strong>estas s\u00e3o compostas por uma combina\u00e7\u00e3o de corrente dourada com pele entran\u00e7ada, e podem ser ajustadas para usar como mala de ombro, com duas al\u00e7as, ou, se preferir um estilo tiracolo, pode faz\u00ea-lo usando uma al\u00e7a \u00fanica. Este ajuste \u00e9 feito facilmente simplesmente puxando as duas al\u00e7as.<\/p>\n<p>Se adora uma mala personalizada pode adicionar as suas iniciais na frente ou interior da Classy M Mala de Ombro Bege em Pele, ou at\u00e9 mesmo uma mensagem especial no interior da aba.<\/p>\n<p>&nbsp;<\/p>\n<p><strong>Tamanho: <\/strong>27x8x17 cm<\/p>\n<p><strong>Material Exterior: <\/strong>Pele Genu\u00edna<\/p>\n<p><strong>Material<\/strong> <strong>Interior:<\/strong> Sarja de algod\u00e3o<\/p>\n<p><strong>Cor:<\/strong> Bege<\/p>\n<p><strong>Cor das Ferragens:<\/strong> Dourado<\/p>\n","protected":false},"excerpt":{"rendered":"<p>A Classy M Mala de Ombro Bege em Pele, com o seu estilo elegante, distingue-se da nossa classic por uma ligeira diferen\u00e7a no padr\u00e3o. Com os mesmos <strong>27 cm de comprimento e 17 cm de altura, <\/strong>este modelo utiliza um padr\u00e3o diferente, ainda com formato de losangos\/diamantes, mas com um tamanho maior. Fabricada em It\u00e1lia com a melhor <strong>pele genu\u00edna<\/strong> no exterior e o interior em sarja de algod\u00e3o, esta mala vai faz\u00ea-la brilhar.<\/p>\n","protected":false},"featured_media":6493,"comment_status":"open","ping_status":"closed","template":"","meta":[],"product_brand":[],"product_cat":[84],"product_tag":[287,775],"class_list":{"0":"post-6612","1":"product","2":"type-product","3":"status-publish","4":"has-post-thumbnail","6":"product_cat-malas-de-ombro","7":"product_tag-bolsa-de-couro-a-tiracolo","8":"product_tag-mala-de-ombro-bege-em-pele","9":"tm-has-options","11":"first","12":"instock","13":"taxable","14":"shipping-taxable","15":"purchasable","16":"product-type-simple"},"_links":{"self":[{"href":"https:\/\/mitibags.com\/pt-pt\/wp-json\/wp\/v2\/product\/6612","targetHints":{"allow":["GET"]}}],"collection":[{"href":"https:\/\/mitibags.com\/pt-pt\/wp-json\/wp\/v2\/product"}],"about":[{"href":"https:\/\/mitibags.com\/pt-pt\/wp-json\/wp\/v2\/types\/product"}],"replies":[{"embeddable":true,"href":"https:\/\/mitibags.com\/pt-pt\/wp-json\/wp\/v2\/comments?post=6612"}],"version-history":[{"count":0,"href":"https:\/\/mitibags.com\/pt-pt\/wp-json\/wp\/v2\/product\/6612\/revisions"}],"wp:featuredmedia":[{"embeddable":true,"href":"https:\/\/mitibags.com\/pt-pt\/wp-json\/wp\/v2\/media\/6493"}],"wp:attachment":[{"href":"https:\/\/mitibags.com\/pt-pt\/wp-json\/wp\/v2\/media?parent=6612"}],"wp:term":[{"taxonomy":"product_brand","embeddable":true,"href":"https:\/\/mitibags.com\/pt-pt\/wp-json\/wp\/v2\/product_brand?post=6612"},{"taxonomy":"product_cat","embeddable":true,"href":"https:\/\/mitibags.com\/pt-pt\/wp-json\/wp\/v2\/product_cat?post=6612"},{"taxonomy":"product_tag","embeddable":true,"href":"https:\/\/mitibags.com\/pt-pt\/wp-json\/wp\/v2\/product_tag?post=6612"}],"curies":[{"name":"wp","href":"https:\/\/api.w.org\/{rel}","templated":true}]}}