{"id":6603,"date":"2024-05-16T22:44:10","date_gmt":"2024-05-16T21:44:10","guid":{"rendered":"https:\/\/mitibags.com\/?post_type=product&#038;p=6603"},"modified":"2024-06-14T17:11:55","modified_gmt":"2024-06-14T16:11:55","slug":"classy-xl-mala-de-ombro-rosa-em-pele","status":"publish","type":"product","link":"https:\/\/mitibags.com\/pt-pt\/product\/malas-em-pele\/malas-de-ombro\/classy-xl-mala-de-ombro-rosa-em-pele\/","title":{"rendered":"Classy XL Mala de Ombro Rosa em Pele"},"content":{"rendered":"<h2>Classy XL Mala de Ombro Rosa em Pele<\/h2>\n<p>&nbsp;<\/p>\n<p>Com a Classy XL Mala de Ombro Rosa em Pele pode levar consigo tudo o que precisa, se procura uma mala elegante com design cl\u00e1ssico, mas com tamanho suficiente para poder levar n\u00e3o s\u00f3 o essencial mas tamb\u00e9m por exemplo um livro ou at\u00e9 mesmo um pequeno tablet, esta mala pode ser exatamente o que procura.<\/p>\n<p>Mantendo o estilo cl\u00e1ssico elegante e corpo estruturado, quando comparada com o modelo Classic, o design da Classy XL Mala de Ombro Rosa em Pele diferencia-se pelo formato dos losangos, maiores do que no modelo classic, mas mant\u00e9m o tamanho de <strong>32 cm de comprimento e 22 cm de altura.<\/strong><\/p>\n<p>A qualidade da pele \u00e9 simplesmente espantosa, tal como a vers\u00e3o mais pequena, esta tamb\u00e9m \u00e9 feita com a <strong>pele italiana genu\u00edna <\/strong>mais suave no exterior e o interior em <strong>sarja de algod\u00e3o<\/strong> com <strong>3 compartimentos<\/strong>, o do meio com um fecho de correr para um f\u00e1cil acesso aos bens essenciais. Para aumentar a organiza\u00e7\u00e3o da sua mala, no interior encontra outro pequeno bolso com fecho zip e um bolso em pele desenhado para que possa guardar o telem\u00f3vel, tornando mais f\u00e1cil encontr\u00e1-lo dentro da sua mala.<\/p>\n<p>A abertura da mala \u00e9 feita atrav\u00e9s do fecho dourado que encontra na frente.<\/p>\n<p>No que se refere \u00e0s <strong>al\u00e7as<\/strong>, estas s\u00e3o compostas por uma combina\u00e7\u00e3o de corrente dourada com pele entran\u00e7ada, e podem ser ajustadas para usar como mala de ombro, com duas al\u00e7as, ou, se preferir um estilo tiracolo, pode faz\u00ea-lo usando uma al\u00e7a \u00fanica. Este ajuste \u00e9 feito facilmente simplesmente puxando as duas al\u00e7as.<\/p>\n<p>A cor rosa real\u00e7a a sofistica\u00e7\u00e3o da mala, tornando-a definitivamente numa pe\u00e7a indispens\u00e1vel para a mulher que procura um estilo cl\u00e1ssico, mas com espa\u00e7o suficiente para transportar tudo o que precisa.<\/p>\n<p>Se adora uma <strong>personaliza\u00e7\u00e3o<\/strong>, pode acrescentar as iniciais do seu nome na parte da frente ou no interior da Classy XL Mala de Ombro Rosa em Pele, ou at\u00e9 mesmo acrescentar uma mensagem especial no interior da aba.<\/p>\n<p>Acrescente um len\u00e7o e real\u00e7e a beleza e eleg\u00e2ncia deste modelo. Veja <a href=\"https:\/\/mitibags.com\/lencos-malas\/\">aqui <\/a> todos os modelos que temos dispon\u00edveis<\/p>\n<p>&nbsp;<\/p>\n<p><strong>Tamanho:<\/strong>32x9x22 cm<\/p>\n<p><strong>Material Exterior: <\/strong>Pele Genu\u00edna<\/p>\n<p><strong>Material<\/strong> <strong>Interior:<\/strong> Sarja de algod\u00e3o<\/p>\n<p><strong>Cor:<\/strong> Rosa<\/p>\n<p><strong>Cor das Ferragens:<\/strong> Dourado<\/p>\n","protected":false},"excerpt":{"rendered":"<p>Com a Classy XL Mala de Ombro Rosa em Pele pode levar consigo tudo o que precisa, se procura uma mala elegante com design cl\u00e1ssico, mas com tamanho suficiente para poder levar n\u00e3o s\u00f3 o essencial mas tamb\u00e9m por exemplo um livro ou at\u00e9 mesmo um pequeno tablet, esta mala pode ser exatamente o que procura. Produzida em It\u00e1lia com a melhor pele genu\u00edna, o tamanho XL deste modelo \u00e9 de <strong>32 cm de comprimento e 22 cm de altura.<\/strong><\/p>\n","protected":false},"featured_media":6635,"comment_status":"open","ping_status":"closed","template":"","meta":[],"product_brand":[],"product_cat":[84],"product_tag":[287,803],"class_list":{"0":"post-6603","1":"product","2":"type-product","3":"status-publish","4":"has-post-thumbnail","6":"product_cat-malas-de-ombro","7":"product_tag-bolsa-de-couro-a-tiracolo","8":"product_tag-mala-de-ombro-rosa-em-pele","9":"tm-has-options","11":"first","12":"instock","13":"taxable","14":"shipping-taxable","15":"purchasable","16":"product-type-simple"},"_links":{"self":[{"href":"https:\/\/mitibags.com\/pt-pt\/wp-json\/wp\/v2\/product\/6603","targetHints":{"allow":["GET"]}}],"collection":[{"href":"https:\/\/mitibags.com\/pt-pt\/wp-json\/wp\/v2\/product"}],"about":[{"href":"https:\/\/mitibags.com\/pt-pt\/wp-json\/wp\/v2\/types\/product"}],"replies":[{"embeddable":true,"href":"https:\/\/mitibags.com\/pt-pt\/wp-json\/wp\/v2\/comments?post=6603"}],"version-history":[{"count":0,"href":"https:\/\/mitibags.com\/pt-pt\/wp-json\/wp\/v2\/product\/6603\/revisions"}],"wp:featuredmedia":[{"embeddable":true,"href":"https:\/\/mitibags.com\/pt-pt\/wp-json\/wp\/v2\/media\/6635"}],"wp:attachment":[{"href":"https:\/\/mitibags.com\/pt-pt\/wp-json\/wp\/v2\/media?parent=6603"}],"wp:term":[{"taxonomy":"product_brand","embeddable":true,"href":"https:\/\/mitibags.com\/pt-pt\/wp-json\/wp\/v2\/product_brand?post=6603"},{"taxonomy":"product_cat","embeddable":true,"href":"https:\/\/mitibags.com\/pt-pt\/wp-json\/wp\/v2\/product_cat?post=6603"},{"taxonomy":"product_tag","embeddable":true,"href":"https:\/\/mitibags.com\/pt-pt\/wp-json\/wp\/v2\/product_tag?post=6603"}],"curies":[{"name":"wp","href":"https:\/\/api.w.org\/{rel}","templated":true}]}}