{"id":6268,"date":"2024-05-15T22:54:21","date_gmt":"2024-05-15T21:54:21","guid":{"rendered":"https:\/\/mitibags.com\/?post_type=product&#038;p=6268"},"modified":"2024-06-14T17:13:09","modified_gmt":"2024-06-14T16:13:09","slug":"classic-s-mala-de-ombro-bege-em-pele","status":"publish","type":"product","link":"https:\/\/mitibags.com\/pt-pt\/product\/malas-em-pele\/malas-de-ombro\/classic-s-mala-de-ombro-bege-em-pele\/","title":{"rendered":"Classic S Mala de Ombro Bege em Pele"},"content":{"rendered":"<h2>Classic S Mala de Ombro Bege em Pele<\/h2>\n<p>&nbsp;<\/p>\n<p>A vers\u00e3o mais pequena da nossa Classic \u00e9 perfeita para aquele sa\u00edda com as amigas ou aquele jantar especial.<\/p>\n<p>Mantendo a eleg\u00e2ncia e a aura cl\u00e1ssica das vers\u00f5es maiores, este estilo mais pequeno tem um tamanho de <strong>20 cm de comprimento e 13 cm de altura, <\/strong>perfeito para transportar os seus objetos essenciais, como o porta-cart\u00f5es, telem\u00f3vel e chaves.<\/p>\n<p>Com o mesmo padr\u00e3o que a nossa Classic, a Classic S Mala de Ombro Bege em Pele \u00e9 feita com a melhor <strong>pele genu\u00edna<\/strong> no exterior, e com um interior em sarja de algod\u00e3o.<\/p>\n<p>No interior, existe tamb\u00e9m um pequeno bolso com fecho zip, que facilita a organiza\u00e7\u00e3o da sua mala e o acesso aos artigos a que precisas de aceder rapidamente.<\/p>\n<p>No que se refere \u00e0s <strong>al\u00e7as<\/strong>, estas s\u00e3o compostas por uma combina\u00e7\u00e3o de corrente dourada com pele entran\u00e7ada, e podem ser ajustadas para usar como mala de ombro, com duas al\u00e7as, ou, se preferir um estilo tiracolo, pode faz\u00ea-lo usando uma al\u00e7a \u00fanica. Este ajuste \u00e9 feito facilmente simplesmente puxando as duas al\u00e7as.<\/p>\n<p>A cor bege real\u00e7a a sofistica\u00e7\u00e3o da mala, tornando-a definitivamente numa pe\u00e7a indispens\u00e1vel para a mulher que procura um estilo cl\u00e1ssico, mas com espa\u00e7o suficiente para transportar tudo o que precisa. O fecho discreto na frente facilita o fecho e a abertura da sua mala.<\/p>\n<p>Se adora uma <strong>personaliza\u00e7\u00e3o<\/strong>, pode acrescentar as <strong>iniciais do seu nome<\/strong> na parte da frente ou no interior da Classic S Mala de Ombro Bege em Pele ou at\u00e9 mesmo acrescentar uma mensagem especial no interior da aba.<\/p>\n<p>D\u00e1 um toque de cor com um len\u00e7o na tua mala. Veja <a href=\"https:\/\/mitibags.com\/lencos-malas\/\">aqui <\/a> todos os modelos que temos dispon\u00edveis<\/p>\n<p>&nbsp;<\/p>\n<p><strong>Tamanho:<\/strong>20x6x13 cm<\/p>\n<p><strong>Material Exterior: <\/strong>Pele Genu\u00edna<\/p>\n<p><strong>Material <\/strong> <strong> Interior: <\/strong>Sarja de Algod\u00e3o<\/p>\n<p><strong>Cor:<\/strong> Bege<\/p>\n<p><strong>Cor das Ferragens:<\/strong> Dourado<\/p>\n","protected":false},"excerpt":{"rendered":"<p>A nossa Classic S Mala de Ombro Bege em Pele \u00e9 uma mala essencial no closet de qualquer mulher. Com um estilo cl\u00e1ssico elegante e um corpo estruturado, em <strong>pele genu\u00edna<\/strong> o tamanho pequeno desta mala tem <strong>20 cm de comprimento e 13 cm de altura.<\/strong><\/p>\n<p>Se adora uma <strong>personaliza\u00e7\u00e3o<\/strong>, pode acrescentar as <strong>iniciais do seu nome<\/strong> na parte da frente ou no interior da Classic S Mala de Ombro Bege em Pele ou at\u00e9 mesmo acrescentar uma mensagem especial no interior da aba.<\/p>\n","protected":false},"featured_media":6242,"comment_status":"open","ping_status":"closed","template":"","meta":[],"product_brand":[],"product_cat":[84],"product_tag":[287],"class_list":{"0":"post-6268","1":"product","2":"type-product","3":"status-publish","4":"has-post-thumbnail","6":"product_cat-malas-de-ombro","7":"product_tag-bolsa-de-couro-a-tiracolo","8":"tm-has-options","10":"first","11":"instock","12":"taxable","13":"shipping-taxable","14":"purchasable","15":"product-type-simple"},"_links":{"self":[{"href":"https:\/\/mitibags.com\/pt-pt\/wp-json\/wp\/v2\/product\/6268","targetHints":{"allow":["GET"]}}],"collection":[{"href":"https:\/\/mitibags.com\/pt-pt\/wp-json\/wp\/v2\/product"}],"about":[{"href":"https:\/\/mitibags.com\/pt-pt\/wp-json\/wp\/v2\/types\/product"}],"replies":[{"embeddable":true,"href":"https:\/\/mitibags.com\/pt-pt\/wp-json\/wp\/v2\/comments?post=6268"}],"version-history":[{"count":0,"href":"https:\/\/mitibags.com\/pt-pt\/wp-json\/wp\/v2\/product\/6268\/revisions"}],"wp:featuredmedia":[{"embeddable":true,"href":"https:\/\/mitibags.com\/pt-pt\/wp-json\/wp\/v2\/media\/6242"}],"wp:attachment":[{"href":"https:\/\/mitibags.com\/pt-pt\/wp-json\/wp\/v2\/media?parent=6268"}],"wp:term":[{"taxonomy":"product_brand","embeddable":true,"href":"https:\/\/mitibags.com\/pt-pt\/wp-json\/wp\/v2\/product_brand?post=6268"},{"taxonomy":"product_cat","embeddable":true,"href":"https:\/\/mitibags.com\/pt-pt\/wp-json\/wp\/v2\/product_cat?post=6268"},{"taxonomy":"product_tag","embeddable":true,"href":"https:\/\/mitibags.com\/pt-pt\/wp-json\/wp\/v2\/product_tag?post=6268"}],"curies":[{"name":"wp","href":"https:\/\/api.w.org\/{rel}","templated":true}]}}