{"id":5989,"date":"2024-05-12T22:37:37","date_gmt":"2024-05-12T21:37:37","guid":{"rendered":"https:\/\/mitibags.com\/?post_type=product&#038;p=5989"},"modified":"2024-11-16T20:55:30","modified_gmt":"2024-11-16T19:55:30","slug":"classic-m-mala-de-ombro-bege-em-pele","status":"publish","type":"product","link":"https:\/\/mitibags.com\/pt-pt\/product\/malas-em-pele\/malas-de-ombro\/classic-m-mala-de-ombro-bege-em-pele\/","title":{"rendered":"Classic M Mala de Ombro Bege em Pele"},"content":{"rendered":"<h2>Classic M Mala de Ombro Bege em Pele<\/h2>\n<p>&nbsp;<\/p>\n<p>A nossa Classic M Mala de Ombro Bege em Pele \u00e9 uma mala essencial no closet de qualquer mulher.<br \/>Com um estilo cl\u00e1ssico elegante e um corpo estruturado, o tamanho m\u00e9dio desta bolsa tem <strong>27 cm de comprimento e 17 cm de altura<\/strong> e \u00e9 perfeito para levar as os seus objetos essenciais, como a carteira, os \u00f3culos de sol, as chaves e o telem\u00f3vel, mas deixando ainda espa\u00e7o para a sua bolsa de maquilhagem.<\/p>\n<p>O exterior, \u00e9 feito em<strong> pele genu\u00edna lisa<\/strong> com um <strong>padr\u00e3o de losangos | diamantes<\/strong>, assim como a parte de dentro da aba. O interior \u00e9 feito em sarja de algod\u00e3o.<\/p>\n<p>Com<strong> ferragens douradas<\/strong>, a abertura da mala \u00e9 feita atrav\u00e9s do discreto fecho que se encontra na frente Classic M Mala de Ombro Bege em Pele.<br \/>As <strong>al\u00e7as<\/strong> s\u00e3o compostas por corrente dourada entran\u00e7ada com pele de cor bege, a mesma cor e material do resto da mala, e pode ser ajustada para usar a sua mala ao ombro, com as duas al\u00e7as, ou a tiracolo, puxando apenas a al\u00e7a para ficar apenas como uma al\u00e7a \u00fanica.<\/p>\n<p> Este ajuste \u00e9 feito facilmente simplesmente puxando as duas al\u00e7as.<\/p>\n<p>O interior da Classic M Mala de Ombro Bege em Pele est\u00e1 dividido em<strong> 3 compartimentos<\/strong>, sendo o do meio com fecho zip para um acesso f\u00e1cil aos seus objetos essenciais. Para aumentar a organiza\u00e7\u00e3o da sua mala, no interior encontra outro pequeno bolso com fecho zip e um bolso em pele desenhado para que possa guardar o telem\u00f3vel, tornando mais f\u00e1cil encontr\u00e1-lo dentro da sua mala.<br \/>A cor bege \u00e9 um cl\u00e1ssico neste modelo e decididamente uma mala must have. Combinada com as ferragens douradas, \u00e9 a mala perfeita para uma mulher que procura sofistica\u00e7\u00e3o e glamour. <\/p>\n<p>Se adora uma personaliza\u00e7\u00e3o, pode faz\u00ea-lo com a Classic M Mala de Ombro Bege em Pele acrescentando as iniciais do teu nome na parte da frente ou no interior, ou at\u00e9 mesmo acrescentar uma mensagem especial no interior da aba, o que a tornar\u00e1 ainda mais especial e feita especialmente para si.<\/p>\n<p>Acrescente um len\u00e7o e real\u00e7e a beleza e eleg\u00e2ncia deste modelo. Veja <a href=\"https:\/\/mitibags.com\/lencos-malas\/\">aqui<\/a> todos os modelos que temos dispon\u00edveis<\/p>\n<p>&nbsp;<\/p>\n<p><strong>Tamanho: <\/strong>27x8x17 cm<\/p>\n<p><strong>Material Exterior: <\/strong>Pele Genu\u00edna<\/p>\n<p><strong>Material<\/strong> <strong>Interior:<\/strong> Sarja de Algod\u00e3o<\/p>\n<p><strong>Cor:<\/strong> Bege<\/p>\n<p><strong>Cor das Ferragens:<\/strong> Dourado<\/p>\n<p>&nbsp;<\/p>\n<p>Siga-nos no <a href=\"https:\/\/www.instagram.com\/mitibags\/\" target=\"_blank\" rel=\"noopener\">Instagram<\/a> e <a href=\"https:\/\/www.facebook.com\/MitiBags\/\" target=\"_blank\" rel=\"noopener\">Facebook <\/a> e fa\u00e7a parte da nossa comunidade.<\/p>\n","protected":false},"excerpt":{"rendered":"<p>A nossa Classic M Mala de Ombro Bege em Pele \u00e9 uma mala essencial no closet de qualquer mulher. Com um estilo cl\u00e1ssico elegante e um corpo estruturado, o tamanho pequeno desta mala tem <strong>27 cm de comprimento e 17 cm de altura<\/strong> e \u00e9 fabricado com a <strong>melhor pele genu\u00edna italiana<\/strong>. <\/p>\n","protected":false},"featured_media":6001,"comment_status":"open","ping_status":"closed","template":"","meta":[],"product_brand":[],"product_cat":[84],"product_tag":[287,775],"class_list":{"0":"post-5989","1":"product","2":"type-product","3":"status-publish","4":"has-post-thumbnail","6":"product_cat-malas-de-ombro","7":"product_tag-bolsa-de-couro-a-tiracolo","8":"product_tag-mala-de-ombro-bege-em-pele","9":"tm-has-options","11":"first","12":"outofstock","13":"taxable","14":"shipping-taxable","15":"purchasable","16":"product-type-simple"},"_links":{"self":[{"href":"https:\/\/mitibags.com\/pt-pt\/wp-json\/wp\/v2\/product\/5989","targetHints":{"allow":["GET"]}}],"collection":[{"href":"https:\/\/mitibags.com\/pt-pt\/wp-json\/wp\/v2\/product"}],"about":[{"href":"https:\/\/mitibags.com\/pt-pt\/wp-json\/wp\/v2\/types\/product"}],"replies":[{"embeddable":true,"href":"https:\/\/mitibags.com\/pt-pt\/wp-json\/wp\/v2\/comments?post=5989"}],"version-history":[{"count":0,"href":"https:\/\/mitibags.com\/pt-pt\/wp-json\/wp\/v2\/product\/5989\/revisions"}],"wp:featuredmedia":[{"embeddable":true,"href":"https:\/\/mitibags.com\/pt-pt\/wp-json\/wp\/v2\/media\/6001"}],"wp:attachment":[{"href":"https:\/\/mitibags.com\/pt-pt\/wp-json\/wp\/v2\/media?parent=5989"}],"wp:term":[{"taxonomy":"product_brand","embeddable":true,"href":"https:\/\/mitibags.com\/pt-pt\/wp-json\/wp\/v2\/product_brand?post=5989"},{"taxonomy":"product_cat","embeddable":true,"href":"https:\/\/mitibags.com\/pt-pt\/wp-json\/wp\/v2\/product_cat?post=5989"},{"taxonomy":"product_tag","embeddable":true,"href":"https:\/\/mitibags.com\/pt-pt\/wp-json\/wp\/v2\/product_tag?post=5989"}],"curies":[{"name":"wp","href":"https:\/\/api.w.org\/{rel}","templated":true}]}}