{"id":5913,"date":"2024-05-12T16:25:39","date_gmt":"2024-05-12T15:25:39","guid":{"rendered":"https:\/\/mitibags.com\/?post_type=product&#038;p=5913"},"modified":"2024-06-14T17:20:58","modified_gmt":"2024-06-14T16:20:58","slug":"carine-mala-de-mao-em-pele-nude","status":"publish","type":"product","link":"https:\/\/mitibags.com\/pt-pt\/product\/malas-em-pele\/malas-de-mao\/carine-mala-de-mao-em-pele-nude\/","title":{"rendered":"Carine Mala de M\u00e3o em Pele Nude"},"content":{"rendered":"<h2>Carine Mala de M\u00e3o em Pele Nude<\/h2>\n<p>&nbsp;<\/p>\n<p>Encontrar a mala perfeita para a acompanhar no dia-a-dia de trabalho e com capacidade para levar tudo o que precisa pode ser um desafio. A nossa Carine Mala de M\u00e3o em Pele Nude pode ser a sua companheira perfeita para dias de trabalho de sucesso.<\/p>\n<p>Com <strong>3 compartimentos interiores<\/strong>, o do meio com fecho zip, e um tamanho de <strong>38 cm de largura e 27 cm de altura <\/strong>, a mala de m\u00e3o Carine mant\u00e9m tudo organizado e separado, proporcionando o espa\u00e7o que precisa para transportar todos os seus artigos de trabalho &#8211; pap\u00e9is, bloco de notas, computador port\u00e1til, tablet &#8211; mas tamb\u00e9m artigos pessoais como a carteira, \u00f3culos de sol, bolsa de maquilhagem, etc., tornando-a n\u00e3o s\u00f3 um fashion statement, mas tamb\u00e9m uma solu\u00e7\u00e3o pr\u00e1tica para o seu estilo de vida ativo.<\/p>\n<p>Devido \u00e0 forma retangular desta mala, todos os teus pap\u00e9is ficar\u00e3o perfeitos, sem necessidade de serem dobrados para caber na sua mala.<\/p>\n<p>A qualidade dos materiais da Carine Mala de M\u00e3o em Pele Nude tamb\u00e9m n\u00e3o foi deixada de lado. Utilizando a melhor <strong>pele genu\u00edna<\/strong> no exterior e o interior com um forro de <strong>sarja de algod\u00e3o<\/strong>, esta mala vai viver consigo durante muito tempo sempre na melhor forma. As ferragens douradas apenas real\u00e7am a beleza das cores e a eleg\u00e2ncia da Carine Mala de M\u00e3o em Pele Nude.<\/p>\n<p>A abertura e fecho da mala \u00e9 feita com um fecho de correr, para que os seus artigos sejam de f\u00e1cil acesso mas tamb\u00e9m se mantenham seguros.<\/p>\n<p>Sabemos que a versatilidade e conforto s\u00e3o importantes para si, por isso a Carine Mala de M\u00e3o em Pele Nude vem com uma al\u00e7a tiracolo em pele, na mesma cor e material do resto da mala, para que possa mudar facilmente de uma mala de m\u00e3o para uma mala tiracolo. Se quiser dar um toque diferente \u00e0 sua mala, pode tamb\u00e9m optar por comprar uma das al\u00e7as estilo guitar strap que temos dispon\u00edveis no nosso site e real\u00e7ar ainda mais a beleza da tua mala.<\/p>\n<p>Para tornar a sua Carine Mala de M\u00e3o em Pele Nude ainda mais \u00fanica e adaptada a si pode personaliz\u00e1-la com as suas iniciais. Para o fazer basta clicar no bot\u00e3o personalizar e fazer a sua escolha de personaliza\u00e7\u00e3o.<\/p>\n<p>Real\u00e7e a eleg\u00e2ncia da Carine adicionando um len\u00e7o \u00e0s al\u00e7as. Veja <a href=\"https:\/\/mitibags.com\/lencos-malas\/\">aqui <\/a> todos os modelos que temos dispon\u00edveis<\/p>\n<p>&nbsp;<\/p>\n<p><strong>Tamanho: <\/strong>38x27x12cm<\/p>\n<p><strong>Material exterior: <\/strong>Pele Genu\u00edna<\/p>\n<p><strong>Material <\/strong> <strong> Interior: <\/strong>Sarja de Algod\u00e3o<\/p>\n<p><strong>Cor:<\/strong> Nude<\/p>\n<p><strong>Cor das Ferragens:<\/strong> Dourado<\/p>\n","protected":false},"excerpt":{"rendered":"<p>Encontrar a mala perfeita para a acompanhar no dia-a-dia de trabalho e com capacidade para levar tudo o que precisa pode ser um desafio. A nossa Carine Mala de M\u00e3o em Pele Nude pode ser a sua companheira perfeita para dias de trabalho de sucesso. Fabricada em It\u00e1lia com uma bonita <strong>pele genu\u00edna de textura martelada<\/strong> e com um tamanho de <strong>38 cm de largura e 27 cm de altura, <\/strong>o interior Carine Mala de M\u00e3o em Pele Nude est\u00e1 dividido em <strong>3 compartimentos<\/strong>, todos com o tamanho perfeito para poder levar n\u00e3o apenas os seus objetos essenciais mas tamb\u00e9m o seu port\u00e1til e documentos de trabalho.<\/p>\n<p>Personalize-o com as iniciais do seu nome e torne-o \u00fanica e adaptada a si.<\/p>\n","protected":false},"featured_media":5850,"comment_status":"open","ping_status":"closed","template":"","meta":[],"product_brand":[],"product_cat":[61],"product_tag":[126,309,311],"class_list":{"0":"post-5913","1":"product","2":"type-product","3":"status-publish","4":"has-post-thumbnail","6":"product_cat-malas-de-mao","7":"product_tag-mala-de-mao","8":"product_tag-mala-de-mao-de-pele","9":"product_tag-mala-de-pele","10":"tm-has-options","12":"first","13":"instock","14":"taxable","15":"shipping-taxable","16":"purchasable","17":"product-type-simple"},"_links":{"self":[{"href":"https:\/\/mitibags.com\/pt-pt\/wp-json\/wp\/v2\/product\/5913","targetHints":{"allow":["GET"]}}],"collection":[{"href":"https:\/\/mitibags.com\/pt-pt\/wp-json\/wp\/v2\/product"}],"about":[{"href":"https:\/\/mitibags.com\/pt-pt\/wp-json\/wp\/v2\/types\/product"}],"replies":[{"embeddable":true,"href":"https:\/\/mitibags.com\/pt-pt\/wp-json\/wp\/v2\/comments?post=5913"}],"version-history":[{"count":0,"href":"https:\/\/mitibags.com\/pt-pt\/wp-json\/wp\/v2\/product\/5913\/revisions"}],"wp:featuredmedia":[{"embeddable":true,"href":"https:\/\/mitibags.com\/pt-pt\/wp-json\/wp\/v2\/media\/5850"}],"wp:attachment":[{"href":"https:\/\/mitibags.com\/pt-pt\/wp-json\/wp\/v2\/media?parent=5913"}],"wp:term":[{"taxonomy":"product_brand","embeddable":true,"href":"https:\/\/mitibags.com\/pt-pt\/wp-json\/wp\/v2\/product_brand?post=5913"},{"taxonomy":"product_cat","embeddable":true,"href":"https:\/\/mitibags.com\/pt-pt\/wp-json\/wp\/v2\/product_cat?post=5913"},{"taxonomy":"product_tag","embeddable":true,"href":"https:\/\/mitibags.com\/pt-pt\/wp-json\/wp\/v2\/product_tag?post=5913"}],"curies":[{"name":"wp","href":"https:\/\/api.w.org\/{rel}","templated":true}]}}