{"id":5037,"date":"2024-05-02T00:39:32","date_gmt":"2024-05-01T23:39:32","guid":{"rendered":"https:\/\/mitibags.com\/?post_type=product&#038;p=5037"},"modified":"2025-10-06T18:53:37","modified_gmt":"2025-10-06T17:53:37","slug":"chic-mala-tiracolo-preta-em-pele","status":"publish","type":"product","link":"https:\/\/mitibags.com\/pt-pt\/product\/malas-em-pele\/malas-tiracolo\/chic-mala-tiracolo-preta-em-pele\/","title":{"rendered":"Chic Mala Tiracolo Preta em Pele"},"content":{"rendered":"<h2>Chic Mala Tiracolo Preta em Pele<\/h2>\n<p>&nbsp;<\/p>\n<p>Fabricada em It\u00e1lia com uma bonita <strong>Pele Genu\u00edna estilo Saffiano<\/strong> em preto e com um interior em <strong>sarja de algod\u00e3o <\/strong>de cor vermelha, a Chic Mala Tiracolo Preta em Pele \u00e9 t\u00e3o elegante como parece.<\/p>\n<p>Com um corpo r\u00edgido e estruturado, e o fecho feito atrav\u00e9s do da pe\u00e7a de bronze localizada na frente, esta bolsa \u00e9 o sonho de qualquer fashionista. Elegante, glamorosa e cheia de estilo, esta mala a tiracolo em pele preta \u00e9 o toque de luxo que falta no seu closet.<\/p>\n<p>Com o tamanho de <strong>23 cm de comprimento e 15 de altura <\/strong>\u00e9 perfeita para que possa levar o essencial &#8211; carteiras, chaves, \u00f3culos de sol e telem\u00f3vel e, para manter a sua mala organizada, no interior encontra ainda um bolso com um fecho zip, facilitando a organiza\u00e7\u00e3o do essencial dentro da sua nova Chic Mala Tiracolo Preta em Pele.<\/p>\n<p>As ferragens bronze e o estilo largo da al\u00e7a remov\u00edvel, refor\u00e7a o toque fashion deste modelo que destaca a sua beleza e estilo luxuoso.<\/p>\n<p>Caso procure outro estilo de al\u00e7a, veja <a href=\"https:\/\/mitibags.com\/bags-straps\/\">aqui<\/a> os diferentes modelos que temos dispon\u00edveis.<\/p>\n<p>&nbsp;<\/p>\n<p><strong>Tamanho: <\/strong>23&#215;6,3&#215;15 cm<\/p>\n<p><strong>Material Exterior: <\/strong>Pele Genu\u00edna<\/p>\n<p><strong>Material<\/strong> <strong>interior: <\/strong>Sarja de Algod\u00e3o Vermelho<\/p>\n<p><strong>Cor:<\/strong> Preto<\/p>\n<p><strong>Cor das ferragens: <\/strong>Ouro Velho<\/p>\n","protected":false},"excerpt":{"rendered":"<p>Fabricada em It\u00e1lia com uma bonita Pele Genu\u00edna estilo Saffiano em preto e com um interior em sarja de algod\u00e3ode cor vermelha, a Chic Mala Tiracolo Preta em Pele \u00e9 t\u00e3o elegante como parece.<\/p>\n<p>Elegante, glamorosa e cheia de estilo, com um tamanho de <strong>23 cm de comprimento e 15 de altura<\/strong> e um corpo r\u00edgido e estruturado, esta mala de pele preta a tiracolo \u00e9 o toque de luxo que falta no seu closet.<\/p>\n","protected":false},"featured_media":5962,"comment_status":"open","ping_status":"closed","template":"","meta":[],"product_brand":[],"product_cat":[79,83],"product_tag":[332,326,324,325],"class_list":{"0":"post-5037","1":"product","2":"type-product","3":"status-publish","4":"has-post-thumbnail","6":"product_cat-malas-em-pele","7":"product_cat-malas-tiracolo","8":"product_tag-chic-mala-tiracolo-preta-em-pele","9":"product_tag-mala-a-tiracolo-preta","10":"product_tag-mala-tiracolo-pt-pt","11":"product_tag-mala-tiracolo-em-pele-pt-pt","12":"tm-has-options","14":"first","15":"instock","16":"taxable","17":"shipping-taxable","18":"purchasable","19":"product-type-simple"},"_links":{"self":[{"href":"https:\/\/mitibags.com\/pt-pt\/wp-json\/wp\/v2\/product\/5037","targetHints":{"allow":["GET"]}}],"collection":[{"href":"https:\/\/mitibags.com\/pt-pt\/wp-json\/wp\/v2\/product"}],"about":[{"href":"https:\/\/mitibags.com\/pt-pt\/wp-json\/wp\/v2\/types\/product"}],"replies":[{"embeddable":true,"href":"https:\/\/mitibags.com\/pt-pt\/wp-json\/wp\/v2\/comments?post=5037"}],"version-history":[{"count":0,"href":"https:\/\/mitibags.com\/pt-pt\/wp-json\/wp\/v2\/product\/5037\/revisions"}],"wp:featuredmedia":[{"embeddable":true,"href":"https:\/\/mitibags.com\/pt-pt\/wp-json\/wp\/v2\/media\/5962"}],"wp:attachment":[{"href":"https:\/\/mitibags.com\/pt-pt\/wp-json\/wp\/v2\/media?parent=5037"}],"wp:term":[{"taxonomy":"product_brand","embeddable":true,"href":"https:\/\/mitibags.com\/pt-pt\/wp-json\/wp\/v2\/product_brand?post=5037"},{"taxonomy":"product_cat","embeddable":true,"href":"https:\/\/mitibags.com\/pt-pt\/wp-json\/wp\/v2\/product_cat?post=5037"},{"taxonomy":"product_tag","embeddable":true,"href":"https:\/\/mitibags.com\/pt-pt\/wp-json\/wp\/v2\/product_tag?post=5037"}],"curies":[{"name":"wp","href":"https:\/\/api.w.org\/{rel}","templated":true}]}}