{"id":4682,"date":"2024-04-26T00:41:39","date_gmt":"2024-04-25T23:41:39","guid":{"rendered":"https:\/\/mitibags.com\/?post_type=product&#038;p=4682"},"modified":"2024-06-10T01:37:30","modified_gmt":"2024-06-10T00:37:30","slug":"amy-carteira-preta-em-pele","status":"publish","type":"product","link":"https:\/\/mitibags.com\/pt-pt\/product\/carteiras-em-pele\/carteiras-em-pele-pt-pt\/amy-carteira-preta-em-pele\/","title":{"rendered":"Amy Carteira Preta em Pele"},"content":{"rendered":"<h2>Amy Carteira Preta em Pele<\/h2>\n<p>&nbsp;<\/p>\n<p>Amy Carteira Preta em Pele fabricada em It\u00e1lia foi fabricada em It\u00e1lia utilizando a melhor <strong>pele genu\u00edna<\/strong>.<\/p>\n<p>Com <strong>19 cm de largura por 10 cm de altura<\/strong> a abertura \u00e9 feita atrav\u00e9s de um fecho zip dourado que tem tamb\u00e9m uma al\u00e7a perfeita para prender a sua carteira ao pulso. O interior, tamb\u00e9m em pele genu\u00edna preta, encontra-se dividido em dois &#8211; num dos lados \u00e9 poss\u00edvel encontrar 7 espa\u00e7os para cart\u00f5es com tamanho standard, assim como um fecho para guardar as suas moedas de forma segura, enquanto que no outro lado encontra outro bolso, do comprimento da carteira, perfeito para guardar outro tipo de documentos e notas.<\/p>\n<p>Se adora um p<strong>orta-moedas personalizado<\/strong> temos boas not\u00edcias Adicione as suas iniciais em prateado ou dourado, ou um dos emojis dispon\u00edveis e personalize hoje a sua nova carteira. Para o fazer clique no bot\u00e3o personalizar e torne a sua carteira preta em pele unicamente sua e feita especialmente para si.<\/p>\n<p>Procura uma carteira mais pequena apenas para transportar os seus cart\u00f5es? Clique <a href=\"https:\/\/mitibags.com\/porta-cartoes\/\">aqui<\/a> e veja os porta cart\u00f5es que temos dispon\u00edveis.<\/p>\n<p>&nbsp;<\/p>\n<p><strong>Tamanho: <\/strong>19x10x2 cm<\/p>\n<p><strong>Material Exterior: <\/strong> Pele Genu\u00edna com Textura Martelada<\/p>\n<p><strong>Material<\/strong> <strong>Interior<\/strong> Pele Genu\u00edna<\/p>\n<p><strong>Cor:<\/strong> Preto<\/p>\n<p><strong>Cor das ferragens: <\/strong>Prateado<\/p>\n","protected":false},"excerpt":{"rendered":"<p>Produzida com uma bonita <strong>pele martelada <\/strong> <strong>no exterior <\/strong> e com um tamanho de <strong>19 cm de comprimento e 10 cm de altura<\/strong>, O interior, tamb\u00e9m em pele genu\u00edna preta, encontra-se dividido em dois &#8211; num dos lados \u00e9 poss\u00edvel encontrar 7 espa\u00e7os para cart\u00f5es com tamanho standard assim como um fecho para guardar as suas moedas de forma segura, enquanto que no outro lado encontra outro bolso, do comprimento da carteira, perfeito para guardar outro tipo de documentos e notas.<\/p>\n<p>Se procura dar um toque pessoal ao seu porta moedas personalizando-o com as suas iniciais, clique no bot\u00e3o personalizar e escolha como pretende fazer a personaliza\u00e7\u00e3o do seu novo porta-moedas.<\/p>\n","protected":false},"featured_media":8736,"comment_status":"open","ping_status":"closed","template":"","meta":[],"product_brand":[],"product_cat":[90,93],"product_tag":[253,252,127],"class_list":{"0":"post-4682","1":"product","2":"type-product","3":"status-publish","4":"has-post-thumbnail","6":"product_cat-carteiras-em-pele","7":"product_cat-carteiras-em-pele-pt-pt","8":"product_tag-amy-carteira-preta-em-pele","9":"product_tag-carteira-preta-em-pele","10":"product_tag-carteiras","11":"tm-has-options","13":"first","14":"instock","15":"taxable","16":"shipping-taxable","17":"purchasable","18":"product-type-simple"},"_links":{"self":[{"href":"https:\/\/mitibags.com\/pt-pt\/wp-json\/wp\/v2\/product\/4682","targetHints":{"allow":["GET"]}}],"collection":[{"href":"https:\/\/mitibags.com\/pt-pt\/wp-json\/wp\/v2\/product"}],"about":[{"href":"https:\/\/mitibags.com\/pt-pt\/wp-json\/wp\/v2\/types\/product"}],"replies":[{"embeddable":true,"href":"https:\/\/mitibags.com\/pt-pt\/wp-json\/wp\/v2\/comments?post=4682"}],"version-history":[{"count":0,"href":"https:\/\/mitibags.com\/pt-pt\/wp-json\/wp\/v2\/product\/4682\/revisions"}],"wp:featuredmedia":[{"embeddable":true,"href":"https:\/\/mitibags.com\/pt-pt\/wp-json\/wp\/v2\/media\/8736"}],"wp:attachment":[{"href":"https:\/\/mitibags.com\/pt-pt\/wp-json\/wp\/v2\/media?parent=4682"}],"wp:term":[{"taxonomy":"product_brand","embeddable":true,"href":"https:\/\/mitibags.com\/pt-pt\/wp-json\/wp\/v2\/product_brand?post=4682"},{"taxonomy":"product_cat","embeddable":true,"href":"https:\/\/mitibags.com\/pt-pt\/wp-json\/wp\/v2\/product_cat?post=4682"},{"taxonomy":"product_tag","embeddable":true,"href":"https:\/\/mitibags.com\/pt-pt\/wp-json\/wp\/v2\/product_tag?post=4682"}],"curies":[{"name":"wp","href":"https:\/\/api.w.org\/{rel}","templated":true}]}}