{"id":4671,"date":"2024-04-26T00:12:08","date_gmt":"2024-04-25T23:12:08","guid":{"rendered":"https:\/\/mitibags.com\/?post_type=product&#038;p=4671"},"modified":"2024-06-09T17:37:28","modified_gmt":"2024-06-09T16:37:28","slug":"jess-mini-porta-moedas-preto-em-pele","status":"publish","type":"product","link":"https:\/\/mitibags.com\/pt-pt\/product\/carteiras-em-pele\/jess-mini-porta-moedas-preto-em-pele\/","title":{"rendered":"Jess Mini Porta-Moedas Preto em Pele"},"content":{"rendered":"<h2>Jess Mini Porta-Moedas Preto em Pele<\/h2>\n<p>&nbsp;<\/p>\n<p>Com um tamanho de <strong>10 cm de largura e 9 cm de altura<\/strong>, este porta moedas preto em pele \u00e9 produzido em It\u00e1lia com a melhor <strong>pele genu\u00edna<\/strong> com textura martelada.<\/p>\n<p>A abertura \u00e9 feita atrav\u00e9s de um bot\u00e3o que se encontra por dentro da aba, e no interior pode encontrar 8 espa\u00e7os para cart\u00f5es de tamanho standard e, por baixo de um dos lados, tamb\u00e9m escondido com um bot\u00e3o, encontra-se outro bolso, perfeito para colocar as suas moedas em seguran\u00e7a.<\/p>\n<p>Se adora um p<strong>orta-moedas personalizado<\/strong> temos boas not\u00edcias Adicione as suas iniciais em prateado ou dourado, ou um dos emojis dispon\u00edveis e personalize hoje a sua nova carteira. Para o fazer clique no bot\u00e3o personalizar e torne a sua carteira preta em pele unicamente sua e feita especialmente para si.<\/p>\n<p>Procura uma carteira com um tamanho maior? Veja <a href=\"https:\/\/mitibags.com\/womens-wallets\/\">aqui<\/a> todos os modelos de carteiras que temos dispon\u00edveis.<\/p>\n<p>&nbsp;<\/p>\n<p><strong>Tamanho: <\/strong>10x9x1 cm<\/p>\n<p><strong>Material Exterior: <\/strong> Pele Genu\u00edna com Textura Martelada<\/p>\n<p><strong>Material<\/strong> <strong>interior:<\/strong> Pele genu\u00edna textura martelada<\/p>\n<p><strong>Cor:<\/strong> Preto<\/p>\n<p><strong>Cor das Ferragens:<\/strong> Dourado<\/p>\n","protected":false},"excerpt":{"rendered":"<p>Fabricada em <strong>pele genu\u00edna com textura martelada no exterior e interior<\/strong> e com um tamanho de <strong>10 cm de largura e 8 cm de altura<\/strong>, na nossa Jess Mini Porta-Moedas Preto em Pele Genu\u00edna pode encontrar <strong>5 espa\u00e7os para cart\u00f5es<\/strong> assim como uma pequena bolsa para moedas. A abertura \u00e9 feito atrav\u00e9s de um bot\u00e3o que se encontra na aba e o acesso ao bolso oculto para moedas tamb\u00e9m \u00e9 feito com um fecho de bot\u00e3o. Se procura dar um toque pessoal ao seu porta moedas personalizando-o com as suas iniciais, clique no bot\u00e3o personalizar e escolha como pretende fazer a personaliza\u00e7\u00e3o do seu novo porta-moedas preto.<\/p>\n","protected":false},"featured_media":8955,"comment_status":"open","ping_status":"closed","template":"","meta":[],"product_brand":[],"product_cat":[90,93],"product_tag":[252,127,254],"class_list":{"0":"post-4671","1":"product","2":"type-product","3":"status-publish","4":"has-post-thumbnail","6":"product_cat-carteiras-em-pele","7":"product_cat-carteiras-em-pele-pt-pt","8":"product_tag-carteira-preta-em-pele","9":"product_tag-carteiras","10":"product_tag-jess-mini-carteira-preta-em-pele","11":"tm-has-options","13":"first","14":"instock","15":"taxable","16":"shipping-taxable","17":"purchasable","18":"product-type-simple"},"_links":{"self":[{"href":"https:\/\/mitibags.com\/pt-pt\/wp-json\/wp\/v2\/product\/4671","targetHints":{"allow":["GET"]}}],"collection":[{"href":"https:\/\/mitibags.com\/pt-pt\/wp-json\/wp\/v2\/product"}],"about":[{"href":"https:\/\/mitibags.com\/pt-pt\/wp-json\/wp\/v2\/types\/product"}],"replies":[{"embeddable":true,"href":"https:\/\/mitibags.com\/pt-pt\/wp-json\/wp\/v2\/comments?post=4671"}],"version-history":[{"count":0,"href":"https:\/\/mitibags.com\/pt-pt\/wp-json\/wp\/v2\/product\/4671\/revisions"}],"wp:featuredmedia":[{"embeddable":true,"href":"https:\/\/mitibags.com\/pt-pt\/wp-json\/wp\/v2\/media\/8955"}],"wp:attachment":[{"href":"https:\/\/mitibags.com\/pt-pt\/wp-json\/wp\/v2\/media?parent=4671"}],"wp:term":[{"taxonomy":"product_brand","embeddable":true,"href":"https:\/\/mitibags.com\/pt-pt\/wp-json\/wp\/v2\/product_brand?post=4671"},{"taxonomy":"product_cat","embeddable":true,"href":"https:\/\/mitibags.com\/pt-pt\/wp-json\/wp\/v2\/product_cat?post=4671"},{"taxonomy":"product_tag","embeddable":true,"href":"https:\/\/mitibags.com\/pt-pt\/wp-json\/wp\/v2\/product_tag?post=4671"}],"curies":[{"name":"wp","href":"https:\/\/api.w.org\/{rel}","templated":true}]}}