{"id":4659,"date":"2024-04-25T23:24:52","date_gmt":"2024-04-25T22:24:52","guid":{"rendered":"https:\/\/mitibags.com\/?post_type=product&#038;p=4659"},"modified":"2024-06-09T19:45:25","modified_gmt":"2024-06-09T18:45:25","slug":"killie-mini-porta-cartoes-pele","status":"publish","type":"product","link":"https:\/\/mitibags.com\/pt-pt\/product\/carteiras-em-pele\/killie-mini-porta-cartoes-pele\/","title":{"rendered":"Killie Mini Porta-Cart\u00f5es Preto em Pele"},"content":{"rendered":"<h2>Killie Mini Porta-Cart\u00f5es Preto em Pele<\/h2>\n<p>&nbsp;<\/p>\n<p>Com <strong>10 cm de largura e 8 cm de altura,<\/strong> a Killie Mini Porta-Cart\u00f5es Preto em Pele \u00e9 produzida em It\u00e1lia com a melhor <strong>pele genu\u00edna com textura martelada<\/strong>.<\/p>\n<p>A abertura \u00e9 feita com um fecho zip de cor dourada e o interior, feito em Sarja de Algod\u00e3o tamb\u00e9m de cor preta, tem 14 divis\u00f3rias com o tamanho perfeito para cart\u00f5es de tamanho standard.<\/p>\n<p>Por fora, al\u00e9m do fecho zip, encontra-se tamb\u00e9m um pequeno mosquet\u00e3o dourado, perfeito para prender o seu porta-cart\u00f5es \u00e0 sua mala e t\u00ea-lo sempre \u00e0 m\u00e3o.<\/p>\n<p>Se adora um p<strong>orta-moedas personalizado<\/strong> temos boas not\u00edcias Adicione as suas iniciais em prateado ou dourado, ou um dos emojis dispon\u00edveis e personalize hoje o seu porta-cart\u00f5es preto em pele. Para o fazer clique no bot\u00e3o personalizar e torne o seu porta-cart\u00f5es em pele unicamente seu e feito especialmente para si.<\/p>\n<p>Procura uma carteira com um tamanho maior? Veja <a href=\"https:\/\/mitibags.com\/womens-wallets\/\">aqui<\/a> todos os modelos de carteiras que temos dispon\u00edveis.<\/p>\n<p>&nbsp;<\/p>\n<p><strong>Tamanho: <\/strong>10x8x2 cm<\/p>\n<p><strong>Material Exterior: <\/strong> Pele Genu\u00edna com Textura Martelada<\/p>\n<p><strong>Material <\/strong> <strong> Interior: <\/strong>Sarja de Algod\u00e3o<\/p>\n<p><strong>Cor:<\/strong> Preto<\/p>\n<p><strong>Cor das Ferragens:<\/strong> Dourado<\/p>\n","protected":false},"excerpt":{"rendered":"<p>Fabricada em <strong>pele genu\u00edna martelada<\/strong> <strong>no exterior<\/strong>, e com <strong>10 cm de largura e 8 cm de altura<\/strong>, Killie Mini Porta Cart\u00f5es Preto tem no interior <strong>14 divis\u00f3rias <\/strong> com o tamanho perfeito para cart\u00f5es de tamanho standard. A abertura da carteira \u00e9 feita atrav\u00e9s de um <strong>fecho zip de cor dourada.<\/strong> Se pretende dar um toque pessoal e \u00fanico ao seu porta-cart\u00f5es tornando-o unicamente seu, clique no bot\u00e3o personalizar e adicione as iniciais do seu nome ou emoji ao seu novo porta-cart\u00f5es tornando-o \u00fanico e feito especialmente para si.<\/p>\n","protected":false},"featured_media":8831,"comment_status":"open","ping_status":"closed","template":"","meta":[],"product_brand":[],"product_cat":[90,93,91],"product_tag":[252,127,255],"class_list":{"0":"post-4659","1":"product","2":"type-product","3":"status-publish","4":"has-post-thumbnail","6":"product_cat-carteiras-em-pele","7":"product_cat-carteiras-em-pele-pt-pt","8":"product_cat-porta-cartoes","9":"product_tag-carteira-preta-em-pele","10":"product_tag-carteiras","11":"product_tag-killie-mini-carteira-preta-em-pele","12":"tm-has-options","14":"first","15":"instock","16":"taxable","17":"shipping-taxable","18":"purchasable","19":"product-type-simple"},"_links":{"self":[{"href":"https:\/\/mitibags.com\/pt-pt\/wp-json\/wp\/v2\/product\/4659","targetHints":{"allow":["GET"]}}],"collection":[{"href":"https:\/\/mitibags.com\/pt-pt\/wp-json\/wp\/v2\/product"}],"about":[{"href":"https:\/\/mitibags.com\/pt-pt\/wp-json\/wp\/v2\/types\/product"}],"replies":[{"embeddable":true,"href":"https:\/\/mitibags.com\/pt-pt\/wp-json\/wp\/v2\/comments?post=4659"}],"version-history":[{"count":0,"href":"https:\/\/mitibags.com\/pt-pt\/wp-json\/wp\/v2\/product\/4659\/revisions"}],"wp:featuredmedia":[{"embeddable":true,"href":"https:\/\/mitibags.com\/pt-pt\/wp-json\/wp\/v2\/media\/8831"}],"wp:attachment":[{"href":"https:\/\/mitibags.com\/pt-pt\/wp-json\/wp\/v2\/media?parent=4659"}],"wp:term":[{"taxonomy":"product_brand","embeddable":true,"href":"https:\/\/mitibags.com\/pt-pt\/wp-json\/wp\/v2\/product_brand?post=4659"},{"taxonomy":"product_cat","embeddable":true,"href":"https:\/\/mitibags.com\/pt-pt\/wp-json\/wp\/v2\/product_cat?post=4659"},{"taxonomy":"product_tag","embeddable":true,"href":"https:\/\/mitibags.com\/pt-pt\/wp-json\/wp\/v2\/product_tag?post=4659"}],"curies":[{"name":"wp","href":"https:\/\/api.w.org\/{rel}","templated":true}]}}