{"id":4617,"date":"2024-04-25T21:44:37","date_gmt":"2024-04-25T20:44:37","guid":{"rendered":"https:\/\/mitibags.com\/?post_type=product&#038;p=4617"},"modified":"2024-06-10T21:27:52","modified_gmt":"2024-06-10T20:27:52","slug":"essential-carteira-preta-em-pele","status":"publish","type":"product","link":"https:\/\/mitibags.com\/pt-pt\/product\/carteiras-em-pele\/carteiras-em-pele-pt-pt\/essential-carteira-preta-em-pele\/","title":{"rendered":"Essential Carteira Preta em Pele"},"content":{"rendered":"<h2>Essential Carteira Preta em Pele<\/h2>\n<p>&nbsp;<\/p>\n<p>A nossa Essential Carteira Preta em Pele \u00e9 fabricada em It\u00e1lia utilizando a melhor <strong>pele genu\u00edna com textura martelada<\/strong>.<\/p>\n<p>Com um tamanho de <strong>19cm de largura por 10 cm de altura<\/strong> a abertura \u00e9 feita atrav\u00e9s de um fecho zip prateado. O interior, feito em pele lisa tamb\u00e9m ela preta, est\u00e1 dividido em 3 compartimentos, sendo o do meio com fecho de correr, ideal para guardar por exemplo moedas, e os outros dois com 8 espa\u00e7os para cart\u00f5es e 2 maiores ideais para guardar documentos ou notas.<\/p>\n<p>Se adora <strong>produtos personalizados <\/strong> n\u00e3o perca a oportunidade de dar seu toque pessoal \u00e0 sua Essential Carteira Preta em Pele atrav\u00e9s do nosso servi\u00e7o de personaliza\u00e7\u00e3o. Adicione as suas iniciais em prateado ou dourado, ou um dos emojis dispon\u00edveis e personalize hoje a sua nova carteira. Para o fazer e ter a sua carteira personalizada, feita unicamente para si, clique no bot\u00e3o personalizar e diga-nos como pretende tornar a sua carteira \u00fanica.<\/p>\n<p>Entretanto, convidamos-la a visitar a nossa sec\u00e7\u00e3o de malas e ver todos os modelos dispon\u00edveis e que, com certeza, combinar\u00e3o lindamente com a sua nova carteira. Clique <a href=\"https:\/\/mitibags.com\/bags\/\">aqui<\/a> e veja tudo o que temos para si.<\/p>\n<p>&nbsp;<\/p>\n<p><strong>Tamanho: <\/strong>19x10x2 cm<\/p>\n<p><strong>Material Exterior: <\/strong> Pele Genu\u00edna com Textura Martelada<\/p>\n<p><strong>Material<\/strong> <strong>Interior<\/strong> Pele Genu\u00edna<\/p>\n<p><strong>Cor:<\/strong> Preto<\/p>\n<p><strong>Cor das ferragens: <\/strong>Prateado<\/p>\n","protected":false},"excerpt":{"rendered":"<p>Produzido em <strong>Pele Genu\u00edna de Textura Martelada<\/strong><strong> no exterior<\/strong> e com um <strong>tamanho de 19 cm de comprimento e 10 cm de altura<\/strong> a nossa Essential Carteira Preta em Pele tem um interior com 3 compartimentos, sendo o do meio com fecho de correr e os outros dois com 8 divis\u00f5es para acomodar confortavelmente cart\u00f5es de visita ou de cr\u00e9dito de tamanho standard. Em cada um dos lados existem ainda 2 outros compartimentos maiores perfeitos para colocar documentos e notas. A abertura \u00e9 feita com um fecho zip dourado. Se procura dar um toque pessoal ao seu porta moedas personalizando-o com as suas iniciais, clique no bot\u00e3o personalizar e escolha como pretende fazer a personaliza\u00e7\u00e3o do seu novo porta-moedas.<\/p>\n","protected":false},"featured_media":8805,"comment_status":"open","ping_status":"closed","template":"","meta":[],"product_brand":[],"product_cat":[90,93],"product_tag":[252,127,264],"class_list":{"0":"post-4617","1":"product","2":"type-product","3":"status-publish","4":"has-post-thumbnail","6":"product_cat-carteiras-em-pele","7":"product_cat-carteiras-em-pele-pt-pt","8":"product_tag-carteira-preta-em-pele","9":"product_tag-carteiras","10":"product_tag-essential-carteira-preta-em-pele","11":"tm-has-options","13":"first","14":"instock","15":"taxable","16":"shipping-taxable","17":"purchasable","18":"product-type-simple"},"_links":{"self":[{"href":"https:\/\/mitibags.com\/pt-pt\/wp-json\/wp\/v2\/product\/4617","targetHints":{"allow":["GET"]}}],"collection":[{"href":"https:\/\/mitibags.com\/pt-pt\/wp-json\/wp\/v2\/product"}],"about":[{"href":"https:\/\/mitibags.com\/pt-pt\/wp-json\/wp\/v2\/types\/product"}],"replies":[{"embeddable":true,"href":"https:\/\/mitibags.com\/pt-pt\/wp-json\/wp\/v2\/comments?post=4617"}],"version-history":[{"count":0,"href":"https:\/\/mitibags.com\/pt-pt\/wp-json\/wp\/v2\/product\/4617\/revisions"}],"wp:featuredmedia":[{"embeddable":true,"href":"https:\/\/mitibags.com\/pt-pt\/wp-json\/wp\/v2\/media\/8805"}],"wp:attachment":[{"href":"https:\/\/mitibags.com\/pt-pt\/wp-json\/wp\/v2\/media?parent=4617"}],"wp:term":[{"taxonomy":"product_brand","embeddable":true,"href":"https:\/\/mitibags.com\/pt-pt\/wp-json\/wp\/v2\/product_brand?post=4617"},{"taxonomy":"product_cat","embeddable":true,"href":"https:\/\/mitibags.com\/pt-pt\/wp-json\/wp\/v2\/product_cat?post=4617"},{"taxonomy":"product_tag","embeddable":true,"href":"https:\/\/mitibags.com\/pt-pt\/wp-json\/wp\/v2\/product_tag?post=4617"}],"curies":[{"name":"wp","href":"https:\/\/api.w.org\/{rel}","templated":true}]}}