{"id":4605,"date":"2024-04-25T19:39:51","date_gmt":"2024-04-25T18:39:51","guid":{"rendered":"https:\/\/mitibags.com\/?post_type=product&#038;p=4605"},"modified":"2024-06-09T18:36:16","modified_gmt":"2024-06-09T17:36:16","slug":"saffie-taupe-carteira-em-pele","status":"publish","type":"product","link":"https:\/\/mitibags.com\/pt-pt\/product\/carteiras-em-pele\/carteiras-em-pele-pt-pt\/saffie-taupe-carteira-em-pele\/","title":{"rendered":"Saffie Taupe Carteira em Pele"},"content":{"rendered":"<h2>Saffie Taupe Carteira em Pele<\/h2>\n<p>&nbsp;<\/p>\n<p>Produzida em It\u00e1lia com a melhor pele saffiano a SaffieTaupe Carteira em Pele \u00e9 a carteira que procura.<\/p>\n<p>Com um <strong>tamanho de 19 cm de comprimento e 10 cm de altura <\/strong>, fecha com um fecho de correr dourado. O interior, em pele bege, encontra-se dividido em 3 compartimentos, sendo o do meio com fecho de correr, pensado especificamente para guardar moedas, e os outros dois pensados para guardar cart\u00f5es e documentos, contendo espa\u00e7os desenhados para 8 cart\u00f5es de tamanho standard e 2 espa\u00e7os maiores ideiais para documentos e notas.<\/p>\n<p>Se adora produtos <strong>personalizados <\/strong> n\u00e3o perca a oportunidade de dar seu toque pessoal \u00e0 sua Saffie Taupe Carteira em Pele atrav\u00e9s do nosso servi\u00e7o de personaliza\u00e7\u00e3o. Adicione as suas iniciais em prateado ou dourado, ou um dos emojis dispon\u00edveis e personalize hoje a sua nova carteira. Para o fazer e ter a sua carteira personalizada, feita unicamente para si, clique no bot\u00e3o personalizar e diga-nos como pretende tornar a sua carteira \u00fanica.<\/p>\n<p>Entretanto, convidamos-la a visitar a nossa sec\u00e7\u00e3o de malas e ver todos os modelos dispon\u00edveis e que, com certeza, combinar\u00e3o lindamente com a sua nova carteira. Clique <a href=\"https:\/\/mitibags.com\/bags\/\">aqui<\/a> e veja tudo o que temos para si.<\/p>\n<p>&nbsp;<\/p>\n<p><strong>Tamanho: <\/strong>19x10x2 cm<\/p>\n<p><strong>Material exterior: <\/strong>Pele Saffiano<\/p>\n<p><strong>Material<\/strong> <strong>Interior<\/strong> Pele Genu\u00edna<\/p>\n<p><strong>Cor:<\/strong> Taupe<\/p>\n<p><strong>Cor das Ferragens:<\/strong> Dourado<\/p>\n","protected":false},"excerpt":{"rendered":"<p>Produzido em <strong>Pele Saffiano no exterior<\/strong> e com um <strong>tamanho de 19 cm de comprimento e 10 cm de altura<\/strong> a nossa Saffie Taupe Carteira em Pele tem um interior com 3 compartimentos, o do meio com fecho de correr e os outros dois com 8 divis\u00f5es para acomodar confortavelmente cart\u00f5es de visita ou de cr\u00e9dito de tamanho normal e dois compartimentos maiores para o seu dinheiro ou documentos. A abertura da carteira \u00e9 feita atrav\u00e9s de um <strong>fecho zip de cor dourada.<\/strong> Se procura dar um toque pessoal ao seu porta moedas personalizando-o com as suas iniciais, clique no bot\u00e3o personalizar e escolha como pretende fazer a personaliza\u00e7\u00e3o do seu novo porta-moedas.<\/p>\n","protected":false},"featured_media":8938,"comment_status":"open","ping_status":"closed","template":"","meta":[],"product_brand":[],"product_cat":[90,93],"product_tag":[127,266,265],"class_list":{"0":"post-4605","1":"product","2":"type-product","3":"status-publish","4":"has-post-thumbnail","6":"product_cat-carteiras-em-pele","7":"product_cat-carteiras-em-pele-pt-pt","8":"product_tag-carteiras","9":"product_tag-saffie-taupe-carteira-em-pele-pt-pt","10":"product_tag-saffie-taupe-carteira-em-pele","11":"tm-has-options","13":"first","14":"instock","15":"taxable","16":"shipping-taxable","17":"purchasable","18":"product-type-simple"},"_links":{"self":[{"href":"https:\/\/mitibags.com\/pt-pt\/wp-json\/wp\/v2\/product\/4605","targetHints":{"allow":["GET"]}}],"collection":[{"href":"https:\/\/mitibags.com\/pt-pt\/wp-json\/wp\/v2\/product"}],"about":[{"href":"https:\/\/mitibags.com\/pt-pt\/wp-json\/wp\/v2\/types\/product"}],"replies":[{"embeddable":true,"href":"https:\/\/mitibags.com\/pt-pt\/wp-json\/wp\/v2\/comments?post=4605"}],"version-history":[{"count":0,"href":"https:\/\/mitibags.com\/pt-pt\/wp-json\/wp\/v2\/product\/4605\/revisions"}],"wp:featuredmedia":[{"embeddable":true,"href":"https:\/\/mitibags.com\/pt-pt\/wp-json\/wp\/v2\/media\/8938"}],"wp:attachment":[{"href":"https:\/\/mitibags.com\/pt-pt\/wp-json\/wp\/v2\/media?parent=4605"}],"wp:term":[{"taxonomy":"product_brand","embeddable":true,"href":"https:\/\/mitibags.com\/pt-pt\/wp-json\/wp\/v2\/product_brand?post=4605"},{"taxonomy":"product_cat","embeddable":true,"href":"https:\/\/mitibags.com\/pt-pt\/wp-json\/wp\/v2\/product_cat?post=4605"},{"taxonomy":"product_tag","embeddable":true,"href":"https:\/\/mitibags.com\/pt-pt\/wp-json\/wp\/v2\/product_tag?post=4605"}],"curies":[{"name":"wp","href":"https:\/\/api.w.org\/{rel}","templated":true}]}}