{"id":4569,"date":"2024-04-23T08:56:18","date_gmt":"2024-04-23T07:56:18","guid":{"rendered":"https:\/\/mitibags.com\/?post_type=product&#038;p=4569"},"modified":"2024-06-13T20:52:23","modified_gmt":"2024-06-13T19:52:23","slug":"preto-bege-alca-para-mala","status":"publish","type":"product","link":"https:\/\/mitibags.com\/pt-pt\/product\/acessorios-para-malas\/alcas-para-malas\/preto-bege-alca-para-mala\/","title":{"rendered":"H Al\u00e7a Preta para Mala"},"content":{"rendered":"<h2>H Al\u00e7a Preta para Mala<\/h2>\n<p>&nbsp;<\/p>\n<p>As al\u00e7as para malas, mais precisamente o modelo Guitar Straps, vieram acrescentar versatilidade na hora de dar um novo look \u00e0 sua mala habitual sem ter necessariamente de comprar uma nova.<\/p>\n<p>Com um tamanho <strong>m\u00e1ximo de 1,15m<\/strong>, a H Al\u00e7a Preta para Mala \u00e9 ajust\u00e1vel, facilitando o ajuste ao tamanho ideal para si, permitindo-lhe usar a sua mala como mala a tiracolo ou como mala de ombro.<\/p>\n<p>Os dois <strong>anz\u00f3is dourados<\/strong>, da mesma cor que o resto das ferragens, fazem com que seja f\u00e1cil e pr\u00e1tico colocar e retirar a H Al\u00e7a Preta da sua mala favorita.<\/p>\n<p>Relativamente aos materiais, para o m\u00e1ximo conforto poss\u00edvel, temos uma combina\u00e7\u00e3o de <strong>algod\u00e3o<\/strong> com <strong>pele genuina<\/strong>, sendo esta \u00faltima utilizada apenas nas extremidades.<\/p>\n<p>\u00c9 precisamente a utiliza\u00e7\u00e3o de pele nas extremidades que permite acrescentar um toque pessoal e de exclusividade \u00e0 sua al\u00e7a atrav\u00e9s da possibilidade de personaliza\u00e7\u00e3o com as suas iniciais. Se adora uma personaliza\u00e7\u00e3o e pretende tornar a sua H Al\u00e7a Preta para Mala \u00fanica e feita especialmente para si, clique no bot\u00e3o personalizar e escolha como pretende tornar a sua al\u00e7a ainda mais especial.<\/p>\n<p>E se procura a mala perfeita para usar com a sua nova al\u00e7a clique <a href=\"https:\/\/mitibags.com\/bags\/\">aqui<\/a> e veja todos os estilos que temos dispon\u00edveis.<\/p>\n<p>&nbsp;<\/p>\n<p><strong>Tamanho: <\/strong>7x13x1 cm<\/p>\n<p><strong>Material: <\/strong>Algod\u00e3o e pele genu\u00edna nas extremidades<\/p>\n<p><strong>Cor:<\/strong> Preto<\/p>\n<p><strong>Cor das Ferragens:<\/strong> Dourado<\/p>\n<p>&nbsp;<\/p>\n","protected":false},"excerpt":{"rendered":"<p>As al\u00e7as para malas, mais precisamente o modelo Guitar Straps, vieram acrescentar versatilidade na hora de dar um novo look \u00e0 sua mala habitual sem ter necessariamente de comprar uma nova. Com um tamanho <strong>m\u00e1ximo de 1,15m<\/strong>, a H Al\u00e7a Preta para Mala \u00e9 ajust\u00e1vel, facilitando o ajuste ao tamanho ideal para si, permitindo-lhe usar a sua mala como mala a tiracolo ou como mala de ombro.<\/p>\n<p>Os dois <strong>anz\u00f3is dourados<\/strong>, da mesma cor que o resto das ferragens, fazem com que seja f\u00e1cil e pr\u00e1tico colocar e retirar a H Al\u00e7a Preta da sua mala favorita.<\/p>\n<p>Relativamente aos materiais, para o m\u00e1ximo conforto poss\u00edvel, temos uma combina\u00e7\u00e3o de <strong>algod\u00e3o<\/strong> com <strong>pele genuina<\/strong>, sendo esta \u00faltima utilizada apenas nas extremidades. \u00c9 precisamente a utiliza\u00e7\u00e3o de pele nas extremidades que permite acrescentar um toque pessoal e de exclusividade \u00e0 sua al\u00e7a atrav\u00e9s da possibilidade de personaliza\u00e7\u00e3o com as suas iniciais. Se adora uma personaliza\u00e7\u00e3o e pretende tornar a sua H Al\u00e7a Preta para Mala \u00fanica e feita especialmente para si, clique no bot\u00e3o personalizar e escolha como pretende tornar a sua al\u00e7a ainda mais especial.<\/p>\n","protected":false},"featured_media":9373,"comment_status":"open","ping_status":"closed","template":"","meta":[],"product_brand":[],"product_cat":[76],"product_tag":[272,280],"class_list":{"0":"post-4569","1":"product","2":"type-product","3":"status-publish","4":"has-post-thumbnail","6":"product_cat-alcas-para-malas","7":"product_tag-alcas-para-malas","8":"product_tag-preto-e-branco-alca-para-mala","9":"tm-has-options","11":"first","12":"instock","13":"taxable","14":"shipping-taxable","15":"purchasable","16":"product-type-simple"},"_links":{"self":[{"href":"https:\/\/mitibags.com\/pt-pt\/wp-json\/wp\/v2\/product\/4569","targetHints":{"allow":["GET"]}}],"collection":[{"href":"https:\/\/mitibags.com\/pt-pt\/wp-json\/wp\/v2\/product"}],"about":[{"href":"https:\/\/mitibags.com\/pt-pt\/wp-json\/wp\/v2\/types\/product"}],"replies":[{"embeddable":true,"href":"https:\/\/mitibags.com\/pt-pt\/wp-json\/wp\/v2\/comments?post=4569"}],"version-history":[{"count":0,"href":"https:\/\/mitibags.com\/pt-pt\/wp-json\/wp\/v2\/product\/4569\/revisions"}],"wp:featuredmedia":[{"embeddable":true,"href":"https:\/\/mitibags.com\/pt-pt\/wp-json\/wp\/v2\/media\/9373"}],"wp:attachment":[{"href":"https:\/\/mitibags.com\/pt-pt\/wp-json\/wp\/v2\/media?parent=4569"}],"wp:term":[{"taxonomy":"product_brand","embeddable":true,"href":"https:\/\/mitibags.com\/pt-pt\/wp-json\/wp\/v2\/product_brand?post=4569"},{"taxonomy":"product_cat","embeddable":true,"href":"https:\/\/mitibags.com\/pt-pt\/wp-json\/wp\/v2\/product_cat?post=4569"},{"taxonomy":"product_tag","embeddable":true,"href":"https:\/\/mitibags.com\/pt-pt\/wp-json\/wp\/v2\/product_tag?post=4569"}],"curies":[{"name":"wp","href":"https:\/\/api.w.org\/{rel}","templated":true}]}}