{"id":4523,"date":"2024-04-21T12:57:46","date_gmt":"2024-04-21T11:57:46","guid":{"rendered":"https:\/\/mitibags.com\/?post_type=product&#038;p=4523"},"modified":"2024-06-10T19:14:44","modified_gmt":"2024-06-10T18:14:44","slug":"serena-bege-mala-de-ombro-em-pele","status":"publish","type":"product","link":"https:\/\/mitibags.com\/pt-pt\/product\/malas-em-pele\/malas-de-ombro\/serena-bege-mala-de-ombro-em-pele\/","title":{"rendered":"Serena Bege Mala de ombro em pele"},"content":{"rendered":"<h2>Serena Bege Mala de ombro em pele<\/h2>\n<p>&nbsp;<\/p>\n<p>Apresentamos-lhe a nossa Serena Bege Mala de ombro em pele. Fabricada em It\u00e1lia com uma <strong>pele<\/strong> <strong>italiana genu\u00edna<\/strong> lisa e selvagem, esta mala \u00e9 definitivamente sin\u00f3nimo de eleg\u00e2ncia.<\/p>\n<p>Com um padr\u00e3o de riscas diagonais e um tamanho de <strong>21 cm de altura e 28 cm de comprimento, <\/strong>perfeito para transportar tudo o que precisas, esta mala de ombro tem duas al\u00e7as para maior conforto e versatilidade.<\/p>\n<p>Uma das al\u00e7as \u00e9 uma corrente dourada onde se encontra entran\u00e7ado um len\u00e7o com padr\u00e3o, enquanto que a outra \u00e9 mais simples e utiliza o mesmo material do resto da mala, ou seja \u00e9 em pele e \u00e9 ajust\u00e1vel j\u00e1 que tem uma fivela que torna f\u00e1cil de a adaptar ao seu tamanho. A al\u00e7a de corrente dourada \u00e9 perfeita para usar com um look mais elegante, onde precisas de uma linda bolsa de ombro, enquanto a al\u00e7a ajust\u00e1vel em pele \u00e9 perfeita quando precisas de uma solu\u00e7\u00e3o a tiracolo, garantindo-te conforto e versatilidade extra.<\/p>\n<p>Se no entanto procura outro estilo de al\u00e7a, veja <a href=\"https:\/\/mitibags.com\/bags-straps\/\">aqui<\/a> as v\u00e1rias al\u00e7as para malas que temos dispon\u00edveis para si.<\/p>\n<p>Na frente da Serena Bege Mala de ombro em pele, pode encontrar um <strong>fecho girat\u00f3rio em tom dourado<\/strong> que ajuda a real\u00e7ar a sua beleza. Este \u00e9 tamb\u00e9m o fecho da mala, mas, quando abrir a aba, pode ainda encontrar um fecho de correr no interior, acrescentando seguran\u00e7a \u00e0 sua mala de ombro e mantendo os teus artigos o mais seguros poss\u00edvel. No interior, com um forro de sarja de algod\u00e3o, encontra um pequeno bolso com fecho para manter as suas coisas organizadas e f\u00e1ceis de encontrar.<\/p>\n<p>Se adora uma personaliza\u00e7\u00e3o, desafiamo-la a tornar a sua Serena Bege Mala de ombro em pele ainda mais \u00fanica. Utilize o nosso servi\u00e7o de personaliza\u00e7\u00e3o e adicione as iniciais do seu nome ou uma cita\u00e7\u00e3o especial que pode ser estampada no interior da aba. Para o fazer clique no bot\u00e3o personalizar e torne a sua mala de ombro unicamente sua e feita para se adaptar a si.<\/p>\n<p>&nbsp;<\/p>\n<p><strong>Tamanho: <\/strong>28x21x7 cm<\/p>\n<p><strong>Material Exterior: <\/strong>Pele genu\u00edna &#8211; Pele selvagem lisa<\/p>\n<p><strong>Material <\/strong> <strong> Interior: <\/strong>Sarja de Algod\u00e3o<\/p>\n<p><strong>Cor:<\/strong> Bege<\/p>\n<p><strong>Cor das Ferragens:<\/strong> Dourado<\/p>\n","protected":false},"excerpt":{"rendered":"<p>Fabricado em It\u00e1lia em <strong>pele<\/strong> <strong>genu\u00edna italiana<\/strong> lisa e selvagem, a Serena Bege Mala de ombro em pele \u00e9 claramente sin\u00f3nimo de eleg\u00e2ncia. Com um padr\u00e3o de riscas diagonais, um tamanho de <strong>21 cm de altura e 28 cm de comprimento<\/strong>, e duas al\u00e7as &#8211; uma em pele ajust\u00e1vel e outra de corrente dourada, esta mala \u00e9 perfeita para poder levar consigo tudo o que precisa com o maior conforto. Personalize-a com as iniciais do seu nome ou uma cita\u00e7\u00e3o especial para si, que podem ser adicionados ao interior da mala por exemplo, e torne a Serena Bege Mala de ombro em pele unicamente sua.<\/p>\n","protected":false},"featured_media":7885,"comment_status":"open","ping_status":"closed","template":"","meta":[],"product_brand":[],"product_cat":[84],"product_tag":[281,282,283],"class_list":{"0":"post-4523","1":"product","2":"type-product","3":"status-publish","4":"has-post-thumbnail","6":"product_cat-malas-de-ombro","7":"product_tag-mala-de-ombro-em-pele","8":"product_tag-serena-bege-mala-de-ombro-em-pele","9":"product_tag-serena-bege-mala-de-ombro-em-pele-pt-pt","10":"tm-has-options","12":"first","13":"instock","14":"taxable","15":"shipping-taxable","16":"purchasable","17":"product-type-simple"},"_links":{"self":[{"href":"https:\/\/mitibags.com\/pt-pt\/wp-json\/wp\/v2\/product\/4523","targetHints":{"allow":["GET"]}}],"collection":[{"href":"https:\/\/mitibags.com\/pt-pt\/wp-json\/wp\/v2\/product"}],"about":[{"href":"https:\/\/mitibags.com\/pt-pt\/wp-json\/wp\/v2\/types\/product"}],"replies":[{"embeddable":true,"href":"https:\/\/mitibags.com\/pt-pt\/wp-json\/wp\/v2\/comments?post=4523"}],"version-history":[{"count":0,"href":"https:\/\/mitibags.com\/pt-pt\/wp-json\/wp\/v2\/product\/4523\/revisions"}],"wp:featuredmedia":[{"embeddable":true,"href":"https:\/\/mitibags.com\/pt-pt\/wp-json\/wp\/v2\/media\/7885"}],"wp:attachment":[{"href":"https:\/\/mitibags.com\/pt-pt\/wp-json\/wp\/v2\/media?parent=4523"}],"wp:term":[{"taxonomy":"product_brand","embeddable":true,"href":"https:\/\/mitibags.com\/pt-pt\/wp-json\/wp\/v2\/product_brand?post=4523"},{"taxonomy":"product_cat","embeddable":true,"href":"https:\/\/mitibags.com\/pt-pt\/wp-json\/wp\/v2\/product_cat?post=4523"},{"taxonomy":"product_tag","embeddable":true,"href":"https:\/\/mitibags.com\/pt-pt\/wp-json\/wp\/v2\/product_tag?post=4523"}],"curies":[{"name":"wp","href":"https:\/\/api.w.org\/{rel}","templated":true}]}}