{"id":4512,"date":"2024-04-21T12:33:03","date_gmt":"2024-04-21T11:33:03","guid":{"rendered":"https:\/\/mitibags.com\/?post_type=product&#038;p=4512"},"modified":"2024-06-11T12:18:19","modified_gmt":"2024-06-11T11:18:19","slug":"sunshine-mala-de-mao-preta-em-pele-medium","status":"publish","type":"product","link":"https:\/\/mitibags.com\/pt-pt\/product\/malas-em-pele\/malas-de-mao\/sunshine-mala-de-mao-preta-em-pele-medium\/","title":{"rendered":"Sunshine M Mala de M\u00e3o Preta em Pele"},"content":{"rendered":"<h2>Sunshine M Mala de M\u00e3o Preta em Pele<\/h2>\n<p>&nbsp;<\/p>\n<p>O ver\u00e3o chegou e a mala perfeita para os dias de sol tamb\u00e9m. A Sunshine M Mala de M\u00e3o Preta em Pele, feita em pele genu\u00edna de textura suave combinada com r\u00e1fia, \u00e9 a mala perfeita para dar vida aos seus looks de ver\u00e3o.<\/p>\n<p>Com um estilo elegante e dispon\u00edvel em dois tamanhos, sendo este o tamanho mais pequeno que tem <strong>32 cm de largura por 21 cm de altura<\/strong>, a combina\u00e7\u00e3o de pele de cor preta com rafia d\u00e1 a esta mala o cheirinho a ver\u00e3o que todos adoramos.<\/p>\n<p>No interior, <strong>em sarja de algod\u00e3o<\/strong>, encontra um pequeno bolso com fecho zip de um lado e, do outro, outro bolso mas sem fecho zip. Estes dois bolsos s\u00e3o perfeitos para manter a sua mala organizada e tudo mais f\u00e1cil de encontrar dentro da Sunshine M Mala de M\u00e3o Preta em Pele.<\/p>\n<p>A abertura \u00e9 feita atrav\u00e9s de um <strong>fecho zip de cor dourada<\/strong>, a mesma cor que o resto das ferragens, inclu\u00edndo as pequenas tachas que decoram a mala.<\/p>\n<p>Sabemos que ter uma mala vers\u00e1til \u00e9 importante para si, \u00e9 por isso que a Sunshine M Mala de M\u00e3o Preta em Pele vem com uma <strong> al\u00e7a extra<\/strong> para poder transform\u00e1-la facilmente e mala de ombro ou tiracolo.<\/p>\n<p>Esta al\u00e7a combina uma corrente dourada e pele preta, igual ao do resto da mala. A parte da pele encontra-se na zona do ombro, dando um conforto extra que lhe ir\u00e1 permitir usar a sua mala sem magoar o ombro. Se procura um estilo de al\u00e7a diferente, pode ver a sele\u00e7\u00e3o de al\u00e7as que temos dispon\u00edveis <a href=\"https:\/\/mitibags.com\/bags-straps\/\">aqui.<\/a><\/p>\n<p>Pode tamb\u00e9m personalizar a sua Sunshine M Mala de M\u00e3o Preta em Pele com as suas iniciais e torn\u00e1-la \u00fanica. Para o fazer clique no bot\u00e3o personalizar e escolha como pretende tornar a sua nova mala de m\u00e3o unicamente sua.<\/p>\n<p>Caso pretenda acrescentar um toque de luxo e glamour \u00e0 Sunshine M Mala de M\u00e3o Preta em Pele que tal acrescentar um len\u00e7o colorido? Consulte a nossa<a href=\"https:\/\/mitibags.com\/lencos-malas\/\"> \u00e1rea de len\u00e7os<\/a> e veja a cole\u00e7\u00e3o que vai fazer a sua mala brilhar.<\/p>\n<p>&nbsp;<\/p>\n<p><strong>Tamanho: <\/strong>32x21x8,50 cm<\/p>\n<p><strong>Material Exterior: <\/strong>Pele Genu\u00edna Lisa<\/p>\n<p><strong>Material <\/strong> <strong> Interior: <\/strong>Sarja de Algod\u00e3o<\/p>\n<p><strong>Cor:<\/strong> Preto<\/p>\n<p><strong>Cor das Ferragens:<\/strong> Dourado<\/p>\n","protected":false},"excerpt":{"rendered":"<p>O ver\u00e3o chegou e a mala perfeita para os dias de sol tamb\u00e9m. A Sunshine M Mala de M\u00e3o Preta em Pele, feita em pele genu\u00edna de textura suave combinada com r\u00e1fia, \u00e9 a mala perfeita para dar vida aos seus looks de ver\u00e3o. Esta vers\u00e3o maior tem um tamanho de <strong>32 cm de largura por 21 cm de altura <\/strong><strong> <\/strong>vem com uma al\u00e7a amov\u00edvel que facilita a sua utiliza\u00e7\u00e3o como mala de m\u00e3o, mala de ombro ou mala tiracolo. Pode tamb\u00e9m personalizar a sua Sunshine M Mala de M\u00e3o Preta em Pele acrescentando as suas iniciais em dourado ou prateado e dando um toque de luxo \u00e0 sua mala.<\/p>\n","protected":false},"featured_media":6990,"comment_status":"open","ping_status":"closed","template":"","meta":[],"product_brand":[],"product_cat":[61],"product_tag":[284,285],"class_list":{"0":"post-4512","1":"product","2":"type-product","3":"status-publish","4":"has-post-thumbnail","6":"product_cat-malas-de-mao","7":"product_tag-pele-genuina-preta","8":"product_tag-sunshine-mala-de-mao-preta-em-pele","9":"tm-has-options","11":"first","12":"outofstock","13":"taxable","14":"shipping-taxable","15":"purchasable","16":"product-type-simple"},"_links":{"self":[{"href":"https:\/\/mitibags.com\/pt-pt\/wp-json\/wp\/v2\/product\/4512","targetHints":{"allow":["GET"]}}],"collection":[{"href":"https:\/\/mitibags.com\/pt-pt\/wp-json\/wp\/v2\/product"}],"about":[{"href":"https:\/\/mitibags.com\/pt-pt\/wp-json\/wp\/v2\/types\/product"}],"replies":[{"embeddable":true,"href":"https:\/\/mitibags.com\/pt-pt\/wp-json\/wp\/v2\/comments?post=4512"}],"version-history":[{"count":0,"href":"https:\/\/mitibags.com\/pt-pt\/wp-json\/wp\/v2\/product\/4512\/revisions"}],"wp:featuredmedia":[{"embeddable":true,"href":"https:\/\/mitibags.com\/pt-pt\/wp-json\/wp\/v2\/media\/6990"}],"wp:attachment":[{"href":"https:\/\/mitibags.com\/pt-pt\/wp-json\/wp\/v2\/media?parent=4512"}],"wp:term":[{"taxonomy":"product_brand","embeddable":true,"href":"https:\/\/mitibags.com\/pt-pt\/wp-json\/wp\/v2\/product_brand?post=4512"},{"taxonomy":"product_cat","embeddable":true,"href":"https:\/\/mitibags.com\/pt-pt\/wp-json\/wp\/v2\/product_cat?post=4512"},{"taxonomy":"product_tag","embeddable":true,"href":"https:\/\/mitibags.com\/pt-pt\/wp-json\/wp\/v2\/product_tag?post=4512"}],"curies":[{"name":"wp","href":"https:\/\/api.w.org\/{rel}","templated":true}]}}