{"id":4464,"date":"2024-04-20T22:17:28","date_gmt":"2024-04-20T21:17:28","guid":{"rendered":"https:\/\/mitibags.com\/?post_type=product&#038;p=4464"},"modified":"2026-01-23T18:12:11","modified_gmt":"2026-01-23T17:12:11","slug":"eva-camel-mala-tote-bag-em-pele","status":"publish","type":"product","link":"https:\/\/mitibags.com\/pt-pt\/product\/malas-em-pele\/malas-tote\/eva-camel-mala-tote-bag-em-pele\/","title":{"rendered":"Eva Camel Mala Tote Bag em Pele"},"content":{"rendered":"<h2>Eva Camel Mala Tote Bag em Pele<\/h2>\n<p>&nbsp;<\/p>\n<p>A Eva Camel Mala Tote Bag em Pele, com 47&#215;32 cm \u00e9 a mala perfeita para o dia a dia, mas tamb\u00e9m para o seu fim de semana, dias passados no shopping ou para at\u00e9 mesmo para as suas pr\u00f3ximas merecidas f\u00e9rias. Com um interior e exterior em <strong> pele genu\u00edna<\/strong>, Eva Camel Mala Tote Bag em Pele \u00e9 uma mala pr\u00e1tica, sem deixar de ser fashion, que a ir\u00e1 ajudar a enfrentar o dia-a-dia.<\/p>\n<p>Com <strong>32 cm de altura e 47 de comprimento <\/strong>, a nossa Mala Tote tem uma bolsa interior amov\u00edvel com fecho zip, perfeita para manter a seguran\u00e7a das suas coisas. O fecho da nossa Mala Tote \u00e9 feito com uma argola, situada na parte superior da mala, al\u00e9m claro do fecho da mala interior.<\/p>\n<p>Devido \u00e0 sua dimens\u00e3o, na Eva Camel Mala Tote Bag em Pele pode levar n\u00e3o apenas os essenciais do dia-a-dia, como a carteira, os \u00f3culos de sol, o telem\u00f3vel, mas tamb\u00e9m o seu tablet, port\u00e1til ou documentos de trabalho.<\/p>\n<p>Nos lados da mala tote encontra ainda duas argolas que, conjugada com a al\u00e7a em pele que acompanha a mala, peritem us\u00e1-la tamb\u00e9m como mala tiracolo. Se procura outro estilo de al\u00e7a, consulte a nossa sec\u00e7\u00e3o de al\u00e7as <a href=\"https:\/\/mitibags.com\/bags-straps\/\">aqui<\/a> e escolha a sua al\u00e7a favorita e torne a sua Eva Camel Mala Tote Bag em Pele ainda mais perfeita.<\/p>\n<p>Se adora uma <strong>personaliza\u00e7\u00e3o<\/strong> pode adicionar as suas iniciais \u00e0 Eva Camel Mala Tote em Pele tornando-a unicamente sua. Para o fazer clique no botao personalizar e d\u00ea hoje o toque de luxo \u00e0 sua mala personalizando-a com as suas iniciais.<\/p>\n<p>Se pretende um toque de glamour na sua mala, que tal acrescentar um len\u00e7o colorido? Veja <a href=\"https:\/\/mitibags.com\/lencos-malas\/\">aqui<\/a> os estilos que temos dispon\u00edveis<\/p>\n<p>&nbsp;<\/p>\n<p><strong>Tamanho: <\/strong>47x12x32 cm<\/p>\n<p><strong>Material Exterior: <\/strong> Pele Genu\u00edna com textura martelada<\/p>\n<p><strong>Material<\/strong> <strong>Interior<\/strong> Pele Genu\u00edna<\/p>\n<p><strong>Cor:<\/strong> Camel<\/p>\n<p><strong>Cor das Ferragens:<\/strong> Dourado<\/p>\n","protected":false},"excerpt":{"rendered":"<p>A Eva Camel Mala Tote Bag em Pele, com 47&#215;32 cm \u00e9 a mala perfeita para o dia a dia, mas tamb\u00e9m para o seu fim de semana, dias passados no shopping ou para at\u00e9 mesmo para as suas pr\u00f3ximas merecidas f\u00e9rias. Feita em <strong>pele genu\u00edna<\/strong> no exterior e interior e um tamanho de <strong>32 cm de altura e 47 de comprimento e<\/strong>uma bolsa interior remov\u00edvel, com fecho zip, a Eva Camel Mala Tote Bag em Pele \u00e9 uma mala pr\u00e1tica mas fashion que ir\u00e1 facilitar o seu dia a dia.<\/p>\n","protected":false},"featured_media":6924,"comment_status":"open","ping_status":"closed","template":"","meta":[],"product_brand":[],"product_cat":[85],"product_tag":[296,295,294],"class_list":{"0":"post-4464","1":"product","2":"type-product","3":"status-publish","4":"has-post-thumbnail","6":"product_cat-malas-tote","7":"product_tag-eva-camel-mala-tote-bag-em-pele","8":"product_tag-mala-camel-tote-bag-em-pele","9":"product_tag-mala-tote-em-pele","10":"tm-has-options","12":"first","13":"instock","14":"taxable","15":"shipping-taxable","16":"purchasable","17":"product-type-simple"},"_links":{"self":[{"href":"https:\/\/mitibags.com\/pt-pt\/wp-json\/wp\/v2\/product\/4464","targetHints":{"allow":["GET"]}}],"collection":[{"href":"https:\/\/mitibags.com\/pt-pt\/wp-json\/wp\/v2\/product"}],"about":[{"href":"https:\/\/mitibags.com\/pt-pt\/wp-json\/wp\/v2\/types\/product"}],"replies":[{"embeddable":true,"href":"https:\/\/mitibags.com\/pt-pt\/wp-json\/wp\/v2\/comments?post=4464"}],"version-history":[{"count":0,"href":"https:\/\/mitibags.com\/pt-pt\/wp-json\/wp\/v2\/product\/4464\/revisions"}],"wp:featuredmedia":[{"embeddable":true,"href":"https:\/\/mitibags.com\/pt-pt\/wp-json\/wp\/v2\/media\/6924"}],"wp:attachment":[{"href":"https:\/\/mitibags.com\/pt-pt\/wp-json\/wp\/v2\/media?parent=4464"}],"wp:term":[{"taxonomy":"product_brand","embeddable":true,"href":"https:\/\/mitibags.com\/pt-pt\/wp-json\/wp\/v2\/product_brand?post=4464"},{"taxonomy":"product_cat","embeddable":true,"href":"https:\/\/mitibags.com\/pt-pt\/wp-json\/wp\/v2\/product_cat?post=4464"},{"taxonomy":"product_tag","embeddable":true,"href":"https:\/\/mitibags.com\/pt-pt\/wp-json\/wp\/v2\/product_tag?post=4464"}],"curies":[{"name":"wp","href":"https:\/\/api.w.org\/{rel}","templated":true}]}}