{"id":4447,"date":"2024-04-20T21:43:08","date_gmt":"2024-04-20T20:43:08","guid":{"rendered":"https:\/\/mitibags.com\/?post_type=product&#038;p=4447"},"modified":"2024-06-10T22:02:29","modified_gmt":"2024-06-10T21:02:29","slug":"essential-camel-mala-shopper-em-pele","status":"publish","type":"product","link":"https:\/\/mitibags.com\/pt-pt\/product\/malas-em-pele\/malas-de-ombro\/essential-camel-mala-shopper-em-pele\/","title":{"rendered":"Essential Mala Shopper Camel em Pele"},"content":{"rendered":"<h2>Essential Mala Shopper Camel em Pele<\/h2>\n<p>&nbsp;<\/p>\n<p>Se procura uma Mala Shopper pr\u00e1tica e essencial para o seu dia-a-dia, Essential Mala Shopper Camel em Pele pode ser o que procura.<\/p>\n<p>Com <strong>35,50 cm de altura e 45 cm de comprimento<\/strong>, e um estilo simples, produzida em It\u00e1lia usando a melhor <strong>pele genu\u00edna<\/strong>, a Essential Mala Shopper Camel em Pele tem capacidade para guardar tudo o que precisa para aquele fim de semana especial, as suas pr\u00f3ximas f\u00e9rias, para o dia-a-dia ou apenas para aqueles dias intensos de compras no shopping. Sendo uma mala grande, a Essential pode transportar n\u00e3o s\u00f3 a sua carteira, \u00f3culos de sol, e telem\u00f3vel, mas tamb\u00e9m os seus documentos de trabalho, port\u00e1til ou tablet.<\/p>\n<p>No interior encontra um <strong>pequeno bolso com fecho zip<\/strong>, feito da mesma pele do exterior e perfeito para manter tudo organizado e f\u00e1cil de encontrar. A abertura e fecho da mala \u00e9 feito com o \u00edman que se encontra no interior.<\/p>\n<p>Se adora malas personalizadas, a Essential Mala Shopper Camel em Pele \u00e9 perfeita para ser <strong>personalizada com as suas iniciais<\/strong>. Para o fazer clique no botao personalizar e d\u00ea hoje o toque de luxo \u00e0 sua mala personalizando-a com as suas iniciais.<\/p>\n<p>Acrescente um toque de cor \u00e0 sua mala com um dos nossos acess\u00f3rios. Veja <a href=\"https:\/\/mitibags.com\/acessorios-malas\/\">aqui<\/a> tudo o que selecion\u00e1mos para si.<\/p>\n<p>&nbsp;<\/p>\n<p><strong>Tamanho: <\/strong>45x10x35,50 cm<\/p>\n<p><strong>Material Exterior: <\/strong> Pele Genu\u00edna com textura martelada<\/p>\n<p><strong>Material<\/strong> <strong>Interior<\/strong> Pele Genu\u00edna<\/p>\n<p><strong>Cor:<\/strong> Camel<\/p>\n<p>&nbsp;<\/p>\n","protected":false},"excerpt":{"rendered":"<p>Se procura uma Mala Shopper pr\u00e1tica e essencial para o seu dia-a-dia, Essential Mala Shopper Camel em Pele pode ser o que procura. Com <strong>35,50 cm de altura e 45 cm de comprimento<\/strong>, e um estilo simples, produzida em It\u00e1lia usando a melhor <strong>pele genu\u00edna<\/strong>, a Essential Mala Shopper Camel em Pele tem capacidade para guardar tudo o que precisa para aquele fim de semana especial, as suas pr\u00f3ximas f\u00e9rias, para o dia-a-dia ou apenas para aqueles dias intensos de compras no shopping. Acrescente um toque de luxo \u00e0 sua mala personalizando-a com as suas iniciais e torne-a unicamente sua.<\/p>\n","protected":false},"featured_media":7143,"comment_status":"open","ping_status":"closed","template":"","meta":[],"product_brand":[],"product_cat":[84,85],"product_tag":[297,299,298],"class_list":{"0":"post-4447","1":"product","2":"type-product","3":"status-publish","4":"has-post-thumbnail","6":"product_cat-malas-de-ombro","7":"product_cat-malas-tote","8":"product_tag-essential-camel-mala-shopper-em-pele","9":"product_tag-mala-shopper-camel-em-pele-pt-pt","10":"product_tag-mala-shopper-em-pele-pt-pt","11":"tm-has-options","13":"first","14":"instock","15":"taxable","16":"shipping-taxable","17":"purchasable","18":"product-type-simple"},"_links":{"self":[{"href":"https:\/\/mitibags.com\/pt-pt\/wp-json\/wp\/v2\/product\/4447","targetHints":{"allow":["GET"]}}],"collection":[{"href":"https:\/\/mitibags.com\/pt-pt\/wp-json\/wp\/v2\/product"}],"about":[{"href":"https:\/\/mitibags.com\/pt-pt\/wp-json\/wp\/v2\/types\/product"}],"replies":[{"embeddable":true,"href":"https:\/\/mitibags.com\/pt-pt\/wp-json\/wp\/v2\/comments?post=4447"}],"version-history":[{"count":0,"href":"https:\/\/mitibags.com\/pt-pt\/wp-json\/wp\/v2\/product\/4447\/revisions"}],"wp:featuredmedia":[{"embeddable":true,"href":"https:\/\/mitibags.com\/pt-pt\/wp-json\/wp\/v2\/media\/7143"}],"wp:attachment":[{"href":"https:\/\/mitibags.com\/pt-pt\/wp-json\/wp\/v2\/media?parent=4447"}],"wp:term":[{"taxonomy":"product_brand","embeddable":true,"href":"https:\/\/mitibags.com\/pt-pt\/wp-json\/wp\/v2\/product_brand?post=4447"},{"taxonomy":"product_cat","embeddable":true,"href":"https:\/\/mitibags.com\/pt-pt\/wp-json\/wp\/v2\/product_cat?post=4447"},{"taxonomy":"product_tag","embeddable":true,"href":"https:\/\/mitibags.com\/pt-pt\/wp-json\/wp\/v2\/product_tag?post=4447"}],"curies":[{"name":"wp","href":"https:\/\/api.w.org\/{rel}","templated":true}]}}