{"id":4413,"date":"2024-04-15T01:07:18","date_gmt":"2024-04-15T00:07:18","guid":{"rendered":"https:\/\/mitibags.com\/?post_type=product&#038;p=4413"},"modified":"2025-12-21T00:47:32","modified_gmt":"2025-12-20T23:47:32","slug":"tie-mala-de-mao-preta-em-pele","status":"publish","type":"product","link":"https:\/\/mitibags.com\/pt-pt\/product\/malas-em-pele\/malas-de-mao\/tie-mala-de-mao-preta-em-pele\/","title":{"rendered":"Tie Mala de m\u00e3o Preta em Pele"},"content":{"rendered":"<h2>Tie Mala de m\u00e3o Preta em Pele<\/h2>\n<p>&nbsp;<\/p>\n<p>Procura uma mala de m\u00e3o elegante mas com um toque fashion? Com <strong>23 de altura e 33 de comprimento<\/strong>, a Tie Mala de M\u00e3o Preta em <strong>Pele genu\u00edna com textura lisa de alta qualidade<\/strong>, \u00e9 t\u00e3o maravilhosa quanto parece.<\/p>\n<p>No interior, em <strong>sarja de algod\u00e3o<\/strong>, pode encontrar um pequeno bolso com fecho zip, perfeito para manter os seus essenciais organizados e f\u00e1ceis de encontrar.<\/p>\n<p>Quanto ao fecho, este \u00e9 feito com um \u00edman que se encontra por baixo da aba mas, para aumentar a seguran\u00e7a da sua mala, no interior encontra tamb\u00e9m um <strong> fecho zip<\/strong> que torna a sua mala muito segura.<\/p>\n<p>Sabemos que versatilidade e o conforto s\u00e3o importantes para si e \u00e9 por isso que a Tie Mala de m\u00e3o Preta em Pele traz tamb\u00e9m uma <strong>al\u00e7a amov\u00edvel<\/strong>, feita da mesma pele que o resto da mala, dando-lhe assim a possibilidade de passar facilmente de uma mala de m\u00e3o elegante para uma confort\u00e1vel mala de ombro ou tiracolo, dando-lhe liberdade para poder levar outras coisas nas m\u00e3os.<\/p>\n<p>Sendo facilmente amov\u00edvel pode sempre optar por colocar outro estilo de al\u00e7a na sua Tie Mala de m\u00e3o Preta em Pele. Veja os modelos que temos dispon\u00edveis <a href=\"https:\/\/mitibags.com\/bags-straps\/\">aqui<\/a> ou opte por adicionar um len\u00e7o colorido que ir\u00e1 dar um toque de cor e enaltecer a eleg\u00e2ncia da sua mala. Pode ver <a href=\"https:\/\/mitibags.com\/lencos-malas\/\">aqui<\/a> todos os len\u00e7os que temos dispon\u00edveis para si.<\/p>\n<p>Se adora uma <strong>mala personalizada <\/strong> pode adicionar as suas iniciais \u00e0 Tie Mala de m\u00e3o Preta em Pele tornando-a unicamente sua. Para o fazer clique no botao personalizar e escolha como pretende personalizar a sua nova mala de m\u00e3o.<\/p>\n<p>&nbsp;<\/p>\n<p><strong>Tamanho: <\/strong>33&#215;8,50&#215;23 cm<\/p>\n<p><strong>Material Exterior: <\/strong>Pele Genu\u00edna Lisa<\/p>\n<p><strong>Material <\/strong> <strong> Interior: <\/strong>Sarja de Algod\u00e3o<\/p>\n<p><strong>Cor:<\/strong> Preto<\/p>\n<p><strong>Cor das ferragens: <\/strong>Prateado<\/p>\n","protected":false},"excerpt":{"rendered":"<p>Com <strong>23 cm de altura e 33 cm de comprimento<\/strong>a Tie Mala de M\u00e3o Preta em Pele, \u00e9 t\u00e3o bonita e elegante quanto parece <strong>e foi produzida em It\u00e1lia utilizando pele genu\u00edna lisa da melhor qualidade. <\/strong>A al\u00e7a de pele amov\u00edvel acrescenta a versatilidade e conforto que procura, tornando poss\u00edvel us\u00e1-la n\u00e3o s\u00f3 como mala de m\u00e3o, mas tamb\u00e9m como mala de ombro ou tiracolo.<\/p>\n","protected":false},"featured_media":6871,"comment_status":"open","ping_status":"closed","template":"","meta":[],"product_brand":[],"product_cat":[61],"product_tag":[284,301],"class_list":{"0":"post-4413","1":"product","2":"type-product","3":"status-publish","4":"has-post-thumbnail","6":"product_cat-malas-de-mao","7":"product_tag-pele-genuina-preta","8":"product_tag-tie-mala-de-mao-preta-em-pele","9":"tm-has-options","11":"first","12":"outofstock","13":"taxable","14":"shipping-taxable","15":"purchasable","16":"product-type-simple"},"_links":{"self":[{"href":"https:\/\/mitibags.com\/pt-pt\/wp-json\/wp\/v2\/product\/4413","targetHints":{"allow":["GET"]}}],"collection":[{"href":"https:\/\/mitibags.com\/pt-pt\/wp-json\/wp\/v2\/product"}],"about":[{"href":"https:\/\/mitibags.com\/pt-pt\/wp-json\/wp\/v2\/types\/product"}],"replies":[{"embeddable":true,"href":"https:\/\/mitibags.com\/pt-pt\/wp-json\/wp\/v2\/comments?post=4413"}],"version-history":[{"count":0,"href":"https:\/\/mitibags.com\/pt-pt\/wp-json\/wp\/v2\/product\/4413\/revisions"}],"wp:featuredmedia":[{"embeddable":true,"href":"https:\/\/mitibags.com\/pt-pt\/wp-json\/wp\/v2\/media\/6871"}],"wp:attachment":[{"href":"https:\/\/mitibags.com\/pt-pt\/wp-json\/wp\/v2\/media?parent=4413"}],"wp:term":[{"taxonomy":"product_brand","embeddable":true,"href":"https:\/\/mitibags.com\/pt-pt\/wp-json\/wp\/v2\/product_brand?post=4413"},{"taxonomy":"product_cat","embeddable":true,"href":"https:\/\/mitibags.com\/pt-pt\/wp-json\/wp\/v2\/product_cat?post=4413"},{"taxonomy":"product_tag","embeddable":true,"href":"https:\/\/mitibags.com\/pt-pt\/wp-json\/wp\/v2\/product_tag?post=4413"}],"curies":[{"name":"wp","href":"https:\/\/api.w.org\/{rel}","templated":true}]}}