{"id":4363,"date":"2024-04-14T01:14:13","date_gmt":"2024-04-14T00:14:13","guid":{"rendered":"https:\/\/mitibags.com\/?post_type=product&#038;p=4363"},"modified":"2025-08-04T23:01:12","modified_gmt":"2025-08-04T22:01:12","slug":"moon-mala-de-ombro-preta-em-pele","status":"publish","type":"product","link":"https:\/\/mitibags.com\/pt-pt\/product\/malas-em-pele\/malas-de-ombro\/moon-mala-de-ombro-preta-em-pele\/","title":{"rendered":"Moon Mala de Ombro Preta em Pele"},"content":{"rendered":"<h2>Moon Mala de Ombro Preta em Pele<\/h2>\n<p>&nbsp;<\/p>\n<p>Feita em It\u00e1lia com a melhor Pele Genu\u00edna Texturada, a Moon Mala de Ombro Preta em Pele \u00e9 a mala perfeita para aquela noite divertida com os amigos ou para aquele jantar especial, acrescentando o fashion touch que procura para o seu look.<\/p>\n<p>Com <strong>27 cm de comprimento e 23,50 cm de altura, <\/strong>\u00e9 perfeita para transportar os seus objectos essenciais, como carteira, telem\u00f3vel, chaves e baton. A abertura \u00e9 feita com o fecho zip que se encontra na parte superior da mala. No interior, encontra ainda um pequeno bolso, tamb\u00e9m com fecho zip, perfeito para guardar os objetos aos quais precisa de acesso r\u00e1pido, como por exemplo o telem\u00f3vel ou at\u00e9 mesmo o porta cart\u00f5es.<\/p>\n<p>A cor preta, combinada com as ferragens douradas, confere o toque glamoroso e elegante que a far\u00e1 destacar-se<\/p>\n<p>Para tornar torn\u00e1-la ainda mais perfeita personalize a sua mala com as suas iniciais. Para o fazer clique no botao personalizar e d\u00ea hoje o toque de luxo \u00e0 sua Moon Mala de Ombro Preta em Pele tornando.a unicamente sua.<\/p>\n<p>Acrescente um toque pessoal \u00e0 sua mala adicionando um acess\u00f3rio. Veja <a href=\"https:\/\/mitibags.com\/acessorios-malas\/\">aqui<\/a> tudo o que selecionamos para si.<\/p>\n<p>&nbsp;<\/p>\n<p><strong>Tamanho: <\/strong>27&#215;23,50&#215;6 cm<\/p>\n<p><strong>Material Exterior: <\/strong>Pele Genu\u00edna Lisa<\/p>\n<p><strong>Material<\/strong> <strong> Interior<\/strong>: Sarja de Algod\u00e3o<\/p>\n<p><strong>Cor:<\/strong> Preto<\/p>\n<p><strong>Cor das Ferragens:<\/strong> Dourado<\/p>\n","protected":false},"excerpt":{"rendered":"<p>Produzida em It\u00e1lia com a melhor <strong>Pele Genu\u00edna Texturada<\/strong> e com <strong>27 cm de comprimento e 23,50 cm de altura,<\/strong> a Moon Mala de Ombro Preta em Pele tem um estilo elegante e fashion que a far\u00e1 brilhar.<\/p>\n","protected":false},"featured_media":7690,"comment_status":"open","ping_status":"closed","template":"","meta":[],"product_brand":[],"product_cat":[84],"product_tag":[312,311,313],"class_list":{"0":"post-4363","1":"product","2":"type-product","3":"status-publish","4":"has-post-thumbnail","6":"product_cat-malas-de-ombro","7":"product_tag-mala-de-ombro-preta-em-pele-pt-pt","8":"product_tag-mala-de-pele","9":"product_tag-moon-mala-de-ombro-preta-em-pele","10":"tm-has-options","12":"first","13":"outofstock","14":"taxable","15":"shipping-taxable","16":"purchasable","17":"product-type-simple"},"_links":{"self":[{"href":"https:\/\/mitibags.com\/pt-pt\/wp-json\/wp\/v2\/product\/4363","targetHints":{"allow":["GET"]}}],"collection":[{"href":"https:\/\/mitibags.com\/pt-pt\/wp-json\/wp\/v2\/product"}],"about":[{"href":"https:\/\/mitibags.com\/pt-pt\/wp-json\/wp\/v2\/types\/product"}],"replies":[{"embeddable":true,"href":"https:\/\/mitibags.com\/pt-pt\/wp-json\/wp\/v2\/comments?post=4363"}],"version-history":[{"count":0,"href":"https:\/\/mitibags.com\/pt-pt\/wp-json\/wp\/v2\/product\/4363\/revisions"}],"wp:featuredmedia":[{"embeddable":true,"href":"https:\/\/mitibags.com\/pt-pt\/wp-json\/wp\/v2\/media\/7690"}],"wp:attachment":[{"href":"https:\/\/mitibags.com\/pt-pt\/wp-json\/wp\/v2\/media?parent=4363"}],"wp:term":[{"taxonomy":"product_brand","embeddable":true,"href":"https:\/\/mitibags.com\/pt-pt\/wp-json\/wp\/v2\/product_brand?post=4363"},{"taxonomy":"product_cat","embeddable":true,"href":"https:\/\/mitibags.com\/pt-pt\/wp-json\/wp\/v2\/product_cat?post=4363"},{"taxonomy":"product_tag","embeddable":true,"href":"https:\/\/mitibags.com\/pt-pt\/wp-json\/wp\/v2\/product_tag?post=4363"}],"curies":[{"name":"wp","href":"https:\/\/api.w.org\/{rel}","templated":true}]}}