{"id":4352,"date":"2024-04-14T00:31:57","date_gmt":"2024-04-13T23:31:57","guid":{"rendered":"https:\/\/mitibags.com\/?post_type=product&#038;p=4352"},"modified":"2024-06-15T20:35:36","modified_gmt":"2024-06-15T19:35:36","slug":"morocco-mochila-em-pele-bege","status":"publish","type":"product","link":"https:\/\/mitibags.com\/pt-pt\/product\/malas-em-pele\/mochilas\/morocco-mochila-em-pele-bege\/","title":{"rendered":"Morocco Mochila em Pele Bege"},"content":{"rendered":"<h2>Morocco Mochila em Pele Bege<\/h2>\n<p>&nbsp;<\/p>\n<p>A Morocco Mochila em Pele Bege, fabricada com a melhor <strong>Pele Italiana com textura martelada<\/strong>, com <strong>26 cm de comprimento e 21 cm de altura<\/strong>, vem contrariar o aspeto mais relaxado das mochilas apresentando-se com um estilo elegante mas perfeito para a sua pr\u00f3xima aventura.<\/p>\n<p>Com ferragens douradas e um interior em sarja de algod\u00e3o, o a abertura \u00e9 feita com fecho zip, mantendo assim a seguran\u00e7a dos seus objetos.<\/p>\n<p>As <strong>duas al\u00e7as, ajust\u00e1veis e facilmente remov\u00edveis,<\/strong> que acompanham a mochila facilitam n\u00e3o s\u00f3 a adapta\u00e7\u00e3o ao seu tamanho mas tamb\u00e9m, utilizando as 2 argolas que se encontram em cada um dos lados <strong>,de cor dourada,<\/strong> e as tr\u00eas argolas que est\u00e3o na parte de tr\u00e1s, pode facilmente transformar a sua Morocco Mochila em Pele Bege em mala de ombro ou tiracolo. Na parte superior, encontra ainda uma pega, tornando-a f\u00e1cil de transportar.<\/p>\n<p>A Morocco Mochila em Pele Bege pode ser <strong> personalizada <\/strong> com as suas iniciais, tornando-a unicamente sua. Para o fazer clique no botao personalizar e d\u00ea hoje o toque de luxo \u00e0 sua mala personalizando-a com as suas iniciais.<\/p>\n<p>&nbsp;<\/p>\n<p><strong>Tamanho: <\/strong>26x11x21 cm<\/p>\n<p><strong>Material Exterior:<\/strong> Pele Genu\u00edna com textura martelada<\/p>\n<p><strong>Material <\/strong> <strong> Interior: <\/strong>Sarja de Algod\u00e3o<\/p>\n<p><strong>Cor:<\/strong> Bege<\/p>\n<p><strong>Cor das Ferragens:<\/strong> Dourado<\/p>\n","protected":false},"excerpt":{"rendered":"<p>A Morocco Mochila em Pele Bege, fabricada com a melhor <strong>Pele Italiana de Textura Martelada no exterior e em Sarja de algod\u00e3o no interior, <\/strong>apresenta-se com uma medida de <strong>26 cm de comprimento e 21 cm de altura<\/strong> e <strong>2<\/strong> <strong>al\u00e7as ajust\u00e1veis e remov\u00edveis <\/strong>que a tornam vers\u00e1til e f\u00e1cil de transformar numa mala de ombro ou tiracolo.<\/p>\n","protected":false},"featured_media":7341,"comment_status":"open","ping_status":"closed","template":"","meta":[],"product_brand":[],"product_cat":[80],"product_tag":[],"class_list":{"0":"post-4352","1":"product","2":"type-product","3":"status-publish","4":"has-post-thumbnail","6":"product_cat-mochilas","7":"tm-has-options","9":"first","10":"instock","11":"taxable","12":"shipping-taxable","13":"purchasable","14":"product-type-simple"},"_links":{"self":[{"href":"https:\/\/mitibags.com\/pt-pt\/wp-json\/wp\/v2\/product\/4352","targetHints":{"allow":["GET"]}}],"collection":[{"href":"https:\/\/mitibags.com\/pt-pt\/wp-json\/wp\/v2\/product"}],"about":[{"href":"https:\/\/mitibags.com\/pt-pt\/wp-json\/wp\/v2\/types\/product"}],"replies":[{"embeddable":true,"href":"https:\/\/mitibags.com\/pt-pt\/wp-json\/wp\/v2\/comments?post=4352"}],"version-history":[{"count":0,"href":"https:\/\/mitibags.com\/pt-pt\/wp-json\/wp\/v2\/product\/4352\/revisions"}],"wp:featuredmedia":[{"embeddable":true,"href":"https:\/\/mitibags.com\/pt-pt\/wp-json\/wp\/v2\/media\/7341"}],"wp:attachment":[{"href":"https:\/\/mitibags.com\/pt-pt\/wp-json\/wp\/v2\/media?parent=4352"}],"wp:term":[{"taxonomy":"product_brand","embeddable":true,"href":"https:\/\/mitibags.com\/pt-pt\/wp-json\/wp\/v2\/product_brand?post=4352"},{"taxonomy":"product_cat","embeddable":true,"href":"https:\/\/mitibags.com\/pt-pt\/wp-json\/wp\/v2\/product_cat?post=4352"},{"taxonomy":"product_tag","embeddable":true,"href":"https:\/\/mitibags.com\/pt-pt\/wp-json\/wp\/v2\/product_tag?post=4352"}],"curies":[{"name":"wp","href":"https:\/\/api.w.org\/{rel}","templated":true}]}}