{"id":4327,"date":"2024-04-13T21:48:31","date_gmt":"2024-04-13T20:48:31","guid":{"rendered":"https:\/\/mitibags.com\/?post_type=product&#038;p=4327"},"modified":"2024-06-13T21:04:16","modified_gmt":"2024-06-13T20:04:16","slug":"duo-mochila-em-pele-camel","status":"publish","type":"product","link":"https:\/\/mitibags.com\/pt-pt\/product\/malas-em-pele\/mochilas\/duo-mochila-em-pele-camel\/","title":{"rendered":"Duo Mochila em Pele Camel"},"content":{"rendered":"<h2>Duo Mochila em Pele Camel<\/h2>\n<p>&nbsp;<\/p>\n<p>Produzida em <strong>pele genu\u00edna italiana com textura martelada de cor camel<\/strong>(exterior) e pele genu\u00edna tamb\u00e9m no interior mas azul-escura, a Duo Mochila em Pele Camel apresenta <strong>ferragens douradas.<\/strong><\/p>\n<p>Com <strong>30 cm de comprimento e 28 cm de altura<\/strong> a nossa Duo Mochila em Pele Camel foi desenhada com um par de al\u00e7as que lhe d\u00e3o versatilidade, uma vez que pode ser utilizada n\u00e3o s\u00f3 como mochila, mas tamb\u00e9m como mala de tiracolo de ombro, bastando para isso fazer um pequeno ajuste nas al\u00e7as.<\/p>\n<p>Na parte superior, encontra ainda uma pega, tornando-a f\u00e1cil de transportar.<\/p>\n<p>A abertura \u00e9 feita por um fecho dourado (da mesma cor de todas as ferragens) que est\u00e1 por baixo da aba que se encontra na parte da frente da mochila e, para garantir a seguran\u00e7a da sua mochila, existem tamb\u00e9m duas molas em cada lado.<\/p>\n<p>No interior da Duo Mochila em Pele Camel, encontra um bolso com fecho zip, perfeito para manter os seus artigos organizados e f\u00e1ceis de encontrar.<\/p>\n<p>Para a tornar ainda mais perfeita, <strong>personalize-a<\/strong> com as suas iniciais ou um emoji especial para si<\/p>\n<p>Acrescente um toque especial com um nos nossos acess\u00f3rios. Veja <a href=\"https:\/\/mitibags.com\/acessorios-malas\/\">aqui<\/a> todos os estilos que temos dispon\u00edveis e aprimore a beleza da sua mala.<\/p>\n<p>&nbsp;<\/p>\n<p><strong>Tamanho: <\/strong>30x13x28 cm<\/p>\n<p><strong>Material Exterior:<\/strong> Pele Genu\u00edna com textura martelada<\/p>\n<p><strong>Material <\/strong> <strong>Interior<\/strong>: Pele Genu\u00edna<\/p>\n<p><strong>Cor:<\/strong> Camel<\/p>\n<p><strong>Cor das Ferragens:<\/strong> Dourado<\/p>\n","protected":false},"excerpt":{"rendered":"<p>Produzida em <strong>pele genu\u00edna italiana com textura martelada de cor camel<\/strong>(exterior) e pele genu\u00edna tamb\u00e9m no interior mas azul-escura, a Duo Mochila em Pele Camel apresenta <strong>ferragens douradas.<\/strong> Com <strong>30 cm de comprimento e 28 de altura<\/strong> a nossa Duo Mochila em Pele Camel foi desenhada com um par de al\u00e7as que lhe d\u00e3o versatilidade, uma vez que pode ser utilizada n\u00e3o s\u00f3 como mochila, mas tamb\u00e9m como mala de tiracolo de ombro, bastando para isso fazer um pequeno ajuste nas al\u00e7as.<\/p>\n","protected":false},"featured_media":7323,"comment_status":"open","ping_status":"closed","template":"","meta":[],"product_brand":[],"product_cat":[80],"product_tag":[315,314,316],"class_list":{"0":"post-4327","1":"product","2":"type-product","3":"status-publish","4":"has-post-thumbnail","6":"product_cat-mochilas","7":"product_tag-audrey-mochila-em-pele-camel","8":"product_tag-mochila-camel-em-pele","9":"product_tag-mochila-de-pele","10":"tm-has-options","12":"first","13":"outofstock","14":"taxable","15":"shipping-taxable","16":"purchasable","17":"product-type-simple"},"_links":{"self":[{"href":"https:\/\/mitibags.com\/pt-pt\/wp-json\/wp\/v2\/product\/4327","targetHints":{"allow":["GET"]}}],"collection":[{"href":"https:\/\/mitibags.com\/pt-pt\/wp-json\/wp\/v2\/product"}],"about":[{"href":"https:\/\/mitibags.com\/pt-pt\/wp-json\/wp\/v2\/types\/product"}],"replies":[{"embeddable":true,"href":"https:\/\/mitibags.com\/pt-pt\/wp-json\/wp\/v2\/comments?post=4327"}],"version-history":[{"count":0,"href":"https:\/\/mitibags.com\/pt-pt\/wp-json\/wp\/v2\/product\/4327\/revisions"}],"wp:featuredmedia":[{"embeddable":true,"href":"https:\/\/mitibags.com\/pt-pt\/wp-json\/wp\/v2\/media\/7323"}],"wp:attachment":[{"href":"https:\/\/mitibags.com\/pt-pt\/wp-json\/wp\/v2\/media?parent=4327"}],"wp:term":[{"taxonomy":"product_brand","embeddable":true,"href":"https:\/\/mitibags.com\/pt-pt\/wp-json\/wp\/v2\/product_brand?post=4327"},{"taxonomy":"product_cat","embeddable":true,"href":"https:\/\/mitibags.com\/pt-pt\/wp-json\/wp\/v2\/product_cat?post=4327"},{"taxonomy":"product_tag","embeddable":true,"href":"https:\/\/mitibags.com\/pt-pt\/wp-json\/wp\/v2\/product_tag?post=4327"}],"curies":[{"name":"wp","href":"https:\/\/api.w.org\/{rel}","templated":true}]}}