{"id":4225,"date":"2024-04-07T01:21:58","date_gmt":"2024-04-07T00:21:58","guid":{"rendered":"https:\/\/mitibags.com\/?post_type=product&#038;p=4225"},"modified":"2024-05-01T23:25:09","modified_gmt":"2024-05-01T22:25:09","slug":"horsy-mala-tiracolo-em-pele-genuina-copy-copy-5","status":"publish","type":"product","link":"https:\/\/mitibags.com\/pt-pt\/product\/malas-em-pele\/malas-de-mao\/horsy-mala-tiracolo-em-pele-genuina-copy-copy-5\/","title":{"rendered":"Mia Mala de M\u00e3o Preta em Pele"},"content":{"rendered":"<h2>Mia Mala de M\u00e3o Preta em Pele<\/h2>\n<p>&nbsp;<\/p>\n<p>A nossa Mia Mala de M\u00e3o Preta em Pele \u00e9 a parceira perfeita para o o sucesso da sua rotina de trabalho. Com um tamanho de <strong>30 de altura e 24 de comprimento<\/strong>, a Mia Mala de M\u00e3o Preta em Pele tem capacidade para transportar tudo o que precisar para alcan\u00e7ar o sucesso no seu trabalho.<\/p>\n<p>Fabricada em <strong>Pele Genu\u00edna com Textura Martelada<\/strong> e com um <strong>forro em sarja de algod\u00e3o<\/strong>, os pormenores dourados das ferragens real\u00e7am a eleg\u00e2ncia deste modelo. O fecho dourado na parte da frente do saco faz ainda a abertura da mala.<\/p>\n<p>No interior encontra 3 bolsos pequenos, um com fecho e dois sem, que ajudam a manter a organiza\u00e7\u00e3o no interior da sua mala facilitando o acesso aos seus objetos.<\/p>\n<p>Al\u00e9m disso, para sua conveni\u00eancia e conforto, a Mia Mala de M\u00e3o Preta em Pele vem com uma <strong>al\u00e7a de pele ajust\u00e1vel<\/strong>, podendo assim us\u00e1-la tamb\u00e9m como mala de ombro e tiracolo. Se quiser dar um toque extra de cor \u00e0 sua mala, veja as al\u00e7as estilo guitar strap que temos dispon\u00edveis aqui.<\/p>\n<p>Se adora uma personaliza\u00e7\u00e3o pode adicionar as suas iniciais \u00e0 Mia Mala de M\u00e3o Preta em Pele tornando-a unicamente sua. Para o fazer clique no botao personalizar e d\u00ea hoje o toque de luxo \u00e0 sua mala personalizando-a com as suas iniciais.<\/p>\n<p>Se quiser dar um toque extra de cor \u00e0 sua mala, veja as al\u00e7as estilo guitar strap. Veja <a href=\"https:\/\/mitibags.com\/bags-straps\/\">aqui<\/a> todos os modelos que temos dispon\u00edveis.<\/p>\n<p>&nbsp;<\/p>\n<p><strong>Tamanho: <\/strong>24x12x30 cm<\/p>\n<p><strong>Material Exterior: <\/strong>Pele Genu\u00edna<\/p>\n<p><strong>Material<\/strong> <strong>Interior: <\/strong>Sarja de Algod\u00e3o<\/p>\n<p><strong>Cor:<\/strong> Preto<\/p>\n<p><strong>Cor das Ferragens:<\/strong> Dourado<\/p>\n","protected":false},"excerpt":{"rendered":"<p>A nossa mala de m\u00e3o em pele preta Mia \u00e9 a parceira perfeita para a sua rotina de trabalho. Produzida em <strong>pele genu\u00edna com textura martelada<\/strong> no exterior, com um interior em sarja de algod\u00e3o, ferragens douradas e um tamanho de <strong>30 de altura e 24 de comprimento<\/strong>, a Mia Mala de M\u00e3o Preta em Pele pode transportar tudo o que precisa um dia-a-dia de sucesso.<\/p>\n","protected":false},"featured_media":0,"comment_status":"open","ping_status":"closed","template":"","meta":[],"product_brand":[],"product_cat":[61],"product_tag":[309,284,310],"class_list":{"0":"post-4225","1":"product","2":"type-product","3":"status-publish","5":"product_cat-malas-de-mao","6":"product_tag-mala-de-mao-de-pele","7":"product_tag-pele-genuina-preta","8":"product_tag-pouch-mala-de-mao-de-pele-preta","9":"tm-has-options","11":"first","12":"instock","13":"taxable","14":"shipping-taxable","15":"purchasable","16":"product-type-variable","17":"has-default-attributes"},"_links":{"self":[{"href":"https:\/\/mitibags.com\/pt-pt\/wp-json\/wp\/v2\/product\/4225","targetHints":{"allow":["GET"]}}],"collection":[{"href":"https:\/\/mitibags.com\/pt-pt\/wp-json\/wp\/v2\/product"}],"about":[{"href":"https:\/\/mitibags.com\/pt-pt\/wp-json\/wp\/v2\/types\/product"}],"replies":[{"embeddable":true,"href":"https:\/\/mitibags.com\/pt-pt\/wp-json\/wp\/v2\/comments?post=4225"}],"version-history":[{"count":0,"href":"https:\/\/mitibags.com\/pt-pt\/wp-json\/wp\/v2\/product\/4225\/revisions"}],"wp:attachment":[{"href":"https:\/\/mitibags.com\/pt-pt\/wp-json\/wp\/v2\/media?parent=4225"}],"wp:term":[{"taxonomy":"product_brand","embeddable":true,"href":"https:\/\/mitibags.com\/pt-pt\/wp-json\/wp\/v2\/product_brand?post=4225"},{"taxonomy":"product_cat","embeddable":true,"href":"https:\/\/mitibags.com\/pt-pt\/wp-json\/wp\/v2\/product_cat?post=4225"},{"taxonomy":"product_tag","embeddable":true,"href":"https:\/\/mitibags.com\/pt-pt\/wp-json\/wp\/v2\/product_tag?post=4225"}],"curies":[{"name":"wp","href":"https:\/\/api.w.org\/{rel}","templated":true}]}}