{"id":4182,"date":"2024-04-06T21:02:26","date_gmt":"2024-04-06T20:02:26","guid":{"rendered":"https:\/\/mitibags.com\/?post_type=product&#038;p=4182"},"modified":"2024-06-12T22:40:25","modified_gmt":"2024-06-12T21:40:25","slug":"classic-stripes-mala-de-ombro-nude-em-pele-m","status":"publish","type":"product","link":"https:\/\/mitibags.com\/pt-pt\/product\/malas-em-pele\/malas-de-ombro\/classic-stripes-mala-de-ombro-nude-em-pele-m\/","title":{"rendered":"Classic Stripes M Mala de Ombro Nude em Pele"},"content":{"rendered":"<h2>Classic Stripes M Mala de Ombro Nude em Pele<\/h2>\n<p>&nbsp;<\/p>\n<p>A vers\u00e3o Stripes da nossa Mala Classic distingue-se pelo seu design com riscas diagonais, mas mant\u00e9m o glamour e a eleg\u00e2ncia da vers\u00e3o cl\u00e1ssica de design acolchoado.<\/p>\n<p>Com <strong>27 cm de largura por 17 cm de altura<\/strong>, produzida em It\u00e1lia, a nossa Classic Stripes M Mala de Ombro Nude em Pele \u00e9 feita com a melhor pele genu\u00edna no exterior e interior da badana. O interior \u00e9 feito em sarja de algod\u00e3o.<\/p>\n<p>A Classic Stripes M Mala de Ombro Nude em Pele usa ferragens douradas, que ajudam a refor\u00e7ar a eleg\u00e2ncia desta mala. Ali\u00e1s, todos os pormenores desta mala exalam a qualidade de todos os materiais, tornando-a um must have no closet de qualquer mulher.<\/p>\n<p>No interior, pode encontrar <strong>3 compartimentos,<\/strong> sendo o do meio com ufecho zip para um acesso f\u00e1cil aos aos seus objetos, mas tamb\u00e9m dois outros bolsos pequenos &#8211; um desenhado para guardar o telem\u00f3vel, e outro, tamb\u00e9m com fecho zip, para manter \u00e0 m\u00e3o os artigos aos quais precisa de acesso f\u00e1cil quando abre a sua mala.<\/p>\n<p>O tom Nude \u00e9 simplesmente deslumbrante e vai combinar maravilhosamente com todos os seus looks e dar-lhe o toque de glamour que procura.<\/p>\n<p>No que se refere <strong>\u00e0s al\u00e7as, <\/strong>estas s\u00e3o compostas por uma combina\u00e7\u00e3o de corrente dourada com pele entran\u00e7ada, e podem ser ajustadas para usar como mala de ombro, com duas al\u00e7as, ou, se preferir um estilo tiracolo, pode faz\u00ea-lo usando uma al\u00e7a \u00fanica. Este ajuste \u00e9 feito facilmente simplesmente puxando as duas al\u00e7as.<\/p>\n<p>Se adora uma personaliza\u00e7\u00e3o pode adicionar as suas iniciais na frente da mala ou no interior da Classic Stripes M Mala de Ombro Nude em Pele. Al\u00e9m disso, pode tamb\u00e9m adicionar uma mensagem especial no interior da badana.<\/p>\n<p>Acrescente um len\u00e7o e real\u00e7e a beleza e eleg\u00e2ncia deste modelo. Consulte <a href=\"https:\/\/mitibags.com\/lencos-malas\/\"> aqui<\/a> todos os modelos de len\u00e7os que temos dispon\u00edveis<\/p>\n<p>&nbsp;<\/p>\n<p><strong>Tamanho: <\/strong>27x8x17 cm<\/p>\n<p><strong>Material Exterior: <\/strong>Pele Genu\u00edna<\/p>\n<p><strong>Material<\/strong> <strong>Interior:<\/strong> Sarja de Algod\u00e3o<\/p>\n<p><strong>Cor:<\/strong> Nude<\/p>\n<p><strong>Cor das Ferragens:<\/strong> Dourado<\/p>\n","protected":false},"excerpt":{"rendered":"<p>A nossa Classic Stripes M Mala de Ombro Nude em Pele distingue-se pelo seu design com riscas diagonais mas mant\u00e9m a eleg\u00e2ncia e glamour da vers\u00e3o classic. Com um tamanho de <strong>27 cm de comprimento e 17 cm de altura,<\/strong> fabricada em It\u00e1lia, esta mala utiliza a melhor <strong>pele genu\u00edna<\/strong> no exterior e no interior da aba, e sarja de algod\u00e3o no interior.<\/p>\n","protected":false},"featured_media":6681,"comment_status":"open","ping_status":"closed","template":"","meta":[],"product_brand":[],"product_cat":[84],"product_tag":[287,333],"class_list":{"0":"post-4182","1":"product","2":"type-product","3":"status-publish","4":"has-post-thumbnail","6":"product_cat-malas-de-ombro","7":"product_tag-bolsa-de-couro-a-tiracolo","8":"product_tag-mala-de-ombro-em-pele-nude","9":"tm-has-options","11":"first","12":"outofstock","13":"taxable","14":"shipping-taxable","15":"purchasable","16":"product-type-simple"},"_links":{"self":[{"href":"https:\/\/mitibags.com\/pt-pt\/wp-json\/wp\/v2\/product\/4182","targetHints":{"allow":["GET"]}}],"collection":[{"href":"https:\/\/mitibags.com\/pt-pt\/wp-json\/wp\/v2\/product"}],"about":[{"href":"https:\/\/mitibags.com\/pt-pt\/wp-json\/wp\/v2\/types\/product"}],"replies":[{"embeddable":true,"href":"https:\/\/mitibags.com\/pt-pt\/wp-json\/wp\/v2\/comments?post=4182"}],"version-history":[{"count":0,"href":"https:\/\/mitibags.com\/pt-pt\/wp-json\/wp\/v2\/product\/4182\/revisions"}],"wp:featuredmedia":[{"embeddable":true,"href":"https:\/\/mitibags.com\/pt-pt\/wp-json\/wp\/v2\/media\/6681"}],"wp:attachment":[{"href":"https:\/\/mitibags.com\/pt-pt\/wp-json\/wp\/v2\/media?parent=4182"}],"wp:term":[{"taxonomy":"product_brand","embeddable":true,"href":"https:\/\/mitibags.com\/pt-pt\/wp-json\/wp\/v2\/product_brand?post=4182"},{"taxonomy":"product_cat","embeddable":true,"href":"https:\/\/mitibags.com\/pt-pt\/wp-json\/wp\/v2\/product_cat?post=4182"},{"taxonomy":"product_tag","embeddable":true,"href":"https:\/\/mitibags.com\/pt-pt\/wp-json\/wp\/v2\/product_tag?post=4182"}],"curies":[{"name":"wp","href":"https:\/\/api.w.org\/{rel}","templated":true}]}}