{"id":4171,"date":"2024-04-06T20:05:23","date_gmt":"2024-04-06T19:05:23","guid":{"rendered":"https:\/\/mitibags.com\/?post_type=product&#038;p=4171"},"modified":"2025-07-30T20:45:16","modified_gmt":"2025-07-30T19:45:16","slug":"classic-stripes-xl-mala-de-ombro-preta-em-pele","status":"publish","type":"product","link":"https:\/\/mitibags.com\/pt-pt\/product\/malas-em-pele\/malas-de-ombro\/classic-stripes-xl-mala-de-ombro-preta-em-pele\/","title":{"rendered":"Classic Stripes XL Mala de Ombro Preta em Pele"},"content":{"rendered":"<h2>Classic Stripes XL Mala de Ombro Preta em Pele<\/h2>\n<p>&nbsp;<\/p>\n<p>A vers\u00e3o Stripes da nossa mala Classic tamb\u00e9m est\u00e1 dispon\u00edvel no tamanho XL com <strong>32 cm de comprimento e 22 cm de altura<\/strong>. Perfeita para transportar tudo o que precisa e mais alguma coisa, e para a ajudar a manter o look elegante e glamoroso que tanto procura.<\/p>\n<p>Tal como diz o pr\u00f3prio nome, o design da nossa Classic Stripes XL Mala de Ombro Preta em Pele carateriza-se por um padr\u00e3o de riscas diagonais. Fabricada com a melhor <strong>pele genu\u00edna italiana<\/strong> no exterior e no interior da aba, esta pele tem um toque muito suave e o interior \u00e9 feito de<strong> sarja de algod\u00e3o<\/strong>.<\/p>\n<p>No interior pode encontrar <strong>3 compartimentos<\/strong>, feitos de uma bonita <strong>sarja de algod\u00e3o<\/strong>, sendo o do meio feito com um fecho de correr para a ajudar a manter a sua mala organizada.<\/p>\n<p>Para um acesso f\u00e1cil aos seus objetose para manter a sua mala organizada, no interior encontra ainda 2 bolsos extra &#8211; um com fecho zip e outro em pele, feito especialmente para colocar o seu telem\u00f3vel.<\/p>\n<p>As ferragens douradas real\u00e7am a eleg\u00e2ncia desta mala, cujo fecho \u00e9 feito pelo fecho dourado que se encontra na frente.<\/p>\n<p>No que se refere \u00e0s <strong>al\u00e7as<\/strong>, estas s\u00e3o compostas por uma combina\u00e7\u00e3o de corrente dourada com pele entran\u00e7ada, e podem ser ajustadas para usar como mala de ombro, com duas al\u00e7as, ou, se preferir um estilo tiracolo, pode faz\u00ea-lo usando uma al\u00e7a \u00fanica. Este ajuste \u00e9 feito facilmente simplesmente puxando as duas al\u00e7as.<\/p>\n<p>O nosso servi\u00e7o de <strong>personaliza\u00e7\u00e3o<\/strong> tamb\u00e9m est\u00e1 dispon\u00edvel na nossa Classic Stripes XL Mala de Ombro Preta em Pele ou at\u00e9 mesmo acrescentar uma mensagem especial no interior da aba.<\/p>\n<p>Acrescente um len\u00e7o e real\u00e7e a beleza e eleg\u00e2ncia deste modelo. Consulte <a href=\"https:\/\/mitibags.com\/lencos-malas\/\">aqui<\/a> todos os modelos de len\u00e7os que temos dispon\u00edveis<\/p>\n<p><strong>Tamanho:<\/strong>32x9x22 cm<\/p>\n<p><strong>Material Exterior: <\/strong>Pele Genu\u00edna<\/p>\n<p><strong>Material<\/strong> <strong>Interior:<\/strong> Sarja de Algod\u00e3o<\/p>\n<p><strong>Cor:<\/strong> Preto<\/p>\n<p><strong>Cor das Ferragens:<\/strong> Dourado<\/p>\n","protected":false},"excerpt":{"rendered":"<p>A vers\u00e3o stripes da nossa Classic tem o tamanho de <strong>32 cm de largura por 22 cm de altura. <\/strong> Perfeita para transportar tudo o que precisa e mais alguma coisa, e para a ajudar a manter o look elegante e glamoroso que tanto procura. Fabricada com a melhor <strong>pele genu\u00edna italiana<\/strong> no exterior e no interior da aba, esta pele tem um toque muito suave e o interior \u00e9 feito de<strong> sarja de algod\u00e3o<\/strong>.<\/p>\n","protected":false},"featured_media":6665,"comment_status":"open","ping_status":"closed","template":"","meta":[],"product_brand":[],"product_cat":[84],"product_tag":[287,312],"class_list":{"0":"post-4171","1":"product","2":"type-product","3":"status-publish","4":"has-post-thumbnail","6":"product_cat-malas-de-ombro","7":"product_tag-bolsa-de-couro-a-tiracolo","8":"product_tag-mala-de-ombro-preta-em-pele-pt-pt","9":"tm-has-options","11":"first","12":"instock","13":"taxable","14":"shipping-taxable","15":"purchasable","16":"product-type-simple"},"_links":{"self":[{"href":"https:\/\/mitibags.com\/pt-pt\/wp-json\/wp\/v2\/product\/4171","targetHints":{"allow":["GET"]}}],"collection":[{"href":"https:\/\/mitibags.com\/pt-pt\/wp-json\/wp\/v2\/product"}],"about":[{"href":"https:\/\/mitibags.com\/pt-pt\/wp-json\/wp\/v2\/types\/product"}],"replies":[{"embeddable":true,"href":"https:\/\/mitibags.com\/pt-pt\/wp-json\/wp\/v2\/comments?post=4171"}],"version-history":[{"count":0,"href":"https:\/\/mitibags.com\/pt-pt\/wp-json\/wp\/v2\/product\/4171\/revisions"}],"wp:featuredmedia":[{"embeddable":true,"href":"https:\/\/mitibags.com\/pt-pt\/wp-json\/wp\/v2\/media\/6665"}],"wp:attachment":[{"href":"https:\/\/mitibags.com\/pt-pt\/wp-json\/wp\/v2\/media?parent=4171"}],"wp:term":[{"taxonomy":"product_brand","embeddable":true,"href":"https:\/\/mitibags.com\/pt-pt\/wp-json\/wp\/v2\/product_brand?post=4171"},{"taxonomy":"product_cat","embeddable":true,"href":"https:\/\/mitibags.com\/pt-pt\/wp-json\/wp\/v2\/product_cat?post=4171"},{"taxonomy":"product_tag","embeddable":true,"href":"https:\/\/mitibags.com\/pt-pt\/wp-json\/wp\/v2\/product_tag?post=4171"}],"curies":[{"name":"wp","href":"https:\/\/api.w.org\/{rel}","templated":true}]}}