{"id":3992,"date":"2024-03-17T00:59:05","date_gmt":"2024-03-16T23:59:05","guid":{"rendered":"https:\/\/mitibags.com\/?post_type=product&#038;p=3992"},"modified":"2024-06-15T20:43:00","modified_gmt":"2024-06-15T19:43:00","slug":"bb-mala-tiracolo-em-pele-preta","status":"publish","type":"product","link":"https:\/\/mitibags.com\/pt-pt\/product\/malas-em-pele\/malas-tiracolo\/bb-mala-tiracolo-em-pele-preta\/","title":{"rendered":"BB Mala Tiracolo Pele Preta"},"content":{"rendered":"<h2>BB Mala Tiracolo Pele Preta<\/h2>\n<p>&nbsp;<\/p>\n<p>A BB Mala Tiracolo Pele Preta \u00e9 a combina\u00e7\u00e3o perfeita entre estilo e funcionalidade. Se procura uma mala tiracolo preta simples, mas sem comprometer o seu estilo fashion, esta pode ser a mala ideal para ti.<\/p>\n<p>Criada com linhas simples, a BB Mala Tiracolo Pele Preta tem o tamanho perfeito para o uso do dia-a-dia, para o fim-de-semana ou mesmo para aquelas f\u00e9rias que tanto anseia. Com um tamanho de <strong>21 cm de comprimento e 17 cm de altura<\/strong>, nesta mala pode levar facilmente tudo o que precisa: carteira, \u00f3culos de sol, chaves, telem\u00f3vel e batom.<\/p>\n<p>Produzida em It\u00e1lia e com um exterior com a melhor <strong>pele genu\u00edna<\/strong>, um interior em Sarja de Algod\u00e3o, ie ferragens douradas, a qualidade dos materiais foi uma das prioridades no design desta mala, assim como o design. A <strong>al\u00e7a ajust\u00e1vel<\/strong> garante-lhe o conforto que procura, permitindo-lhe us\u00e1-la a BB Mala Tiracolo Pele Preta tamb\u00e9m como mala de ombro.<\/p>\n<p>D\u00ea um toque de cor diferente \u00e0 sua mala, real\u00e7ando a sua beleza com acess\u00f3rios. Os nossos porta-chaves em forma de cora\u00e7\u00e3o ficam lindamente neste estilo assim como as nossas al\u00e7as estilo Guitar Strap. Veja <a href=\"https:\/\/mitibags.com\/acessorios-malas\/\">aqui<\/a> toda a cole\u00e7\u00e3o que seleccion\u00e1mos para si.<\/p>\n<p>Para a tornar ainda mais perfeita, se \u00e9 f\u00e3 de personaliza\u00e7\u00e3o e pretende dar um toque especial e pessoal \u00e0 sua mala, pode <strong>personalizar<\/strong> a sua BB Mala Tiracolo Pele Preta com as iniciais do seu nome ou um emoji que signifique algo para si.<\/p>\n<p>&nbsp;<\/p>\n<p><strong>Tamanho: <\/strong>20x7x17 cm<\/p>\n<p><strong>Material Exterior: <\/strong>Pele Genu\u00edna<\/p>\n<p><strong>Material <\/strong> <strong> Interior: <\/strong>Sarja de Algod\u00e3o<\/p>\n<p><strong>Cor:<\/strong> Preto<\/p>\n<p><strong>Cor das Ferragens:<\/strong> Dourado<\/p>\n","protected":false},"excerpt":{"rendered":"<p>A BB Mala Tiracolo Pele Preta \u00e9 a combina\u00e7\u00e3o perfeita entre estilo e funcionalidade. Criada com linhas simples, e um tamanho de <strong>21 cm de comprimento e 17 cm de altura<\/strong>, esta mala \u00e9 perfeita para todos os que procuram uma mala a tiracolo preta simples, mas sem comprometer o estilo. D\u00ea um toque pessoal \u00e0 sua mala, <strong>personalizando-a <\/strong>com as iniciais do seu nome e tenha uma mala feita especialmente para si.<\/p>\n","protected":false},"featured_media":5533,"comment_status":"open","ping_status":"closed","template":"","meta":[],"product_brand":[],"product_cat":[83],"product_tag":[324,325],"class_list":{"0":"post-3992","1":"product","2":"type-product","3":"status-publish","4":"has-post-thumbnail","6":"product_cat-malas-tiracolo","7":"product_tag-mala-tiracolo-pt-pt","8":"product_tag-mala-tiracolo-em-pele-pt-pt","9":"tm-has-options","11":"first","12":"instock","13":"taxable","14":"shipping-taxable","15":"purchasable","16":"product-type-simple"},"_links":{"self":[{"href":"https:\/\/mitibags.com\/pt-pt\/wp-json\/wp\/v2\/product\/3992","targetHints":{"allow":["GET"]}}],"collection":[{"href":"https:\/\/mitibags.com\/pt-pt\/wp-json\/wp\/v2\/product"}],"about":[{"href":"https:\/\/mitibags.com\/pt-pt\/wp-json\/wp\/v2\/types\/product"}],"replies":[{"embeddable":true,"href":"https:\/\/mitibags.com\/pt-pt\/wp-json\/wp\/v2\/comments?post=3992"}],"version-history":[{"count":0,"href":"https:\/\/mitibags.com\/pt-pt\/wp-json\/wp\/v2\/product\/3992\/revisions"}],"wp:featuredmedia":[{"embeddable":true,"href":"https:\/\/mitibags.com\/pt-pt\/wp-json\/wp\/v2\/media\/5533"}],"wp:attachment":[{"href":"https:\/\/mitibags.com\/pt-pt\/wp-json\/wp\/v2\/media?parent=3992"}],"wp:term":[{"taxonomy":"product_brand","embeddable":true,"href":"https:\/\/mitibags.com\/pt-pt\/wp-json\/wp\/v2\/product_brand?post=3992"},{"taxonomy":"product_cat","embeddable":true,"href":"https:\/\/mitibags.com\/pt-pt\/wp-json\/wp\/v2\/product_cat?post=3992"},{"taxonomy":"product_tag","embeddable":true,"href":"https:\/\/mitibags.com\/pt-pt\/wp-json\/wp\/v2\/product_tag?post=3992"}],"curies":[{"name":"wp","href":"https:\/\/api.w.org\/{rel}","templated":true}]}}