{"id":17144,"date":"2026-05-03T21:53:47","date_gmt":"2026-05-03T20:53:47","guid":{"rendered":"https:\/\/mitibags.com\/?post_type=product&#038;p=17144"},"modified":"2026-05-03T22:02:54","modified_gmt":"2026-05-03T21:02:54","slug":"parfait-tote-bag-camurca-castanha-copy-copy-copy-copy","status":"publish","type":"product","link":"https:\/\/mitibags.com\/pt-pt\/product\/malas-em-pele\/malas-de-ombro\/parfait-tote-bag-camurca-castanha-copy-copy-copy-copy\/","title":{"rendered":"Parfait Tote Bag Camur\u00e7a Castanha (Copy) (Copy) (Copy) (Copy)"},"content":{"rendered":"<h2>Parfait Tote Bag Camur\u00e7a Castanha<\/h2>\n<p>&nbsp;<\/p>\n<p>Produzida com uma maravilhosa Camur\u00e7a Italiana no exterior e interior em pele genu\u00edna pele, A Parfait Tote Bag Camur\u00e7a Castanha foi desenhada para elevar o seu dia-a-dia de trabalho com estilo e funcionalidade. <br \/>As al\u00e7as longas tornam a Parfait Tote Bag Camur\u00e7a Castanha na mala perfeita para ser usada ao ombro quer na correria do trabalho ou apenas para um dia descontra\u00eddo de compras. <br \/>Se prefere no entanto uma mala tiracolo, a Parfait Tote Bag Camur\u00e7a Castanha traz ainda uma al\u00e7a extra, ajust\u00e1vel, para que possa usar a sua mala da forma que preferir.<br \/>O fecho \u00e9 feito na frente e tem duas posi\u00e7\u00f5es. Sabemos que a seguran\u00e7a tamb\u00e9m \u00e9 importante para si e \u00e9 por isso que no interior da Parfait Tote Bag Camur\u00e7a Castanha encontra ainda uma pequena bolsa com fecho zip dentro da qual pode guardar todos os seus objetos, mantendo-os seguros e dif\u00edceis de alcan\u00e7ar.<br \/>Quer seja o seu port\u00e1til ou apenas os objetos essenciais do dia-a-dia, a Parfait Tote Bag Camur\u00e7a Castanha ajuda-a a manter tudo no seu devido lugar com seguran\u00e7a e facilidade.<br \/>Com um tamanho de <g id=\"gid_0\">32 cm de largura por 27 cm de altura<\/g>, temos a certeza que ser\u00e1 a companhia ideal para si para usar em todas as ocasi\u00f5es. <br \/>Para torn\u00e1-la ainda mais perfeita e feita especialmente para si, <g id=\"gid_1\">personalize-a com as suas iniciais e torne-a \u00fanica. <\/g><br \/>Adicione tamb\u00e9m um acess\u00f3rio como um len\u00e7o para lhe dar um toque de cor e glamour. Veja <g id=\"gid_2\">aqui<\/g> a nossa cole\u00e7\u00e3o de acess\u00f3rios e escolha o que acha que \u00e9 perfeito para si.<\/p>\n<p>&nbsp;<\/p>\n<p><strong>Tamanho: <\/strong>32x27x12 cm<br \/><g id=\"gid_1\">Material Exterior: <\/g>Camur\u00e7a Castanha<\/p>\n<p><strong>Material<\/strong> <strong>Interior: <\/strong>Pele Genu\u00edna<\/p>\n<p><strong>Cor: <\/strong>Castanho<\/p>\n<p><strong>Cor das Ferragens:<\/strong> Dourado<\/p>\n<p>&nbsp;<\/p>\n<p>Siga-nos no <a href=\"https:\/\/www.instagram.com\/mitibags\/\" target=\"_blank\" rel=\"noopener\">Instagram<\/a> e <a href=\"https:\/\/www.facebook.com\/MitiBags\/\" target=\"_blank\" rel=\"noopener\">Facebook <\/a> e fa\u00e7a parte da nossa comunidade.<\/p>\n","protected":false},"excerpt":{"rendered":"<p>Produzida com uma maravilhosa Camur\u00e7a Italiana no exterior e interior em pele genu\u00edna pele, A Parfait Tote Bag Camur\u00e7a Castanha foi desenhada para elevar o seu dia-a-dia de trabalho com estilo e funcionalidade. Com <strong>32 cm in largura e 27 cm de altura<\/strong> e uma bolsa interior que pode ser retirada da mala, esta mala pode levar facilmente o seu laptop e objetos essenciais do dia-a-dia. Torne-a ainda mais perfeita personalizando com as suas iniciais. <\/p>\n<p>&nbsp;<\/p>\n","protected":false},"featured_media":17145,"comment_status":"open","ping_status":"closed","template":"","meta":[],"product_brand":[],"product_cat":[84,79,85],"product_tag":[],"class_list":{"0":"post-17144","1":"product","2":"type-product","3":"status-publish","4":"has-post-thumbnail","6":"product_cat-malas-de-ombro","7":"product_cat-malas-em-pele","8":"product_cat-malas-tote","9":"tm-has-options","11":"first","12":"outofstock","13":"taxable","14":"shipping-taxable","15":"purchasable","16":"product-type-simple"},"_links":{"self":[{"href":"https:\/\/mitibags.com\/pt-pt\/wp-json\/wp\/v2\/product\/17144","targetHints":{"allow":["GET"]}}],"collection":[{"href":"https:\/\/mitibags.com\/pt-pt\/wp-json\/wp\/v2\/product"}],"about":[{"href":"https:\/\/mitibags.com\/pt-pt\/wp-json\/wp\/v2\/types\/product"}],"replies":[{"embeddable":true,"href":"https:\/\/mitibags.com\/pt-pt\/wp-json\/wp\/v2\/comments?post=17144"}],"version-history":[{"count":1,"href":"https:\/\/mitibags.com\/pt-pt\/wp-json\/wp\/v2\/product\/17144\/revisions"}],"predecessor-version":[{"id":17146,"href":"https:\/\/mitibags.com\/pt-pt\/wp-json\/wp\/v2\/product\/17144\/revisions\/17146"}],"wp:featuredmedia":[{"embeddable":true,"href":"https:\/\/mitibags.com\/pt-pt\/wp-json\/wp\/v2\/media\/17145"}],"wp:attachment":[{"href":"https:\/\/mitibags.com\/pt-pt\/wp-json\/wp\/v2\/media?parent=17144"}],"wp:term":[{"taxonomy":"product_brand","embeddable":true,"href":"https:\/\/mitibags.com\/pt-pt\/wp-json\/wp\/v2\/product_brand?post=17144"},{"taxonomy":"product_cat","embeddable":true,"href":"https:\/\/mitibags.com\/pt-pt\/wp-json\/wp\/v2\/product_cat?post=17144"},{"taxonomy":"product_tag","embeddable":true,"href":"https:\/\/mitibags.com\/pt-pt\/wp-json\/wp\/v2\/product_tag?post=17144"}],"curies":[{"name":"wp","href":"https:\/\/api.w.org\/{rel}","templated":true}]}}