{"id":16099,"date":"2025-12-07T00:39:05","date_gmt":"2025-12-06T23:39:05","guid":{"rendered":"https:\/\/mitibags.com\/?post_type=product&#038;p=16099"},"modified":"2025-12-07T01:13:38","modified_gmt":"2025-12-07T00:13:38","slug":"braid-mala-tiracolo-bege-em-pele","status":"publish","type":"product","link":"https:\/\/mitibags.com\/pt-pt\/product\/malas-em-pele\/malas-tiracolo\/braid-mala-tiracolo-bege-em-pele\/","title":{"rendered":"Braid Mala Tiracolo Bege em Pele"},"content":{"rendered":"<h2>Braid Mala Tiracolo Bege em Pele<\/h2>\n<p>&nbsp;<\/p>\n<p>Apresentamos a nossa Braid Mala Tiracolo Bege em Pele, uma mala com bonito entran\u00e7ado e feita com a melhor <strong>pele genu\u00edna selvagem <\/strong>em cor bege no exterior e interior numa camur\u00e7a bege deslumbrante.<\/p>\n<p>Com <strong>26,50 cm de comprimento e 17 cm de altura <\/strong>e <strong>2 al\u00e7as remov\u00edveis<\/strong>, a nossa Braid Mala Tiracolo Bege em Pele \u00e9 a nova it bag que precisa ter no seu closet. Relativamente \u00e0s al\u00e7as, uma \u00e9 feita da mesma <strong>pele lisa <\/strong>que o exterior da mala, a outra uma <strong>corrente dourada<\/strong> de tamanho m\u00e9dio. The leather strap is perfect for a relaxed look and to wear your Braid Beige Crossbody Leather Bag as a crossbody bag but, as it it adjustable, you can also make it shorter and wear your bag on the shoulder. Contudo, se procura um estilo mais glamoroso, pode optar pela al\u00e7a em corrente dourada, a op\u00e7\u00e3o perfeita para usar a sua mala na m\u00e3o ou ao ombro, uma vez que \u00e9 mais curta.<\/p>\n<p>No interior da mala, encontra tamb\u00e9m um pequeno bolso em pele com fecho zip, perfeito para guardar os objetos aos quais precisa de acesso r\u00e1pido.<\/p>\n<p>Por fim, os detalhes das ferragens em dourado combinam perfeitamente com a corrente dourada, tornando esta mala perfeita.<\/p>\n<p>D\u00ea um toque pessoal \u00e0 sua nova mala, acrescentando um acess\u00f3rio. Clique <a href=\"https:\/\/mitibags.com\/acessorios-malas\/\">aqui<\/a> e veja toda a nossa cole\u00e7\u00e3o de acess\u00f3rios.<\/p>\n<p>&nbsp;<\/p>\n<p><strong>Tamanho: <\/strong>26,50&#215;7,50&#215;17 cm<\/p>\n<p><strong>Material Exterior: <\/strong>Pele Genu\u00edna<\/p>\n<p><strong>Material<\/strong> <strong>Interior:<\/strong> Sarja de algod\u00e3o<\/p>\n<p><strong>Cor:<\/strong> Bege<\/p>\n<p><strong>Cor das Ferragens:<\/strong> Dourado<\/p>\n","protected":false},"excerpt":{"rendered":"<p>Apresentamos a nossa Braid Mala Tiracolo Bege em Pele, uma mala com bonito entran\u00e7ado e feita com a melhor <strong>pele genu\u00edna selvagem <\/strong>em cor bege no exterior e interior numa camur\u00e7a preta deslumbrante. Com <strong>26,50 cm de largura x 17 cm de altura <\/strong>e <strong>2 al\u00e7as amov\u00edveis <\/strong>, esta mala pode ser facilmente transformada de um look de dia para look de noite, tornando-a na nova mala de tiracolo perfeita para o seu closet.<\/p>\n","protected":false},"featured_media":16101,"comment_status":"open","ping_status":"closed","template":"","meta":[],"product_brand":[],"product_cat":[83],"product_tag":[994,327,324,325],"class_list":{"0":"post-16099","1":"product","2":"type-product","3":"status-publish","4":"has-post-thumbnail","6":"product_cat-malas-tiracolo","7":"product_tag-braid-mala-tiracolo-bege-em-pele","8":"product_tag-braid-mala-tiracolo-preta-em-pele","9":"product_tag-mala-tiracolo-pt-pt","10":"product_tag-mala-tiracolo-em-pele-pt-pt","11":"tm-has-options","13":"first","14":"instock","15":"taxable","16":"shipping-taxable","17":"purchasable","18":"product-type-simple"},"_links":{"self":[{"href":"https:\/\/mitibags.com\/pt-pt\/wp-json\/wp\/v2\/product\/16099","targetHints":{"allow":["GET"]}}],"collection":[{"href":"https:\/\/mitibags.com\/pt-pt\/wp-json\/wp\/v2\/product"}],"about":[{"href":"https:\/\/mitibags.com\/pt-pt\/wp-json\/wp\/v2\/types\/product"}],"replies":[{"embeddable":true,"href":"https:\/\/mitibags.com\/pt-pt\/wp-json\/wp\/v2\/comments?post=16099"}],"version-history":[{"count":0,"href":"https:\/\/mitibags.com\/pt-pt\/wp-json\/wp\/v2\/product\/16099\/revisions"}],"wp:featuredmedia":[{"embeddable":true,"href":"https:\/\/mitibags.com\/pt-pt\/wp-json\/wp\/v2\/media\/16101"}],"wp:attachment":[{"href":"https:\/\/mitibags.com\/pt-pt\/wp-json\/wp\/v2\/media?parent=16099"}],"wp:term":[{"taxonomy":"product_brand","embeddable":true,"href":"https:\/\/mitibags.com\/pt-pt\/wp-json\/wp\/v2\/product_brand?post=16099"},{"taxonomy":"product_cat","embeddable":true,"href":"https:\/\/mitibags.com\/pt-pt\/wp-json\/wp\/v2\/product_cat?post=16099"},{"taxonomy":"product_tag","embeddable":true,"href":"https:\/\/mitibags.com\/pt-pt\/wp-json\/wp\/v2\/product_tag?post=16099"}],"curies":[{"name":"wp","href":"https:\/\/api.w.org\/{rel}","templated":true}]}}