{"id":16044,"date":"2025-12-02T18:30:46","date_gmt":"2025-12-02T17:30:46","guid":{"rendered":"https:\/\/mitibags.com\/?post_type=product&#038;p=16044"},"modified":"2025-12-17T11:36:13","modified_gmt":"2025-12-17T10:36:13","slug":"laura-mala-bordeaux-de-ombro-em-pele","status":"publish","type":"product","link":"https:\/\/mitibags.com\/pt-pt\/product\/malas-em-pele\/malas-de-mao\/laura-mala-bordeaux-de-ombro-em-pele\/","title":{"rendered":"Laura Mala Bordeaux de Ombro em Pele"},"content":{"rendered":"<h2>Laura Mala Bordeaux de Ombro em Pele<\/h2>\n<p>&nbsp;<\/p>\n<p>A nova Laura Mala Bordeaux de Ombro em Pele \u00e9 a conjuga\u00e7\u00e3o perfeita de camur\u00e7a com pele. Com um estilo sofisticado, a Laura Mala Bordeaux de Ombro em Pele \u00e9 perfeita para o dia-a-dia.<\/p>\n<p>Com <strong>48 cm de comprimento e 23 cm de altura<\/strong><strong>, <\/strong>a Laura Mala Bordeaux de Ombro em Pele fecha com fecho zip e iman no centro da mala<\/p>\n<p>Feita \u00e0 m\u00e3o em It\u00e1lia com pele genu\u00edna e camur\u00e7a de alta qualidade, assegurando assim estilo e durabilidade. A Laura Mala Bordeaux de Ombro em Pele \u00e9 o exemplo perfeito de eleg\u00e2ncia e sofistica\u00e7\u00e3o, feita com a melhor pele genu\u00edna e camur\u00e7a, assegurando qualidade e estilo.<\/p>\n<p>Adicione um toque de glamour \u00e0 Laura Mala Bordeaux de Ombro em Pele acrescentando um len\u00e7o. Veja <a href=\"https:\/\/mitibags.com\/lencos-malas\/\">aqui<\/a> todos os modelos que temos dispon\u00edveis<\/p>\n<p>Torne-a ainda mais perfeita personalizando-a com as suas iniciais.<\/p>\n<p>&nbsp;<\/p>\n<p><strong>Tamanho: <\/strong>48x21x23 cm<\/p>\n<p><strong>Material Exterior: <\/strong>Camur\u00e7a e Pele<\/p>\n<p><strong>Cor:<\/strong> Bordeaux<\/p>\n<p><strong>Cor das Ferragens:<\/strong> Dourado<\/p>\n<p>&nbsp;<\/p>\n<p>Siga-nos no <a href=\"https:\/\/www.instagram.com\/mitibags\/\" target=\"_blank\" rel=\"noopener\">Instagram<\/a> e <a href=\"https:\/\/www.facebook.com\/MitiBags\/\" target=\"_blank\" rel=\"noopener\">Facebook <\/a> e fa\u00e7a parte da nossa comunidade.<\/p>\n","protected":false},"excerpt":{"rendered":"<p>A nova Laura Mala Bordeaux de Ombro em Pele \u00e9 a conjuga\u00e7\u00e3o perfeita de camur\u00e7a com pele. Feita \u00e0 m\u00e3o em It\u00e1lia com pele e camur\u00e7a de elevada qualidade, com <strong>48 cm de comprimento e 23 cm de altura<\/strong>, esta mala de ombro bordeaux \u00e9 perfeita para a rotina do dia-a-dia.<\/p>\n","protected":false},"featured_media":16045,"comment_status":"open","ping_status":"closed","template":"","meta":[],"product_brand":[],"product_cat":[61],"product_tag":[995,894],"class_list":{"0":"post-16044","1":"product","2":"type-product","3":"status-publish","4":"has-post-thumbnail","6":"product_cat-malas-de-mao","7":"product_tag-laura-bordeaux-mala-de-ombro-em-pele","8":"product_tag-mala-de-ombro-bordeaux-em-pele","9":"tm-has-options","11":"first","12":"instock","13":"taxable","14":"shipping-taxable","15":"purchasable","16":"product-type-simple"},"_links":{"self":[{"href":"https:\/\/mitibags.com\/pt-pt\/wp-json\/wp\/v2\/product\/16044","targetHints":{"allow":["GET"]}}],"collection":[{"href":"https:\/\/mitibags.com\/pt-pt\/wp-json\/wp\/v2\/product"}],"about":[{"href":"https:\/\/mitibags.com\/pt-pt\/wp-json\/wp\/v2\/types\/product"}],"replies":[{"embeddable":true,"href":"https:\/\/mitibags.com\/pt-pt\/wp-json\/wp\/v2\/comments?post=16044"}],"version-history":[{"count":0,"href":"https:\/\/mitibags.com\/pt-pt\/wp-json\/wp\/v2\/product\/16044\/revisions"}],"wp:featuredmedia":[{"embeddable":true,"href":"https:\/\/mitibags.com\/pt-pt\/wp-json\/wp\/v2\/media\/16045"}],"wp:attachment":[{"href":"https:\/\/mitibags.com\/pt-pt\/wp-json\/wp\/v2\/media?parent=16044"}],"wp:term":[{"taxonomy":"product_brand","embeddable":true,"href":"https:\/\/mitibags.com\/pt-pt\/wp-json\/wp\/v2\/product_brand?post=16044"},{"taxonomy":"product_cat","embeddable":true,"href":"https:\/\/mitibags.com\/pt-pt\/wp-json\/wp\/v2\/product_cat?post=16044"},{"taxonomy":"product_tag","embeddable":true,"href":"https:\/\/mitibags.com\/pt-pt\/wp-json\/wp\/v2\/product_tag?post=16044"}],"curies":[{"name":"wp","href":"https:\/\/api.w.org\/{rel}","templated":true}]}}