{"id":15655,"date":"2025-11-16T00:40:14","date_gmt":"2025-11-15T23:40:14","guid":{"rendered":"https:\/\/mitibags.com\/?post_type=product&#038;p=15655"},"modified":"2025-11-30T17:22:24","modified_gmt":"2025-11-30T16:22:24","slug":"yulia-camurca-mala-de-mao-castanha","status":"publish","type":"product","link":"https:\/\/mitibags.com\/pt-pt\/product\/malas-em-pele\/malas-de-mao\/yulia-camurca-mala-de-mao-castanha\/","title":{"rendered":"Yulia Mala de Mulher Castanha em Camur\u00e7a"},"content":{"rendered":"<h2>Yulia Mala de Mulher Castanha em Camur\u00e7a<\/h2>\n<p>&nbsp;<\/p>\n<p>A Yulia Mala de Mulher Castanha em Camur\u00e7a \u00e9 a mala tend\u00eancia do momento, uma mala grande que lhe permite levar tudo o que precisa quer para o dia-a-dia, quer para uma escapadinha de fim de semana.<\/p>\n<p>Feita \u00e0 m\u00e3o em It\u00e1lia com uma camur\u00e7a de elevada qualidade, esta mala oferece n\u00e3o apenas durabilidade mas tamb\u00e9m uma est\u00e9tica luxuosa. <\/p>\n<p>Com um tamanho de <strong>39 cm de largura e 27 cm de altura <\/strong>o fecho desta mala \u00e9 feito com fecho zip prateado, da mesma cor que o resto das ferragens.<\/p>\n<p>Com amplo espa\u00e7o interior mas mantendo uma silhueta elegante, esta mala \u00e9 perfeita para looks mais casuais ou formais, assegurando que complementa o seu look com eleg\u00e2ncia. <\/p>\n<p>A mala vem ainda com uma al\u00e7a extra, tornando poss\u00edvel us\u00e1-la ao ombro ou como tiracolo.<\/p>\n<p>Para tornar a Yulia Mala de Mulher Castanha em Camur\u00e7a ainda mais perfeita<strong> personalize-a com as iniciais do seu nome tornando-a unicamente sua. <\/strong> <\/p>\n<p>Adicione um toque de eleg\u00e2ncia adicionando um acess\u00f3rio como um len\u00e7o ou charm. Veja aqui a cole\u00e7\u00e3o de acess\u00f3rios que preparamos para si. <\/p>\n<p>&nbsp;<\/p>\n<p><strong>Tamanho: <\/strong>39x21x27 cm<\/p>\n<p><strong>Material Exterior <\/strong>Camur\u00e7a<\/p>\n<p><strong>Material<\/strong> <strong>Interior<\/strong> Pele Genu\u00edna<\/p>\n<p><strong>Cor:<\/strong> Castanho chocolate<\/p>\n<p><strong>Cor das ferragens: <\/strong>Prateado<\/p>\n<p>&nbsp;<\/p>\n<p>Siga-nos no <a href=\"https:\/\/www.instagram.com\/mitibags\/\" target=\"_blank\" rel=\"noopener\">Instagram<\/a> e <a href=\"https:\/\/www.facebook.com\/MitiBags\/\" target=\"_blank\" rel=\"noopener\">Facebook <\/a> e fa\u00e7a parte da nossa comunidade.<\/p>\n","protected":false},"excerpt":{"rendered":"<p>A Yulia Mala de Mulher Castanha em Camur\u00e7a \u00e9 a mala tend\u00eancia do momento, uma mala grande que lhe permite levar tudo o que precisa quer para o dia-a-dia, quer para uma escapadinha de fim de semana. Feita \u00e0 m\u00e3o em It\u00e1lia com uma camur\u00e7a de elevada qualidade, esta mala oferece n\u00e3o apenas durabilidade mas tamb\u00e9m uma est\u00e9tica luxuosa. Com um tamanho de <strong>39 cm de largura e 27 cm de altura<\/strong> o <strong>fecho<\/strong> desta mala \u00e9 feito com fecho zip prateado, da mesma cor que o resto das ferragens.  <\/p>\n","protected":false},"featured_media":15627,"comment_status":"open","ping_status":"closed","template":"","meta":[],"product_brand":[],"product_cat":[61],"product_tag":[983,903,901,985,984,309],"class_list":{"0":"post-15655","1":"product","2":"type-product","3":"status-publish","4":"has-post-thumbnail","6":"product_cat-malas-de-mao","7":"product_tag-brown-suede-handbag","8":"product_tag-mala-camurca","9":"product_tag-mala-castanha-em-pele-pt-pt","10":"product_tag-mala-castanho-chocolate","11":"product_tag-mala-castanho-escuro","12":"product_tag-mala-de-mao-de-pele","13":"tm-has-options","15":"first","16":"instock","17":"taxable","18":"shipping-taxable","19":"purchasable","20":"product-type-simple"},"_links":{"self":[{"href":"https:\/\/mitibags.com\/pt-pt\/wp-json\/wp\/v2\/product\/15655","targetHints":{"allow":["GET"]}}],"collection":[{"href":"https:\/\/mitibags.com\/pt-pt\/wp-json\/wp\/v2\/product"}],"about":[{"href":"https:\/\/mitibags.com\/pt-pt\/wp-json\/wp\/v2\/types\/product"}],"replies":[{"embeddable":true,"href":"https:\/\/mitibags.com\/pt-pt\/wp-json\/wp\/v2\/comments?post=15655"}],"version-history":[{"count":0,"href":"https:\/\/mitibags.com\/pt-pt\/wp-json\/wp\/v2\/product\/15655\/revisions"}],"wp:featuredmedia":[{"embeddable":true,"href":"https:\/\/mitibags.com\/pt-pt\/wp-json\/wp\/v2\/media\/15627"}],"wp:attachment":[{"href":"https:\/\/mitibags.com\/pt-pt\/wp-json\/wp\/v2\/media?parent=15655"}],"wp:term":[{"taxonomy":"product_brand","embeddable":true,"href":"https:\/\/mitibags.com\/pt-pt\/wp-json\/wp\/v2\/product_brand?post=15655"},{"taxonomy":"product_cat","embeddable":true,"href":"https:\/\/mitibags.com\/pt-pt\/wp-json\/wp\/v2\/product_cat?post=15655"},{"taxonomy":"product_tag","embeddable":true,"href":"https:\/\/mitibags.com\/pt-pt\/wp-json\/wp\/v2\/product_tag?post=15655"}],"curies":[{"name":"wp","href":"https:\/\/api.w.org\/{rel}","templated":true}]}}