{"id":15203,"date":"2025-07-13T15:57:46","date_gmt":"2025-07-13T14:57:46","guid":{"rendered":"https:\/\/mitibags.com\/?post_type=product&#038;p=15203"},"modified":"2025-11-30T22:19:38","modified_gmt":"2025-11-30T21:19:38","slug":"festival-carteira-tiracolo-bege-em-pele","status":"publish","type":"product","link":"https:\/\/mitibags.com\/pt-pt\/product\/carteiras-em-pele\/carteiras-em-pele-pt-pt\/festival-carteira-tiracolo-bege-em-pele\/","title":{"rendered":"Festival Carteira Tiracolo em Pele"},"content":{"rendered":"<h2>Festival Carteira Tiracolo em Pele<\/h2>\n<p>&nbsp;<\/p>\n<p>A \u00e9poca dos festivais chegou e com ela a necessidade de mala que lhe permite levar tudo o que precisa e ao mesmo tmepo n\u00e3o perder 1 segundo dos concertos.<\/p>\n<p>A Festival Carteira Tiracolo em Pele \u00e9 a companheira perfeita para os festivais de m\u00fasica.<\/p>\n<p>O tamanho total dela \u00e9 de 11 cm de comprimento por 19,50 cm de altura, com um bolso na frente no qual cabe um iphone pro max.<\/p>\n<p>Na parte da carteira existem v\u00e1rios espa\u00e7os para colocar cart\u00f5es, documentos e um bolso com fecho zip para guardar as moedas. No topo da carteira encontra duas pe\u00e7as onde pode prender a al\u00e7a ajust\u00e1vel que vem com a Festival Carteira Tiracolo em Pele, tornando assim poss\u00edvel utiliz\u00e1-la como mala tiracolo. <\/p>\n<p>Se adora uma <strong>personaliza\u00e7\u00e3o<\/strong> temos boas noticias, a Festival Carteira Tiracolo Verde em Pele pode ser personalizada com as iniciais do seu nome ou um dos nossos emojis. Para o fazer e ter uma carteira \u00fanica feita especialmente para si clique no bot\u00e3o de personalizar. <\/p>\n<p>Complemente a Festival Carteira Tiracolo Verde em Pele com uma al\u00e7a e torne-a ainda mais perfeita. Clique <a href=\"https:\/\/mitibags.com\/bags-straps\/\">aqui<\/a> e veja todas as al\u00e7as que temos para si. <\/p>\n<p>&nbsp;<\/p>\n<p><strong>Tamanho: <\/strong>11&#215;19,50x5cm<\/p>\n<p><strong>Material Exterior:<\/strong> Pele Genu\u00edna<\/p>\n<p><strong>Material<\/strong> <strong>Interior<\/strong> Pele Genu\u00edna<\/p>\n<p><strong>Cor:<\/strong> Bege<\/p>\n<p><strong>Cor das Ferragens:<\/strong> Dourado<\/p>\n<p>&nbsp;<\/p>\n<p>Siga-nos no <a href=\"https:\/\/www.instagram.com\/mitibags\/\" target=\"_blank\" rel=\"noopener\">Instagram<\/a> e <a href=\"https:\/\/www.facebook.com\/MitiBags\/\" target=\"_blank\" rel=\"noopener\">Facebook <\/a> e fa\u00e7a parte da nossa comunidade.<\/p>\n","protected":false},"excerpt":{"rendered":"<p>Feita com a melhor pele genu\u00edna e com um tamanho de <strong>11 cm de comprimento e 19,50 cm de altura<\/strong>, a<strong> Festival Carteira Tiracolo em Pele<\/strong> \u00e9 a companheira perfeita para os festivais de m\u00fasica. tem no interior 3 compartimentos, o do meio com fecho zip, e os outros dois com duas divis\u00f5es nas quais pode colocar cart\u00f5es e uma maior para colocar documentos ou notas. O compartimento do telefone mede <strong>10 cm de comprimento e 15,50 cm de altura<\/strong> e onde \u00e9 possivel colocar um Iphone Pro max<strong>. <\/strong>Se quiser adicionar um toque pessoal \u00e0 sua carteira clique no bot\u00e3o personalizar e adicione as iniciais do seu nome ou at\u00e9 mesmo um emoji<strong><\/strong> <\/p>\n","protected":false},"featured_media":15213,"comment_status":"open","ping_status":"closed","template":"","meta":[],"product_brand":[],"product_cat":[90,93,79,83],"product_tag":[127,988,987],"class_list":{"0":"post-15203","1":"product","2":"type-product","3":"status-publish","4":"has-post-thumbnail","6":"product_cat-carteiras-em-pele","7":"product_cat-carteiras-em-pele-pt-pt","8":"product_cat-malas-em-pele","9":"product_cat-malas-tiracolo","10":"product_tag-carteiras","11":"product_tag-mala-em-pele-para-festivais","12":"product_tag-mala-tiracolo-em-pele-2","13":"tm-has-options","15":"first","16":"instock","17":"taxable","18":"shipping-taxable","19":"purchasable","20":"product-type-simple"},"_links":{"self":[{"href":"https:\/\/mitibags.com\/pt-pt\/wp-json\/wp\/v2\/product\/15203","targetHints":{"allow":["GET"]}}],"collection":[{"href":"https:\/\/mitibags.com\/pt-pt\/wp-json\/wp\/v2\/product"}],"about":[{"href":"https:\/\/mitibags.com\/pt-pt\/wp-json\/wp\/v2\/types\/product"}],"replies":[{"embeddable":true,"href":"https:\/\/mitibags.com\/pt-pt\/wp-json\/wp\/v2\/comments?post=15203"}],"version-history":[{"count":0,"href":"https:\/\/mitibags.com\/pt-pt\/wp-json\/wp\/v2\/product\/15203\/revisions"}],"wp:featuredmedia":[{"embeddable":true,"href":"https:\/\/mitibags.com\/pt-pt\/wp-json\/wp\/v2\/media\/15213"}],"wp:attachment":[{"href":"https:\/\/mitibags.com\/pt-pt\/wp-json\/wp\/v2\/media?parent=15203"}],"wp:term":[{"taxonomy":"product_brand","embeddable":true,"href":"https:\/\/mitibags.com\/pt-pt\/wp-json\/wp\/v2\/product_brand?post=15203"},{"taxonomy":"product_cat","embeddable":true,"href":"https:\/\/mitibags.com\/pt-pt\/wp-json\/wp\/v2\/product_cat?post=15203"},{"taxonomy":"product_tag","embeddable":true,"href":"https:\/\/mitibags.com\/pt-pt\/wp-json\/wp\/v2\/product_tag?post=15203"}],"curies":[{"name":"wp","href":"https:\/\/api.w.org\/{rel}","templated":true}]}}