{"id":14654,"date":"2025-03-31T00:02:30","date_gmt":"2025-03-30T23:02:30","guid":{"rendered":"https:\/\/mitibags.com\/?post_type=product&#038;p=14654"},"modified":"2025-04-06T22:31:36","modified_gmt":"2025-04-06T21:31:36","slug":"owl-caixa-de-oculos-bege-pele","status":"publish","type":"product","link":"https:\/\/mitibags.com\/pt-pt\/product\/acessorios-para-malas\/outros\/owl-caixa-de-oculos-bege-pele\/","title":{"rendered":"Owl Caixa de \u00d3culos Bege em Pele"},"content":{"rendered":"<h2>Owl Caixa de \u00d3culos Bege em Pele<\/h2>\n<p>&nbsp;<\/p>\n<p>Os acess\u00f3rios s\u00e3o uma forma perfeita de dar uma nova vida \u00e0 sua mala e a nossa Owl Caixa de \u00d3culos Bege em Pele \u00e9 exatamente o acess\u00f3rio perfeito para esta primavera ver\u00e3o.<\/p>\n<p>Com um tamanho de <strong>14 cm de largura por 8 cm de altura<\/strong>, a Owl Caixa de \u00d3culos Bege em Pele \u00e9 feita em It\u00e1lia com a melhor <strong>pele genu\u00edna <\/strong>de cor bege, <strong>ferragens douradas<\/strong> e pode facilmente ser anexada \u00e0 sua mala atrav\u00e9s de um anzol dourado e uma tira em pele, sendo a forma mais perfeita e fashion de proteger os seus \u00f3culos de sol e mant\u00ea-los sempre \u00e0 m\u00e3o.<\/p>\n<p>Torne este acess\u00f3rio ainda mais perfeito personalizando-o com as iniciais do seu nome no exterior e uma mensagem especial ou emoji no interior. Para o fazer clique no bot\u00e3o personalizar e torne-o unicamente seu e feito especialmente para si.<\/p>\n<p>Se procura outro tipo de acess\u00f3rio para usar na sua mala, convidamo-lo a visitar por exemplo a nossa cole\u00e7\u00e3o de len\u00e7os dispon\u00edvel <a href=\"https:\/\/mitibags.com\/lencos-malas\/\">aqui.<\/a><\/p>\n<p>&nbsp;<\/p>\n<p><strong>Tamanho: <\/strong>14,50x8x2 cm<\/p>\n<p><strong>Material Exterior: <\/strong> Pele Genu\u00edna com Textura Martelada<\/p>\n<p><strong>Cor:<\/strong> Bege<\/p>\n<p><strong>Cor das Ferragens:<\/strong> Dourado<\/p>\n<p>&nbsp;<\/p>\n<p>Siga-nos no <a href=\"https:\/\/www.instagram.com\/mitibags\/\" target=\"_blank\" rel=\"noopener\">Instagram<\/a> e <a href=\"https:\/\/www.facebook.com\/MitiBags\/\" target=\"_blank\" rel=\"noopener\">Facebook <\/a> e fa\u00e7a parte da nossa comunidade.<\/p>\n","protected":false},"excerpt":{"rendered":"<p>Os acess\u00f3rios s\u00e3o uma forma perfeita de dar uma nova vida \u00e0 sua mala e a nossa Owl Caixa de \u00d3culos Bege em Pele \u00e9 exatamente o acess\u00f3rio perfeito para esta primavera ver\u00e3o.<\/p>\n<p>Com um tamanho de <strong>14 cm de largura por 8 cm de altura<\/strong>, a Owl Caixa de \u00d3culos Bege em Pele \u00e9 feita em It\u00e1lia com a melhor <strong>pele genu\u00edna <\/strong>de cor bege, <strong>ferragens douradas<\/strong> e pode facilmente ser anexada \u00e0 sua mala atrav\u00e9s de um anzol dourado e uma tira em pele, sendo a forma mais perfeita e fashion de proteger os seus \u00f3culos de sol e mant\u00ea-los sempre \u00e0 m\u00e3o.<\/p>\n<p>Torne este acess\u00f3rio ainda mais perfeito personalizando-o com as iniciais do seu nome no exterior e uma mensagem especial ou emoji no interior. Para o fazer clique no bot\u00e3o personalizar e torne-o unicamente seu e feito especialmente para si.<\/p>\n<p>&nbsp;<\/p>\n","protected":false},"featured_media":14580,"comment_status":"open","ping_status":"closed","template":"","meta":[],"product_brand":[],"product_cat":[74,78],"product_tag":[244,934,935],"class_list":{"0":"post-14654","1":"product","2":"type-product","3":"status-publish","4":"has-post-thumbnail","6":"product_cat-acessorios-para-malas","7":"product_cat-outros","8":"product_tag-acessorios-para-malas","9":"product_tag-caixa-para-oculos-de-sol","10":"product_tag-caixa-para-oculos-de-sol-em-pele","11":"tm-no-options","13":"first","14":"instock","15":"taxable","16":"shipping-taxable","17":"purchasable","18":"product-type-simple"},"_links":{"self":[{"href":"https:\/\/mitibags.com\/pt-pt\/wp-json\/wp\/v2\/product\/14654","targetHints":{"allow":["GET"]}}],"collection":[{"href":"https:\/\/mitibags.com\/pt-pt\/wp-json\/wp\/v2\/product"}],"about":[{"href":"https:\/\/mitibags.com\/pt-pt\/wp-json\/wp\/v2\/types\/product"}],"replies":[{"embeddable":true,"href":"https:\/\/mitibags.com\/pt-pt\/wp-json\/wp\/v2\/comments?post=14654"}],"version-history":[{"count":0,"href":"https:\/\/mitibags.com\/pt-pt\/wp-json\/wp\/v2\/product\/14654\/revisions"}],"wp:featuredmedia":[{"embeddable":true,"href":"https:\/\/mitibags.com\/pt-pt\/wp-json\/wp\/v2\/media\/14580"}],"wp:attachment":[{"href":"https:\/\/mitibags.com\/pt-pt\/wp-json\/wp\/v2\/media?parent=14654"}],"wp:term":[{"taxonomy":"product_brand","embeddable":true,"href":"https:\/\/mitibags.com\/pt-pt\/wp-json\/wp\/v2\/product_brand?post=14654"},{"taxonomy":"product_cat","embeddable":true,"href":"https:\/\/mitibags.com\/pt-pt\/wp-json\/wp\/v2\/product_cat?post=14654"},{"taxonomy":"product_tag","embeddable":true,"href":"https:\/\/mitibags.com\/pt-pt\/wp-json\/wp\/v2\/product_tag?post=14654"}],"curies":[{"name":"wp","href":"https:\/\/api.w.org\/{rel}","templated":true}]}}