{"id":14554,"date":"2025-03-30T22:20:17","date_gmt":"2025-03-30T21:20:17","guid":{"rendered":"https:\/\/mitibags.com\/?post_type=product&#038;p=14554"},"modified":"2025-04-06T22:16:02","modified_gmt":"2025-04-06T21:16:02","slug":"star-mala-de-mao-dourada-em-pele","status":"publish","type":"product","link":"https:\/\/mitibags.com\/pt-pt\/product\/malas-em-pele\/malas-bucket\/star-mala-de-mao-dourada-em-pele\/","title":{"rendered":"Star Mala de m\u00e3o Dourada em Pele"},"content":{"rendered":"<h2>Star Mala de m\u00e3o Dourada em Pele<\/h2>\n<p>&nbsp;<\/p>\n<p>Com uma combina\u00e7\u00e3o de pele martelada com camur\u00e7a, a Star Mala de m\u00e3o Dourada em Pele \u00e9 o acess\u00f3rio perfeito para este ver\u00e3o.<\/p>\n<p>A Star Mala de m\u00e3o Dourada em Pele \u00e9 uma bonita e elegante mala de tamanho m\u00e9dio com <strong>20 cm de largura e 16 cm de altura<\/strong> \u00e9 perfeita para trazer facilmente todos os seus artigos essenciais.<\/p>\n<p>Feita em pele genu\u00edna no exterior e interior, vem ainda com uma pequena bolsa que se encontra no interior, tamb\u00e9m ela em pele, que a ajuda a manter tudo organizado e em seguran\u00e7a. Relativamente ao fecho este \u00e9 feito com um <strong>anzol dourado<\/strong> assim como com um bot\u00e3o \u00edman. A bolsa interior tem um fecho zip. O anzol dourado permite ainda usar a mala em dois estilos diferentes: com as abas abertas ou fechadas, como pode ver nas fotos.<\/p>\n<p>Sabemos como \u00e9 importante para si ter uma mala vers\u00e1til e que se adapta \u00e0s suas diversas necessidades e ocasi\u00f5es, \u00e9 por isso que a Star Mala de m\u00e3o Dourada em Pele vem com uma al\u00e7a extra, tamb\u00e9m em pele, para poder us\u00e1-la a tiracolo ou ao ombro.<\/p>\n<p>Para tornar a Star Mala de m\u00e3o Dourada em Pele ainda mais perfeita e feita especialmente para si, <strong>personalize-a com as suas iniciais e torne-a unicamente sua.<\/strong><\/p>\n<p>Adicione um toque de eleg\u00e2ncia \u00e0 sua Star Mala de m\u00e3o Dourada em Pele em Pele adicionando um acess\u00f3rio como um len\u00e7o ou at\u00e9 mesmo uma das nossas caixas de \u00f3culos. Veja <a href=\"https:\/\/mitibags.com\/acessorios-malas\/\">aqui <\/a>a cole\u00e7\u00e3o de acess\u00f3rios que preparamos para si.<\/p>\n<p>&nbsp;<\/p>\n<p><strong>Tamanho: <\/strong>20x16x14 cm<\/p>\n<p><strong>Material Exterior:<\/strong> Pele Genu\u00edna<\/p>\n<p><strong>Material<\/strong> <strong>Interior<\/strong>: Pele Genu\u00edna<\/p>\n<p><strong>Cor:<\/strong> Dourado<\/p>\n<p><strong>Cor das Ferragens:<\/strong> Dourado<\/p>\n<p>&nbsp;<\/p>\n<p>Siga-nos no <a href=\"https:\/\/www.instagram.com\/mitibags\/\" target=\"_blank\" rel=\"noopener\">Instagram<\/a> e <a href=\"https:\/\/www.facebook.com\/MitiBags\/\" target=\"_blank\" rel=\"noopener\">Facebook <\/a> e fa\u00e7a parte da nossa comunidade.<\/p>\n<p>&nbsp;<\/p>\n<h2><strong>SOBRE MALAS DE M\u00c3O<\/strong><\/h2>\n<p>&nbsp;<\/p>\n<h3>Malas de M\u00e3o<\/h3>\n<p>Se procura uma mala que mala intemporal, vers\u00e1til e duradoura e que a ajude a manter um look elegante e cl\u00e1ssico uma mala de m\u00e3o pode ser aquilo que procura. Sendo um modelo cl\u00e1ssico e que vai utilizar diariamente e muitas vezes para carregar algum peso, o nosso conselho \u00e9 que aposte numa mala de qualidade e de um material mais duradouro que o PU. Uma mala de m\u00e3o em pele genu\u00edna deve sem d\u00favida fazer parte do closet de qualquer mulher, j\u00e1 que vai ser capaz de aguentar mais peso sem se estragar, mantendo-se com bom aspeto e durar mais do que uma mala de outro material.<\/p>\n<p><strong>O que tenho que saber para escolher a mala de m\u00e3o perfeita para mim?<\/strong><\/p>\n<p>Antes de tudo a principal coisa que tem que pensar quando vai comprar a sua nova mala \u00e9 que uso lhe vai dar, em que ocasi\u00f5es a vai usar e o que pretende carregar dentro dela. A resposta a estas perguntas vai ajud\u00e1-la logo \u00e0 partida a definir que tamanho precisa que a mala tenha, de que material deve ser, se \u00e9 essencial ou n\u00e3o ter uma al\u00e7a extra que lhe permita por exemplo usar ao ombro ou a tiracolo, caso precise ficar com as suas m\u00e3os livres, assim como a cor que deve escolher.<\/p>\n<p>Se o que procura \u00e9 durabilidade a nossa recomenda\u00e7\u00e3o \u00e9 que aposte numa mala de m\u00e3o em pele genu\u00edna, j\u00e1 que, embora numa primeira fase v\u00e1 ser mais cara do que uma mala em PU, a verdade \u00e9 que a durabilidade n\u00e3o \u00e9 compar\u00e1vel, vai estar a apostar numa mala que a vai acompanhar durante mais tempo.<\/p>\n<p>No que toca \u00e0 cor pode apostar numa cor b\u00e1sica, como preto, camel ou bege, ou, caso se enquadre no seu estilo e procure uma mala de m\u00e3o que d\u00ea um toque de irrever\u00eancia e cor ao seu look aposte por exemplo num amarelo mostarda ou laranja que, embora menos usadas, a verdade \u00e9 que tamb\u00e9m ficam bem com uma grande paleta de cores e funcionam tanto para o ver\u00e3o como para o inverno, al\u00e9m de lhe permitirem destacar-se na multid\u00e3o.<\/p>\n<p>Star Mala de m\u00e3o Dourada em Pele \u00e9 a mala perfeita para o dia a dia de trabalho, ajudando-a a levar tudo o que necessita consigo, sem deixar de ser elegante.<\/p>\n<p>&nbsp;<\/p>\n<p>&nbsp;<\/p>\n","protected":false},"excerpt":{"rendered":"<p>Com uma combina\u00e7\u00e3o de pele martelada com camur\u00e7a, a Star Mala de m\u00e3o Dourada em Pele \u00e9 o acess\u00f3rio perfeito para este ver\u00e3o.<\/p>\n<p>A Star Mala de m\u00e3o Dourada em Pele \u00e9 uma bonita e elegante mala de tamanho m\u00e9dio com <strong>20 cm de largura e 16 cm de altura<\/strong> \u00e9 perfeita para trazer facilmente todos os seus artigos essenciais.<\/p>\n<p>Feita em pele genu\u00edna no exterior e interior, vem ainda com uma pequena bolsa que se encontra no interior, tamb\u00e9m ela em pele, que a ajuda a manter tudo organizado e em seguran\u00e7a. Relativamente ao fecho este \u00e9 feito com um anzol dourado assim como com um \u00edman. A bolsa interior tem um fecho zip. O anzol <strong>dourado<\/strong> permite ainda usar a mala em dois estilos diferentes: com as abas abertas ou fechadas, como pode ver nas fotos.<\/p>\n<p>A Star Mala de m\u00e3o Dourada em Pele vem ainda com uma al\u00e7a extra em pele genu\u00edna, perfeita para usar a sua mala ao ombro ou a tiracolo.<\/p>\n<p>D\u00ea um toque pessoal \u00e0 sua nova mala personalizando-a com as suas iniciais.<\/p>\n<p>&nbsp;<\/p>\n","protected":false},"featured_media":14451,"comment_status":"open","ping_status":"closed","template":"","meta":[],"product_brand":[],"product_cat":[81,61],"product_tag":[309,932],"class_list":{"0":"post-14554","1":"product","2":"type-product","3":"status-publish","4":"has-post-thumbnail","6":"product_cat-malas-bucket","7":"product_cat-malas-de-mao","8":"product_tag-mala-de-mao-de-pele","9":"product_tag-mala-de-mao-dourada-em-pele","10":"tm-has-options","12":"first","13":"instock","14":"taxable","15":"shipping-taxable","16":"purchasable","17":"product-type-simple"},"_links":{"self":[{"href":"https:\/\/mitibags.com\/pt-pt\/wp-json\/wp\/v2\/product\/14554","targetHints":{"allow":["GET"]}}],"collection":[{"href":"https:\/\/mitibags.com\/pt-pt\/wp-json\/wp\/v2\/product"}],"about":[{"href":"https:\/\/mitibags.com\/pt-pt\/wp-json\/wp\/v2\/types\/product"}],"replies":[{"embeddable":true,"href":"https:\/\/mitibags.com\/pt-pt\/wp-json\/wp\/v2\/comments?post=14554"}],"version-history":[{"count":0,"href":"https:\/\/mitibags.com\/pt-pt\/wp-json\/wp\/v2\/product\/14554\/revisions"}],"wp:featuredmedia":[{"embeddable":true,"href":"https:\/\/mitibags.com\/pt-pt\/wp-json\/wp\/v2\/media\/14451"}],"wp:attachment":[{"href":"https:\/\/mitibags.com\/pt-pt\/wp-json\/wp\/v2\/media?parent=14554"}],"wp:term":[{"taxonomy":"product_brand","embeddable":true,"href":"https:\/\/mitibags.com\/pt-pt\/wp-json\/wp\/v2\/product_brand?post=14554"},{"taxonomy":"product_cat","embeddable":true,"href":"https:\/\/mitibags.com\/pt-pt\/wp-json\/wp\/v2\/product_cat?post=14554"},{"taxonomy":"product_tag","embeddable":true,"href":"https:\/\/mitibags.com\/pt-pt\/wp-json\/wp\/v2\/product_tag?post=14554"}],"curies":[{"name":"wp","href":"https:\/\/api.w.org\/{rel}","templated":true}]}}