{"id":14344,"date":"2025-03-29T23:52:30","date_gmt":"2025-03-29T22:52:30","guid":{"rendered":"https:\/\/mitibags.com\/?post_type=product&#038;p=14344"},"modified":"2025-04-06T17:21:54","modified_gmt":"2025-04-06T16:21:54","slug":"rose-mala-de-mao-bege-em-pele","status":"publish","type":"product","link":"https:\/\/mitibags.com\/pt-pt\/product\/malas-em-pele\/malas-de-mao\/rose-mala-de-mao-bege-em-pele\/","title":{"rendered":"Rose Mala de m\u00e3o Bege em Pele"},"content":{"rendered":"<h2>Rose Mala de m\u00e3o Bege em Pele<\/h2>\n<p>&nbsp;<\/p>\n<p>Feita numa maravilhosa pele Italiana de cor bege, a Rose Mala de m\u00e3o Bege em Pele \u00e9 o sonho tornado realidade para as fashionistas que procuram uma mala elegante e sofisticada para o dia-a-dia.<\/p>\n<p>Com um tamanho de <strong>40 cm de comprimento e 22 cm de altura<\/strong>, esta mala \u00e9 feita em <strong>pele genu\u00edna<\/strong> no exterior e interior em tecido.<\/p>\n<p>Quanto ao fecho da mala este \u00e9 feito com um fecho zip e complementado com duas molas de press\u00e3o douradas em cada um dos lados da mala, ajudando assim a manter a sua forma e estilo \u00fanico.<\/p>\n<p>Sabemos que \u00e9 importante para si ter uma mala vers\u00e1til que se adapte facilmente \u00e0s suas necessidades do dia-a-dia, \u00e9 por isso que a nossa Rose Mala de m\u00e3o Bege em Pele vem acompanhada de uma al\u00e7a extra, tornando poss\u00edvel us\u00e1-la como mala de ombro ou tiracolo quando necess\u00e1rio.<\/p>\n<p>Com um bolso zip no interior, e muito espa\u00e7osa, perfeita para para guardar tudo o que necessita, esta mala combine de forma sublime um estilo fashion e pr\u00e1tico, tornando-a na mala perfeita para todas as ocasi\u00f5es.<\/p>\n<p>Para tornar a Rose Mala de m\u00e3o Bege em Pele ainda mais perfeita e feita especialmente para si, <strong>personalize-a com as suas iniciais e torne-a unicamente sua<\/strong>.<\/p>\n<p>Adicione um toque de eleg\u00e2ncia \u00e0 sua Rose Mala de m\u00e3o Bege em Pele adicionando um acess\u00f3rio como um len\u00e7o ou at\u00e9 mesmo uma das nossas caixas de \u00f3culos. Veja <a href=\"https:\/\/mitibags.com\/acessorios-malas\/\">aqui <\/a>a cole\u00e7\u00e3o de acess\u00f3rios que preparamos para si.<\/p>\n<p>&nbsp;<\/p>\n<p><strong>Tamanho <\/strong>40x22x16 cm<\/p>\n<p><strong>Material Exterior: <\/strong>Pele Genu\u00edna<\/p>\n<p><strong>Material<\/strong> <strong>Interior:<\/strong> Sarja de Algod\u00e3o<\/p>\n<p><strong>Cor:<\/strong> Bege<\/p>\n<p><strong>Cor das Ferragens:<\/strong> Dourado<\/p>\n<p>&nbsp;<\/p>\n<p>Siga-nos no <a href=\"https:\/\/www.instagram.com\/mitibags\/\" target=\"_blank\" rel=\"noopener\">Instagram<\/a> e <a href=\"https:\/\/www.facebook.com\/MitiBags\/\" target=\"_blank\" rel=\"noopener\">Facebook <\/a> e fa\u00e7a parte da nossa comunidade.<\/p>\n<p>&nbsp;<\/p>\n<h2><strong>SOBRE MALAS DE M\u00c3O<\/strong><\/h2>\n<p>&nbsp;<\/p>\n<h3>Malas de M\u00e3o<\/h3>\n<p>Se procura uma mala que mala intemporal, vers\u00e1til e duradoura e que a ajude a manter um look elegante e cl\u00e1ssico uma mala de m\u00e3o pode ser aquilo que procura. Sendo um modelo cl\u00e1ssico e que vai utilizar diariamente e muitas vezes para carregar algum peso, o nosso conselho \u00e9 que aposte numa mala de qualidade e de um material mais duradouro que o PU. Uma mala de m\u00e3o em pele genu\u00edna deve sem d\u00favida fazer parte do closet de qualquer mulher, j\u00e1 que vai ser capaz de aguentar mais peso sem se estragar, mantendo-se com bom aspeto e durar mais do que uma mala de outro material.<\/p>\n<p><strong>O que tenho que saber para escolher a mala de m\u00e3o perfeita para mim?<\/strong><\/p>\n<p>Antes de tudo a principal coisa que tem que pensar quando vai comprar a sua nova mala \u00e9 que uso lhe vai dar, em que ocasi\u00f5es a vai usar e o que pretende carregar dentro dela. A resposta a estas perguntas vai ajud\u00e1-la logo \u00e0 partida a definir que tamanho precisa que a mala tenha, de que material deve ser, se \u00e9 essencial ou n\u00e3o ter uma al\u00e7a extra que lhe permita por exemplo usar ao ombro ou a tiracolo, caso precise ficar com as suas m\u00e3os livres, assim como a cor que deve escolher.<\/p>\n<p>Se o que procura \u00e9 durabilidade a nossa recomenda\u00e7\u00e3o \u00e9 que aposte numa mala de m\u00e3o em pele genu\u00edna, j\u00e1 que, embora numa primeira fase v\u00e1 ser mais cara do que uma mala em PU, a verdade \u00e9 que a durabilidade n\u00e3o \u00e9 compar\u00e1vel, vai estar a apostar numa mala que a vai acompanhar durante mais tempo.<\/p>\n<p>No que toca \u00e0 cor pode apostar numa cor b\u00e1sica, como preto, camel ou bege, ou, caso se enquadre no seu estilo e procure uma mala de m\u00e3o que d\u00ea um toque de irrever\u00eancia e cor ao seu look aposte por exemplo num amarelo mostarda ou laranja que, embora menos usadas, a verdade \u00e9 que tamb\u00e9m ficam bem com uma grande paleta de cores e funcionam tanto para o ver\u00e3o como para o inverno, al\u00e9m de lhe permitirem destacar-se na multid\u00e3o.<\/p>\n<p>Rose Mala de m\u00e3o Bege em Pele \u00e9 a mala perfeita para o dia a dia de trabalho, ajudando-a a levar tudo o que necessita consigo, sem deixar de ser elegante.<\/p>\n<p>&nbsp;<\/p>\n<p>&nbsp;<\/p>\n","protected":false},"excerpt":{"rendered":"<p>Feita numa maravilhosa pele Italiana de cor bege, a Rose Mala de m\u00e3o Bege em Pele \u00e9 o sonho tornado realidade para as fashionistas que procuram uma mala elegante e sofisticada para o dia-a-dia.<\/p>\n<p>Com um tamanho de <strong>40 cm de comprimento e 22 cm de altura<\/strong>, esta mala \u00e9 feita em <strong>pele genu\u00edna no exterior<\/strong> e interior em tecido, a Rose Mala de m\u00e3o Bege em Pele fecha com fecho zip e tem no interior um bolso com fecho para ajud\u00e1-la a manter tudo organizado.<\/p>\n<p>A mala vem ainda com uma al\u00e7a extra em pele genu\u00edna, perfeita para usar a sua mala ao ombro ou a tiracolo.<\/p>\n<p>D\u00ea um toque pessoal \u00e0 sua nova mala personalizando-a com as suas iniciais.<\/p>\n<p>&nbsp;<\/p>\n","protected":false},"featured_media":14346,"comment_status":"open","ping_status":"closed","template":"","meta":[],"product_brand":[],"product_cat":[61,84],"product_tag":[342,309,281],"class_list":{"0":"post-14344","1":"product","2":"type-product","3":"status-publish","4":"has-post-thumbnail","6":"product_cat-malas-de-mao","7":"product_cat-malas-de-ombro","8":"product_tag-beige-leather-handbag-pt-pt","9":"product_tag-mala-de-mao-de-pele","10":"product_tag-mala-de-ombro-em-pele","11":"tm-has-options","13":"first","14":"instock","15":"taxable","16":"shipping-taxable","17":"purchasable","18":"product-type-simple"},"_links":{"self":[{"href":"https:\/\/mitibags.com\/pt-pt\/wp-json\/wp\/v2\/product\/14344","targetHints":{"allow":["GET"]}}],"collection":[{"href":"https:\/\/mitibags.com\/pt-pt\/wp-json\/wp\/v2\/product"}],"about":[{"href":"https:\/\/mitibags.com\/pt-pt\/wp-json\/wp\/v2\/types\/product"}],"replies":[{"embeddable":true,"href":"https:\/\/mitibags.com\/pt-pt\/wp-json\/wp\/v2\/comments?post=14344"}],"version-history":[{"count":0,"href":"https:\/\/mitibags.com\/pt-pt\/wp-json\/wp\/v2\/product\/14344\/revisions"}],"wp:featuredmedia":[{"embeddable":true,"href":"https:\/\/mitibags.com\/pt-pt\/wp-json\/wp\/v2\/media\/14346"}],"wp:attachment":[{"href":"https:\/\/mitibags.com\/pt-pt\/wp-json\/wp\/v2\/media?parent=14344"}],"wp:term":[{"taxonomy":"product_brand","embeddable":true,"href":"https:\/\/mitibags.com\/pt-pt\/wp-json\/wp\/v2\/product_brand?post=14344"},{"taxonomy":"product_cat","embeddable":true,"href":"https:\/\/mitibags.com\/pt-pt\/wp-json\/wp\/v2\/product_cat?post=14344"},{"taxonomy":"product_tag","embeddable":true,"href":"https:\/\/mitibags.com\/pt-pt\/wp-json\/wp\/v2\/product_tag?post=14344"}],"curies":[{"name":"wp","href":"https:\/\/api.w.org\/{rel}","templated":true}]}}