{"id":14196,"date":"2025-01-26T23:15:04","date_gmt":"2025-01-26T22:15:04","guid":{"rendered":"https:\/\/mitibags.com\/?post_type=product&#038;p=14196"},"modified":"2025-01-27T20:08:39","modified_gmt":"2025-01-27T19:08:39","slug":"parfait-tote-bag-camurca-camel","status":"publish","type":"product","link":"https:\/\/mitibags.com\/pt-pt\/product\/malas-em-pele\/malas-tote\/parfait-tote-bag-camurca-camel\/","title":{"rendered":"Parfait Tote Bag Camur\u00e7a Camel"},"content":{"rendered":"<h2>Parfait Tote Bag Camur\u00e7a Camel<\/h2>\n<p>&nbsp;<\/p>\n<p>Produzida com uma maravilhosa Camur\u00e7a Italiana no exterior e interior em pele genu\u00edna pele, A Parfait Tote Bag Camur\u00e7a Camel foi desenhada para elevar o seu dia-a-dia de trabalho com estilo e funcionalidade.<\/p>\n<p>As al\u00e7as longas tornam a Parfait Tote Bag Camur\u00e7a Camel na mala perfeita para ser usada ao ombro quer na correria do trabalho ou apenas para um dia descontra\u00eddo de compras.<br \/>\nSe prefere no entanto uma mala tiracolo, a Parfait Tote Bag Camur\u00e7a Camel traz ainda uma al\u00e7a extra, ajust\u00e1vel, para que possa usar a sua mala da forma que preferir.O fecho \u00e9 feito na frente e tem duas posi\u00e7\u00f5es. Sabemos que a seguran\u00e7a tamb\u00e9m \u00e9 importante para si e \u00e9 por isso que no interior da Parfait Tote Bag Camur\u00e7a Camel encontra ainda uma pequena bolsa com fecho zip dentro da qual pode guardar todos os seus objetos, mantendo-os seguros e dif\u00edceis de alcan\u00e7ar.Quer seja o seu port\u00e1til ou apenas os objetos essenciais do dia-a-dia, a Parfait Tote Bag Camur\u00e7a Camel ajuda-a a manter tudo no seu devido lugar com seguran\u00e7a e facilidade.<\/p>\n<p>Com um tamanho de <strong>32 cm de largura por 27 cm de altura<\/strong>, temos a certeza que ser\u00e1 a companhia ideal para si para usar em todas as ocasi\u00f5es.<br \/>\nPara torn\u00e1-la ainda mais perfeita e feita especialmente para si, <strong>personalize-a com as suas iniciais e torne-a \u00fanica. <\/strong><br \/>\nAdicione tamb\u00e9m um acess\u00f3rio como um len\u00e7o para lhe dar um toque de cor e glamour. Veja <a href=\"https:\/\/mitibags.com\/acessorios-malas\/\">aqui <\/a>a nossa cole\u00e7\u00e3o de acess\u00f3rios e escolha o que acha que \u00e9 perfeito para si.<\/p>\n<p>&nbsp;<\/p>\n<p><strong>Tamanho: <\/strong>32x27x12 cm<\/p>\n<p><strong>Material Exterior: <\/strong>Camur\u00e7a Camel<\/p>\n<p><strong>Material<\/strong> <strong>Interior:<\/strong> Pele Genu\u00edna<\/p>\n<p><strong>Cor:<\/strong> Camel<\/p>\n<p><strong>Cor das Ferragens:<\/strong> Dourado<\/p>\n<p>&nbsp;<\/p>\n<p>Siga-nos no <a href=\"https:\/\/www.instagram.com\/mitibags\/\" target=\"_blank\" rel=\"noopener\">Instagram<\/a> e <a href=\"https:\/\/www.facebook.com\/MitiBags\/\" target=\"_blank\" rel=\"noopener\">Facebook <\/a> e fa\u00e7a parte da nossa comunidade.<\/p>\n","protected":false},"excerpt":{"rendered":"<p>Produzida com uma maravilhosa Camur\u00e7a Italiana no exterior e interior em pele genu\u00edna pele, A Parfait Tote Bag Camur\u00e7a Camel foi desenhada para elevar o seu dia-a-dia de trabalho com estilo e funcionalidade. Com um tamanho de <strong>32 cm de largura por 27 cm de altura<\/strong> e uma bolsa interior extra\u00edvel, \u00e9 a mala perfeita para levar consigo n\u00e3o apenas os objetos do dia-a-dia mas tamb\u00e9m o port\u00e1til, blocos de notas, etc. Torne-a ainda mais perfeita personalizando-a com as suas iniciais.<\/p>\n<p>&nbsp;<\/p>\n","protected":false},"featured_media":14140,"comment_status":"open","ping_status":"closed","template":"","meta":[],"product_brand":[],"product_cat":[79,85],"product_tag":[916,311,915,917,914],"class_list":{"0":"post-14196","1":"product","2":"type-product","3":"status-publish","4":"has-post-thumbnail","6":"product_cat-malas-em-pele","7":"product_cat-malas-tote","8":"product_tag-mala-camurca-camel","9":"product_tag-mala-de-pele","10":"product_tag-mala-tote-camurca","11":"product_tag-mala-tote-camurca-camel","12":"product_tag-tote-bag-camurca","13":"tm-has-options","15":"first","16":"instock","17":"taxable","18":"shipping-taxable","19":"purchasable","20":"product-type-simple"},"_links":{"self":[{"href":"https:\/\/mitibags.com\/pt-pt\/wp-json\/wp\/v2\/product\/14196","targetHints":{"allow":["GET"]}}],"collection":[{"href":"https:\/\/mitibags.com\/pt-pt\/wp-json\/wp\/v2\/product"}],"about":[{"href":"https:\/\/mitibags.com\/pt-pt\/wp-json\/wp\/v2\/types\/product"}],"replies":[{"embeddable":true,"href":"https:\/\/mitibags.com\/pt-pt\/wp-json\/wp\/v2\/comments?post=14196"}],"version-history":[{"count":0,"href":"https:\/\/mitibags.com\/pt-pt\/wp-json\/wp\/v2\/product\/14196\/revisions"}],"wp:featuredmedia":[{"embeddable":true,"href":"https:\/\/mitibags.com\/pt-pt\/wp-json\/wp\/v2\/media\/14140"}],"wp:attachment":[{"href":"https:\/\/mitibags.com\/pt-pt\/wp-json\/wp\/v2\/media?parent=14196"}],"wp:term":[{"taxonomy":"product_brand","embeddable":true,"href":"https:\/\/mitibags.com\/pt-pt\/wp-json\/wp\/v2\/product_brand?post=14196"},{"taxonomy":"product_cat","embeddable":true,"href":"https:\/\/mitibags.com\/pt-pt\/wp-json\/wp\/v2\/product_cat?post=14196"},{"taxonomy":"product_tag","embeddable":true,"href":"https:\/\/mitibags.com\/pt-pt\/wp-json\/wp\/v2\/product_tag?post=14196"}],"curies":[{"name":"wp","href":"https:\/\/api.w.org\/{rel}","templated":true}]}}